{"id":9893,"date":"2018-12-13T20:06:14","date_gmt":"2018-12-13T19:06:14","guid":{"rendered":"https:\/\/123helikoptervluchten.nl\/product\/cadeaubon-helikopter\/"},"modified":"2025-05-02T00:14:55","modified_gmt":"2025-05-01T22:14:55","slug":"voucher-podarunkowy-helikopter","status":"publish","type":"product","link":"https:\/\/123helikoptervluchten.nl\/pl\/bony\/voucher-na-helikopter\/","title":{"rendered":"Voucher \ud83c\udf89"},"excerpt":{"rendered":"<p>Wybierz poni\u017cej, jaka mo\u017ce by\u0107 warto\u015b\u0107 vouchera. Mo\u017cesz sam wymy\u015bli\u0107 t\u0119 kwot\u0119. Po zakupie otrzymasz \u0142adny voucher o wybranej warto\u015bci, z kodem rabatowym i instrukcjami. Nast\u0119pnie mo\u017cesz go wydrukowa\u0107, napisa\u0107 osobist\u0105 wiadomo\u015b\u0107, je\u015bli chcesz, i b\u0119dzie \u0142adnie ozdobiony kilkoma zdj\u0119ciami helikoptera. Voucher jest wa\u017cny przez 1 rok i mo\u017cna go wyda\u0107 w naszym sklepie internetowym na zakup lotu helikopterem lub lekcji lotu helikopterem.<\/p>","protected":false},"featured_media":18625,"template":"","meta":{"_acf_changed":false},"product_brand":[],"product_cat":[34],"product_tag":[],"class_list":{"0":"post-9893","1":"product","2":"type-product","3":"status-publish","4":"has-post-thumbnail","6":"product_cat-waardebonnen","7":"tm-no-options","9":"first","10":"instock","11":"virtual","12":"sold-individually","13":"taxable","14":"purchasable","15":"product-type-simple"},"acf":[],"gallery_images":[],"_links":{"self":[{"href":"https:\/\/123helikoptervluchten.nl\/pl\/wp-json\/wp\/v2\/product\/9893","targetHints":{"allow":["GET"]}}],"collection":[{"href":"https:\/\/123helikoptervluchten.nl\/pl\/wp-json\/wp\/v2\/product"}],"about":[{"href":"https:\/\/123helikoptervluchten.nl\/pl\/wp-json\/wp\/v2\/types\/product"}],"wp:featuredmedia":[{"embeddable":true,"href":"https:\/\/123helikoptervluchten.nl\/pl\/wp-json\/wp\/v2\/media\/18625"}],"wp:attachment":[{"href":"https:\/\/123helikoptervluchten.nl\/pl\/wp-json\/wp\/v2\/media?parent=9893"}],"wp:term":[{"taxonomy":"product_brand","embeddable":true,"href":"https:\/\/123helikoptervluchten.nl\/pl\/wp-json\/wp\/v2\/product_brand?post=9893"},{"taxonomy":"product_cat","embeddable":true,"href":"https:\/\/123helikoptervluchten.nl\/pl\/wp-json\/wp\/v2\/product_cat?post=9893"},{"taxonomy":"product_tag","embeddable":true,"href":"https:\/\/123helikoptervluchten.nl\/pl\/wp-json\/wp\/v2\/product_tag?post=9893"}],"curies":[{"name":"wp","href":"https:\/\/api.w.org\/{rel}","templated":true}]}}