{"id":6411,"date":"2017-03-20T15:43:07","date_gmt":"2017-03-20T14:43:07","guid":{"rendered":"https:\/\/123helikoptervluchten.nl\/product\/helikoptervlucht-groningen\/"},"modified":"2025-05-01T18:49:11","modified_gmt":"2025-05-01T16:49:11","slug":"lot-helikopterem-zaandam","status":"publish","type":"product","link":"https:\/\/123helikoptervluchten.nl\/pl\/lot-helikopterem\/zaandam\/","title":{"rendered":"Lot helikopterem Zaandam"},"excerpt":{"rendered":"<p>Zrobi\u0107 <strong>lot helikopterem Zaandam<\/strong> dla 1-6 os\u00f3b. W pobli\u017cu Zaandam nie ma komercyjnego helikoptera do lot\u00f3w widokowych. St\u0105d miejsce wej\u015bcia na pok\u0142ad <strong>Lotnisko Hilversum<\/strong> jest, aby polecie\u0107 stamt\u0105d do tego miejsca z \u0142adnym lotem widokowym i okolic\u0105, i z powrotem.<\/p>","protected":false},"featured_media":17582,"template":"","meta":{"_acf_changed":false},"product_brand":[],"product_cat":[28],"product_tag":[],"class_list":{"0":"post-6411","1":"product","2":"type-product","3":"status-publish","4":"has-post-thumbnail","6":"product_cat-helikoptervlucht","7":"tm-no-options","9":"first","10":"instock","11":"virtual","12":"taxable","13":"purchasable","14":"product-type-simple"},"acf":[],"gallery_images":[],"_links":{"self":[{"href":"https:\/\/123helikoptervluchten.nl\/pl\/wp-json\/wp\/v2\/product\/6411","targetHints":{"allow":["GET"]}}],"collection":[{"href":"https:\/\/123helikoptervluchten.nl\/pl\/wp-json\/wp\/v2\/product"}],"about":[{"href":"https:\/\/123helikoptervluchten.nl\/pl\/wp-json\/wp\/v2\/types\/product"}],"wp:featuredmedia":[{"embeddable":true,"href":"https:\/\/123helikoptervluchten.nl\/pl\/wp-json\/wp\/v2\/media\/17582"}],"wp:attachment":[{"href":"https:\/\/123helikoptervluchten.nl\/pl\/wp-json\/wp\/v2\/media?parent=6411"}],"wp:term":[{"taxonomy":"product_brand","embeddable":true,"href":"https:\/\/123helikoptervluchten.nl\/pl\/wp-json\/wp\/v2\/product_brand?post=6411"},{"taxonomy":"product_cat","embeddable":true,"href":"https:\/\/123helikoptervluchten.nl\/pl\/wp-json\/wp\/v2\/product_cat?post=6411"},{"taxonomy":"product_tag","embeddable":true,"href":"https:\/\/123helikoptervluchten.nl\/pl\/wp-json\/wp\/v2\/product_tag?post=6411"}],"curies":[{"name":"wp","href":"https:\/\/api.w.org\/{rel}","templated":true}]}}