{"id":6409,"date":"2017-03-20T14:13:37","date_gmt":"2017-03-20T13:13:37","guid":{"rendered":"https:\/\/123helikoptervluchten.nl\/product\/helikoptervlucht-helmondweerteindhoven\/"},"modified":"2025-10-13T13:42:09","modified_gmt":"2025-10-13T11:42:09","slug":"lot-helikopterem-eindhoven","status":"publish","type":"product","link":"https:\/\/123helikoptervluchten.nl\/pl\/lot-helikopterem\/eindhoven\/","title":{"rendered":"Lot helikopterem Eindhoven"},"excerpt":{"rendered":"<p>Zrobi\u0107 <strong>lot helikopterem\u00a0<\/strong><b>Eindhoven<\/b> dla 1-6 os\u00f3b. Najbli\u017csze lokalizacje z wy\u017cywieniem s\u0105 prywatne <strong>heliport Harskamp<\/strong> dla 3-4 pasa\u017cer\u00f3w lub <strong>Lotnisko Hilversum<\/strong> dla 1-2 i 5-6 pasa\u017cer\u00f3w. Lot stamt\u0105d do tego miejsca z \u0142adnym lotem widokowym i okolic\u0105, i z powrotem.<\/p>","protected":false},"featured_media":17504,"template":"","meta":{"_acf_changed":false},"product_brand":[],"product_cat":[28,18],"product_tag":[],"class_list":{"0":"post-6409","1":"product","2":"type-product","3":"status-publish","4":"has-post-thumbnail","6":"product_cat-helikoptervlucht","7":"product_cat-geen-categorie","8":"tm-no-options","10":"first","11":"instock","12":"virtual","13":"taxable","14":"purchasable","15":"product-type-simple"},"acf":[],"gallery_images":[],"_links":{"self":[{"href":"https:\/\/123helikoptervluchten.nl\/pl\/wp-json\/wp\/v2\/product\/6409","targetHints":{"allow":["GET"]}}],"collection":[{"href":"https:\/\/123helikoptervluchten.nl\/pl\/wp-json\/wp\/v2\/product"}],"about":[{"href":"https:\/\/123helikoptervluchten.nl\/pl\/wp-json\/wp\/v2\/types\/product"}],"wp:featuredmedia":[{"embeddable":true,"href":"https:\/\/123helikoptervluchten.nl\/pl\/wp-json\/wp\/v2\/media\/17504"}],"wp:attachment":[{"href":"https:\/\/123helikoptervluchten.nl\/pl\/wp-json\/wp\/v2\/media?parent=6409"}],"wp:term":[{"taxonomy":"product_brand","embeddable":true,"href":"https:\/\/123helikoptervluchten.nl\/pl\/wp-json\/wp\/v2\/product_brand?post=6409"},{"taxonomy":"product_cat","embeddable":true,"href":"https:\/\/123helikoptervluchten.nl\/pl\/wp-json\/wp\/v2\/product_cat?post=6409"},{"taxonomy":"product_tag","embeddable":true,"href":"https:\/\/123helikoptervluchten.nl\/pl\/wp-json\/wp\/v2\/product_tag?post=6409"}],"curies":[{"name":"wp","href":"https:\/\/api.w.org\/{rel}","templated":true}]}}