{"id":6378,"date":"2017-03-10T16:13:19","date_gmt":"2017-03-10T15:13:19","guid":{"rendered":"https:\/\/123helikoptervluchten.nl\/product\/helikoptervlucht-nijmegen\/"},"modified":"2024-05-03T18:23:21","modified_gmt":"2024-05-03T16:23:21","slug":"lot-helikopterem-nijmegen","status":"publish","type":"product","link":"https:\/\/123helikoptervluchten.nl\/pl\/lot-helikopterem\/nijmegen\/","title":{"rendered":"Lot helikopterem Nijmegen"},"excerpt":{"rendered":"<p>Zarezerwowa\u0107 lot helikopterem Nijmegen i zobaczy\u0107 okolice Nijmegen? Jest to mo\u017cliwe dla 4 os\u00f3b podczas 10-minutowego lotu widokowego. Jest to lot prywatny i \u017cadne inne osoby nie wejd\u0105 na pok\u0142ad. Loty odbywaj\u0105 si\u0119 w ustalonych terminach.<\/p>","protected":false},"featured_media":14758,"template":"","meta":{"_acf_changed":false},"product_brand":[],"product_cat":[28],"product_tag":[],"class_list":{"0":"post-6378","1":"product","2":"type-product","3":"status-publish","4":"has-post-thumbnail","6":"product_cat-helikoptervlucht","7":"tm-no-options","9":"first","10":"instock","11":"virtual","12":"taxable","13":"purchasable","14":"product-type-simple"},"acf":[],"gallery_images":[],"_links":{"self":[{"href":"https:\/\/123helikoptervluchten.nl\/pl\/wp-json\/wp\/v2\/product\/6378","targetHints":{"allow":["GET"]}}],"collection":[{"href":"https:\/\/123helikoptervluchten.nl\/pl\/wp-json\/wp\/v2\/product"}],"about":[{"href":"https:\/\/123helikoptervluchten.nl\/pl\/wp-json\/wp\/v2\/types\/product"}],"wp:featuredmedia":[{"embeddable":true,"href":"https:\/\/123helikoptervluchten.nl\/pl\/wp-json\/wp\/v2\/media\/14758"}],"wp:attachment":[{"href":"https:\/\/123helikoptervluchten.nl\/pl\/wp-json\/wp\/v2\/media?parent=6378"}],"wp:term":[{"taxonomy":"product_brand","embeddable":true,"href":"https:\/\/123helikoptervluchten.nl\/pl\/wp-json\/wp\/v2\/product_brand?post=6378"},{"taxonomy":"product_cat","embeddable":true,"href":"https:\/\/123helikoptervluchten.nl\/pl\/wp-json\/wp\/v2\/product_cat?post=6378"},{"taxonomy":"product_tag","embeddable":true,"href":"https:\/\/123helikoptervluchten.nl\/pl\/wp-json\/wp\/v2\/product_tag?post=6378"}],"curies":[{"name":"wp","href":"https:\/\/api.w.org\/{rel}","templated":true}]}}