{"id":6043,"date":"2017-02-09T20:50:09","date_gmt":"2017-02-09T19:50:09","guid":{"rendered":"https:\/\/123helikoptervluchten.nl\/product\/helikoptervlucht-rotterdam\/"},"modified":"2025-06-10T15:59:04","modified_gmt":"2025-06-10T13:59:04","slug":"lot-helikopterem-rotterdam","status":"publish","type":"product","link":"https:\/\/123helikoptervluchten.nl\/pl\/lot-helikopterem\/rotterdam\/","title":{"rendered":"Lot helikopterem Rotterdam"},"excerpt":{"rendered":"<p>Odkryj <strong>Rotterdam<\/strong> z powietrza z unikalnym <strong>lot helikopterem<\/strong>! Idealny dla 1 do 6 os\u00f3b. Poniewa\u017c nie ma dost\u0119pnych komercyjnych helikopter\u00f3w do lot\u00f3w widokowych wok\u00f3\u0142 Rotterdamu, zapraszamy na lotnisko Hilversum. Stamt\u0105d odb\u0119dziemy zapieraj\u0105c\u0105 dech w piersiach wycieczk\u0119 po pi\u0119knym mie\u015bcie Rotterdam i jego okolicach, a nast\u0119pnie wr\u00f3cimy do Hilversum.<\/p>","protected":false},"featured_media":17582,"template":"","meta":{"_acf_changed":false},"product_brand":[],"product_cat":[28,18],"product_tag":[],"class_list":{"0":"post-6043","1":"product","2":"type-product","3":"status-publish","4":"has-post-thumbnail","6":"product_cat-helikoptervlucht","7":"product_cat-geen-categorie","8":"tm-no-options","10":"first","11":"instock","12":"virtual","13":"taxable","14":"purchasable","15":"product-type-simple"},"acf":[],"gallery_images":[],"_links":{"self":[{"href":"https:\/\/123helikoptervluchten.nl\/pl\/wp-json\/wp\/v2\/product\/6043","targetHints":{"allow":["GET"]}}],"collection":[{"href":"https:\/\/123helikoptervluchten.nl\/pl\/wp-json\/wp\/v2\/product"}],"about":[{"href":"https:\/\/123helikoptervluchten.nl\/pl\/wp-json\/wp\/v2\/types\/product"}],"wp:featuredmedia":[{"embeddable":true,"href":"https:\/\/123helikoptervluchten.nl\/pl\/wp-json\/wp\/v2\/media\/17582"}],"wp:attachment":[{"href":"https:\/\/123helikoptervluchten.nl\/pl\/wp-json\/wp\/v2\/media?parent=6043"}],"wp:term":[{"taxonomy":"product_brand","embeddable":true,"href":"https:\/\/123helikoptervluchten.nl\/pl\/wp-json\/wp\/v2\/product_brand?post=6043"},{"taxonomy":"product_cat","embeddable":true,"href":"https:\/\/123helikoptervluchten.nl\/pl\/wp-json\/wp\/v2\/product_cat?post=6043"},{"taxonomy":"product_tag","embeddable":true,"href":"https:\/\/123helikoptervluchten.nl\/pl\/wp-json\/wp\/v2\/product_tag?post=6043"}],"curies":[{"name":"wp","href":"https:\/\/api.w.org\/{rel}","templated":true}]}}