{"id":5904,"date":"2017-01-26T17:52:15","date_gmt":"2017-01-26T17:52:15","guid":{"rendered":"https:\/\/123helikoptervluchten.nl\/product\/helikoptervlucht-amsterdam\/"},"modified":"2025-11-20T11:30:59","modified_gmt":"2025-11-20T10:30:59","slug":"lot-helikopterem-amsterdam","status":"publish","type":"product","link":"https:\/\/123helikoptervluchten.nl\/pl\/lot-helikopterem\/amsterdam\/","title":{"rendered":"Lot helikopterem Amsterdam"},"excerpt":{"rendered":"<p>Lot helikopterem nad Amsterdamem lub w jego pobli\u017cu dla 1-6 os\u00f3b? Jest to mo\u017cliwe 7 dni w tygodniu. Miejscem odbioru jest lotnisko Hilversum. Jest ono centralnie po\u0142o\u017cone, najbardziej ekonomiczne i elastyczne.<\/p>","protected":false},"featured_media":17504,"template":"","meta":{"_acf_changed":false},"product_brand":[],"product_cat":[28],"product_tag":[],"class_list":{"0":"post-5904","1":"product","2":"type-product","3":"status-publish","4":"has-post-thumbnail","6":"product_cat-helikoptervlucht","7":"tm-no-options","9":"first","10":"instock","11":"virtual","12":"taxable","13":"purchasable","14":"product-type-simple"},"acf":[],"gallery_images":[17444,17445,17446,17582],"_links":{"self":[{"href":"https:\/\/123helikoptervluchten.nl\/pl\/wp-json\/wp\/v2\/product\/5904","targetHints":{"allow":["GET"]}}],"collection":[{"href":"https:\/\/123helikoptervluchten.nl\/pl\/wp-json\/wp\/v2\/product"}],"about":[{"href":"https:\/\/123helikoptervluchten.nl\/pl\/wp-json\/wp\/v2\/types\/product"}],"wp:featuredmedia":[{"embeddable":true,"href":"https:\/\/123helikoptervluchten.nl\/pl\/wp-json\/wp\/v2\/media\/17504"}],"wp:attachment":[{"href":"https:\/\/123helikoptervluchten.nl\/pl\/wp-json\/wp\/v2\/media?parent=5904"}],"wp:term":[{"taxonomy":"product_brand","embeddable":true,"href":"https:\/\/123helikoptervluchten.nl\/pl\/wp-json\/wp\/v2\/product_brand?post=5904"},{"taxonomy":"product_cat","embeddable":true,"href":"https:\/\/123helikoptervluchten.nl\/pl\/wp-json\/wp\/v2\/product_cat?post=5904"},{"taxonomy":"product_tag","embeddable":true,"href":"https:\/\/123helikoptervluchten.nl\/pl\/wp-json\/wp\/v2\/product_tag?post=5904"}],"curies":[{"name":"wp","href":"https:\/\/api.w.org\/{rel}","templated":true}]}}