{"id":20750,"date":"2025-08-19T16:37:41","date_gmt":"2025-08-19T14:37:41","guid":{"rendered":"https:\/\/123helikoptervluchten.nl\/?post_type=product&#038;p=20750"},"modified":"2025-08-19T18:05:19","modified_gmt":"2025-08-19T16:05:19","slug":"lot-helikopterem-dakar","status":"publish","type":"product","link":"https:\/\/123helikoptervluchten.nl\/pl\/lot-helikopterem\/dakar\/","title":{"rendered":"Lot helikopterem Dakar"},"excerpt":{"rendered":"<p>Wybierz niezapomniany <strong data-start=\"122\" data-end=\"148\" data-is-only-node=\"\">lot helikopterem Dakar<\/strong>luksusowy transfer do <strong data-start=\"173\" data-end=\"181\">Saly<\/strong> lub na wy\u0142\u0105czno\u015b\u0107 <strong data-start=\"200\" data-end=\"218\">Dakar Sky Tour<\/strong>. Z <strong data-start=\"227\" data-end=\"247\">\u015amig\u0142owiec AS350<\/strong> (5 pasa\u017cer\u00f3w) ciesz\u0105 si\u0119 szybko\u015bci\u0105 i komfortem, idealne do lot\u00f3w widokowych lub transfer\u00f3w VIP z <strong data-start=\"347\" data-end=\"386\">Mi\u0119dzynarodowy port lotniczy Blaise Diagne<\/strong>. Wprowad\u017a swoje preferencje, a my poinformujemy Ci\u0119, gdy tylko loty helikopterem stan\u0105 si\u0119 ponownie dost\u0119pne.<\/p>","protected":false},"featured_media":0,"template":"","meta":{"_acf_changed":false},"product_brand":[],"product_cat":[28],"product_tag":[],"class_list":{"0":"post-20750","1":"product","2":"type-product","3":"status-publish","5":"product_cat-helikoptervlucht","6":"tm-no-options","8":"first","9":"instock","10":"virtual","11":"taxable","12":"purchasable","13":"product-type-simple"},"acf":[],"gallery_images":[14710],"_links":{"self":[{"href":"https:\/\/123helikoptervluchten.nl\/pl\/wp-json\/wp\/v2\/product\/20750","targetHints":{"allow":["GET"]}}],"collection":[{"href":"https:\/\/123helikoptervluchten.nl\/pl\/wp-json\/wp\/v2\/product"}],"about":[{"href":"https:\/\/123helikoptervluchten.nl\/pl\/wp-json\/wp\/v2\/types\/product"}],"wp:attachment":[{"href":"https:\/\/123helikoptervluchten.nl\/pl\/wp-json\/wp\/v2\/media?parent=20750"}],"wp:term":[{"taxonomy":"product_brand","embeddable":true,"href":"https:\/\/123helikoptervluchten.nl\/pl\/wp-json\/wp\/v2\/product_brand?post=20750"},{"taxonomy":"product_cat","embeddable":true,"href":"https:\/\/123helikoptervluchten.nl\/pl\/wp-json\/wp\/v2\/product_cat?post=20750"},{"taxonomy":"product_tag","embeddable":true,"href":"https:\/\/123helikoptervluchten.nl\/pl\/wp-json\/wp\/v2\/product_tag?post=20750"}],"curies":[{"name":"wp","href":"https:\/\/api.w.org\/{rel}","templated":true}]}}