{"id":20584,"date":"2025-08-01T15:49:25","date_gmt":"2025-08-01T13:49:25","guid":{"rendered":"https:\/\/123helikoptervluchten.nl\/?post_type=product&#038;p=20584"},"modified":"2025-11-20T16:31:29","modified_gmt":"2025-11-20T15:31:29","slug":"ulepszenie-lotu-o-30-minut","status":"publish","type":"product","link":"https:\/\/123helikoptervluchten.nl\/pl\/lot-helikopterem\/30-minutowe-ulepszenie-2-pasazer\/","title":{"rendered":"Ulepszenie lotu o 30 minut"},"excerpt":{"rendered":"<h3><strong>Wsp\u00f3lny lot w przestworza? <span class=\"blink\" style=\"color: #2644a1;\">Uaktualnij teraz!<\/span><\/strong><\/h3>\n<p><br data-start=\"103\" data-end=\"106\" \/>Ulepsz sw\u00f3j lot helikopterem z 1 do 2 pasa\u017cer\u00f3w i ciesz si\u0119 30-minutowym prywatnym lotem nad Hilversum. Zarezerwuj ulepszenie ju\u017c teraz i podziel si\u0119 t\u0105 wyj\u0105tkow\u0105 przygod\u0105!<\/p>\n<p><strong data-start=\"302\" data-end=\"313\">Uwaga:<\/strong> ca\u0142kowita waga obu pasa\u017cer\u00f3w nie mo\u017ce przekracza\u0107 <strong data-start=\"371\" data-end=\"381\">180 kg<\/strong> coming out.<\/p>","protected":false},"featured_media":17504,"template":"","meta":{"_acf_changed":false},"product_brand":[],"product_cat":[28],"product_tag":[],"class_list":{"0":"post-20584","1":"product","2":"type-product","3":"status-publish","4":"has-post-thumbnail","6":"product_cat-helikoptervlucht","7":"tm-has-options","9":"first","10":"instock","11":"virtual","12":"sold-individually","13":"taxable","14":"purchasable","15":"product-type-simple"},"acf":[],"gallery_images":[],"_links":{"self":[{"href":"https:\/\/123helikoptervluchten.nl\/pl\/wp-json\/wp\/v2\/product\/20584","targetHints":{"allow":["GET"]}}],"collection":[{"href":"https:\/\/123helikoptervluchten.nl\/pl\/wp-json\/wp\/v2\/product"}],"about":[{"href":"https:\/\/123helikoptervluchten.nl\/pl\/wp-json\/wp\/v2\/types\/product"}],"wp:featuredmedia":[{"embeddable":true,"href":"https:\/\/123helikoptervluchten.nl\/pl\/wp-json\/wp\/v2\/media\/17504"}],"wp:attachment":[{"href":"https:\/\/123helikoptervluchten.nl\/pl\/wp-json\/wp\/v2\/media?parent=20584"}],"wp:term":[{"taxonomy":"product_brand","embeddable":true,"href":"https:\/\/123helikoptervluchten.nl\/pl\/wp-json\/wp\/v2\/product_brand?post=20584"},{"taxonomy":"product_cat","embeddable":true,"href":"https:\/\/123helikoptervluchten.nl\/pl\/wp-json\/wp\/v2\/product_cat?post=20584"},{"taxonomy":"product_tag","embeddable":true,"href":"https:\/\/123helikoptervluchten.nl\/pl\/wp-json\/wp\/v2\/product_tag?post=20584"}],"curies":[{"name":"wp","href":"https:\/\/api.w.org\/{rel}","templated":true}]}}