{"id":19125,"date":"2023-12-13T12:27:54","date_gmt":"2023-12-13T11:27:54","guid":{"rendered":"https:\/\/123helikoptervluchten.nl\/?post_type=product&#038;p=19125"},"modified":"2025-02-24T12:23:08","modified_gmt":"2025-02-24T11:23:08","slug":"annuleringsverzekering","status":"publish","type":"product","link":"https:\/\/123helikoptervluchten.nl\/pl\/annuleringsverzekering\/","title":{"rendered":"Ubezpieczenie od koszt\u00f3w rezygnacji"},"excerpt":{"rendered":"<h3><strong>Nie dodano jeszcze ubezpieczenia od rezygnacji? <span class=\"blink\" style=\"color: #2644a1;\">Ostatnia szansa!<\/span><\/strong><\/h3>\n<p>&nbsp;<\/p>\n<p><strong>Zachowaj elastyczno\u015b\u0107, zarezerwuj ochron\u0119!<\/strong><br \/>\nDodaj ubezpieczenie od koszt\u00f3w rezygnacji teraz za jedyne <strong>\u20ac25,-<\/strong> (z <strong>\u20ac35,-<\/strong>) i upewnij si\u0119, \u017ce mo\u017cesz dokona\u0107 zmian do 48 godzin przed lotem.<\/p>\n<p><strong>Voucher zarezerwowany?<\/strong> Ubezpieczenie od koszt\u00f3w rezygnacji to nie tylko prezent, ale tak\u017ce bezpiecze\u0144stwo i elastyczno\u015b\u0107 dla odbiorcy. Bez ubezpieczenia lot nie mo\u017ce zosta\u0107 prze\u0142o\u017cony na inny termin w przypadku nie pojawienia si\u0119 odbiorcy, wi\u0119c prezent nie mo\u017ce zosta\u0107 wykorzystany.<\/p>","protected":false},"featured_media":19127,"template":"","meta":{"_acf_changed":false},"product_brand":[],"product_cat":[50],"product_tag":[],"class_list":{"0":"post-19125","1":"product","2":"type-product","3":"status-publish","4":"has-post-thumbnail","6":"product_cat-verzekering","7":"tm-has-options","9":"first","10":"instock","11":"virtual","12":"sold-individually","13":"taxable","14":"purchasable","15":"product-type-simple"},"acf":[],"gallery_images":[],"_links":{"self":[{"href":"https:\/\/123helikoptervluchten.nl\/pl\/wp-json\/wp\/v2\/product\/19125","targetHints":{"allow":["GET"]}}],"collection":[{"href":"https:\/\/123helikoptervluchten.nl\/pl\/wp-json\/wp\/v2\/product"}],"about":[{"href":"https:\/\/123helikoptervluchten.nl\/pl\/wp-json\/wp\/v2\/types\/product"}],"wp:featuredmedia":[{"embeddable":true,"href":"https:\/\/123helikoptervluchten.nl\/pl\/wp-json\/wp\/v2\/media\/19127"}],"wp:attachment":[{"href":"https:\/\/123helikoptervluchten.nl\/pl\/wp-json\/wp\/v2\/media?parent=19125"}],"wp:term":[{"taxonomy":"product_brand","embeddable":true,"href":"https:\/\/123helikoptervluchten.nl\/pl\/wp-json\/wp\/v2\/product_brand?post=19125"},{"taxonomy":"product_cat","embeddable":true,"href":"https:\/\/123helikoptervluchten.nl\/pl\/wp-json\/wp\/v2\/product_cat?post=19125"},{"taxonomy":"product_tag","embeddable":true,"href":"https:\/\/123helikoptervluchten.nl\/pl\/wp-json\/wp\/v2\/product_tag?post=19125"}],"curies":[{"name":"wp","href":"https:\/\/api.w.org\/{rel}","templated":true}]}}