{"id":18895,"date":"2023-09-13T13:34:26","date_gmt":"2023-09-13T11:34:26","guid":{"rendered":"https:\/\/123helikoptervluchten.nl\/?post_type=product&#038;p=18895"},"modified":"2025-05-02T00:11:26","modified_gmt":"2025-05-01T22:11:26","slug":"waardebon-bepaal-zelf-het-bedrag","status":"publish","type":"product","link":"https:\/\/123helikoptervluchten.nl\/pl\/bony\/wybierz-wlasna-kwote\/","title":{"rendered":"Voucher \ud83c\udf89 - Zdefiniuj kwot\u0119 samodzielnie"},"excerpt":{"rendered":"<p>Wybierz poni\u017cej warto\u015b\u0107 bonu. Po dokonaniu zakupu otrzymasz \u0142adny voucher o wybranej warto\u015bci, z kodem rabatowym i instrukcjami. Nast\u0119pnie mo\u017cesz go wydrukowa\u0107, napisa\u0107 osobist\u0105 wiadomo\u015b\u0107, je\u015bli chcesz, a zostanie on \u0142adnie ozdobiony kilkoma zdj\u0119ciami helikoptera. Voucher jest wa\u017cny przez 1 rok i mo\u017cna go wyda\u0107 w naszym sklepie internetowym na zakup lotu helikopterem lub lekcji lotu helikopterem.<\/p>","protected":false},"featured_media":18625,"template":"","meta":{"_acf_changed":false},"product_brand":[],"product_cat":[34],"product_tag":[],"class_list":{"0":"post-18895","1":"product","2":"type-product","3":"status-publish","4":"has-post-thumbnail","6":"product_cat-waardebonnen","7":"tm-no-options","9":"first","10":"instock","11":"virtual","12":"sold-individually","13":"taxable","14":"purchasable","15":"product-type-simple"},"acf":[],"gallery_images":[],"_links":{"self":[{"href":"https:\/\/123helikoptervluchten.nl\/pl\/wp-json\/wp\/v2\/product\/18895","targetHints":{"allow":["GET"]}}],"collection":[{"href":"https:\/\/123helikoptervluchten.nl\/pl\/wp-json\/wp\/v2\/product"}],"about":[{"href":"https:\/\/123helikoptervluchten.nl\/pl\/wp-json\/wp\/v2\/types\/product"}],"wp:featuredmedia":[{"embeddable":true,"href":"https:\/\/123helikoptervluchten.nl\/pl\/wp-json\/wp\/v2\/media\/18625"}],"wp:attachment":[{"href":"https:\/\/123helikoptervluchten.nl\/pl\/wp-json\/wp\/v2\/media?parent=18895"}],"wp:term":[{"taxonomy":"product_brand","embeddable":true,"href":"https:\/\/123helikoptervluchten.nl\/pl\/wp-json\/wp\/v2\/product_brand?post=18895"},{"taxonomy":"product_cat","embeddable":true,"href":"https:\/\/123helikoptervluchten.nl\/pl\/wp-json\/wp\/v2\/product_cat?post=18895"},{"taxonomy":"product_tag","embeddable":true,"href":"https:\/\/123helikoptervluchten.nl\/pl\/wp-json\/wp\/v2\/product_tag?post=18895"}],"curies":[{"name":"wp","href":"https:\/\/api.w.org\/{rel}","templated":true}]}}