{"id":18503,"date":"2023-04-22T21:05:56","date_gmt":"2023-04-22T19:05:56","guid":{"rendered":"https:\/\/123helikoptervluchten.nl\/?post_type=product&#038;p=18503"},"modified":"2026-03-30T13:09:05","modified_gmt":"2026-03-30T11:09:05","slug":"helikoptervlucht-harskamp-2","status":"publish","type":"product","link":"https:\/\/123helikoptervluchten.nl\/pl\/lot-helikopterem\/harskamp\/","title":{"rendered":"Lot helikopterem Harskamp"},"excerpt":{"rendered":"<p>Lot helikopterem z prywatnego heliportu Harskamp. Jest to mo\u017cliwe dla 2, 3, 4 lub 5 os\u00f3b. Wybierz si\u0119 na pi\u0119kn\u0105 wycieczk\u0119 helikopterem nad Veluwe.<\/p>","protected":false},"featured_media":18496,"template":"","meta":{"_acf_changed":false},"product_brand":[],"product_cat":[28,18],"product_tag":[],"class_list":{"0":"post-18503","1":"product","2":"type-product","3":"status-publish","4":"has-post-thumbnail","6":"product_cat-helikoptervlucht","7":"product_cat-geen-categorie","8":"tm-no-options","10":"first","11":"instock","12":"virtual","13":"taxable","14":"purchasable","15":"product-type-simple"},"acf":[],"gallery_images":[18497,18495,14787,14708,20205],"_links":{"self":[{"href":"https:\/\/123helikoptervluchten.nl\/pl\/wp-json\/wp\/v2\/product\/18503","targetHints":{"allow":["GET"]}}],"collection":[{"href":"https:\/\/123helikoptervluchten.nl\/pl\/wp-json\/wp\/v2\/product"}],"about":[{"href":"https:\/\/123helikoptervluchten.nl\/pl\/wp-json\/wp\/v2\/types\/product"}],"wp:featuredmedia":[{"embeddable":true,"href":"https:\/\/123helikoptervluchten.nl\/pl\/wp-json\/wp\/v2\/media\/18496"}],"wp:attachment":[{"href":"https:\/\/123helikoptervluchten.nl\/pl\/wp-json\/wp\/v2\/media?parent=18503"}],"wp:term":[{"taxonomy":"product_brand","embeddable":true,"href":"https:\/\/123helikoptervluchten.nl\/pl\/wp-json\/wp\/v2\/product_brand?post=18503"},{"taxonomy":"product_cat","embeddable":true,"href":"https:\/\/123helikoptervluchten.nl\/pl\/wp-json\/wp\/v2\/product_cat?post=18503"},{"taxonomy":"product_tag","embeddable":true,"href":"https:\/\/123helikoptervluchten.nl\/pl\/wp-json\/wp\/v2\/product_tag?post=18503"}],"curies":[{"name":"wp","href":"https:\/\/api.w.org\/{rel}","templated":true}]}}