{"id":18494,"date":"2023-04-21T19:30:22","date_gmt":"2023-04-21T17:30:22","guid":{"rendered":"https:\/\/123helikoptervluchten.nl\/?post_type=product&#038;p=18494"},"modified":"2025-05-01T17:08:32","modified_gmt":"2025-05-01T15:08:32","slug":"helikopterles-harskamp","status":"publish","type":"product","link":"https:\/\/123helikoptervluchten.nl\/pl\/lekcja-helikoptera\/harskamp\/","title":{"rendered":"Lekcja z helikopterem Harskamp"},"excerpt":{"rendered":"<p>Zarezerwuj lekcj\u0119 pr\u00f3bn\u0105 w heliporcie Harskamp. Mo\u017cna to zrobi\u0107 samodzielnie lub z pasa\u017cerami. Ale uwaga, samodzielne latanie uzale\u017cnia! \u015awietnie nadaje si\u0119 r\u00f3wnie\u017c na prezent. Ta lokalizacja jest dost\u0119pna codziennie z wyj\u0105tkiem niedziel.<\/p>","protected":false},"featured_media":18495,"template":"","meta":{"_acf_changed":false},"product_brand":[],"product_cat":[18,29],"product_tag":[],"class_list":{"0":"post-18494","1":"product","2":"type-product","3":"status-publish","4":"has-post-thumbnail","6":"product_cat-geen-categorie","7":"product_cat-helikopterles","8":"tm-no-options","10":"first","11":"instock","12":"virtual","13":"taxable","14":"purchasable","15":"product-type-simple"},"acf":[],"gallery_images":[18495,18496,18497,13107],"_links":{"self":[{"href":"https:\/\/123helikoptervluchten.nl\/pl\/wp-json\/wp\/v2\/product\/18494","targetHints":{"allow":["GET"]}}],"collection":[{"href":"https:\/\/123helikoptervluchten.nl\/pl\/wp-json\/wp\/v2\/product"}],"about":[{"href":"https:\/\/123helikoptervluchten.nl\/pl\/wp-json\/wp\/v2\/types\/product"}],"wp:featuredmedia":[{"embeddable":true,"href":"https:\/\/123helikoptervluchten.nl\/pl\/wp-json\/wp\/v2\/media\/18495"}],"wp:attachment":[{"href":"https:\/\/123helikoptervluchten.nl\/pl\/wp-json\/wp\/v2\/media?parent=18494"}],"wp:term":[{"taxonomy":"product_brand","embeddable":true,"href":"https:\/\/123helikoptervluchten.nl\/pl\/wp-json\/wp\/v2\/product_brand?post=18494"},{"taxonomy":"product_cat","embeddable":true,"href":"https:\/\/123helikoptervluchten.nl\/pl\/wp-json\/wp\/v2\/product_cat?post=18494"},{"taxonomy":"product_tag","embeddable":true,"href":"https:\/\/123helikoptervluchten.nl\/pl\/wp-json\/wp\/v2\/product_tag?post=18494"}],"curies":[{"name":"wp","href":"https:\/\/api.w.org\/{rel}","templated":true}]}}