{"id":18328,"date":"2023-02-12T17:23:43","date_gmt":"2023-02-12T16:23:43","guid":{"rendered":"https:\/\/123helikoptervluchten.nl\/?post_type=product&#038;p=18328"},"modified":"2023-02-12T22:08:10","modified_gmt":"2023-02-12T21:08:10","slug":"klub-golfowy-northwijk-helikopterem","status":"publish","type":"product","link":"https:\/\/123helikoptervluchten.nl\/pl\/trasa\/klub-golfowy-noordwijk-helikopter\/","title":{"rendered":"Klub golfowy Noordwijk helikopterem"},"excerpt":{"rendered":"<p>Za luksus\u00a0<strong>helikopter<\/strong> do <strong>Klub golfowy Noordwijk<\/strong> w Noordwijk? Latamy 7 dni w tygodniu. Wydajny transport, oszcz\u0119dno\u015b\u0107 czasu i <strong>przyjd\u017a wypocz\u0119ty<\/strong> do golfa.<\/p>","protected":false},"featured_media":17582,"template":"","meta":{"_acf_changed":false},"product_brand":[],"product_cat":[43],"product_tag":[],"class_list":{"0":"post-18328","1":"product","2":"type-product","3":"status-publish","4":"has-post-thumbnail","6":"product_cat-tour","7":"tm-no-options","9":"first","10":"instock","11":"virtual","12":"taxable","13":"purchasable","14":"product-type-simple"},"acf":[],"gallery_images":[17578],"_links":{"self":[{"href":"https:\/\/123helikoptervluchten.nl\/pl\/wp-json\/wp\/v2\/product\/18328","targetHints":{"allow":["GET"]}}],"collection":[{"href":"https:\/\/123helikoptervluchten.nl\/pl\/wp-json\/wp\/v2\/product"}],"about":[{"href":"https:\/\/123helikoptervluchten.nl\/pl\/wp-json\/wp\/v2\/types\/product"}],"wp:featuredmedia":[{"embeddable":true,"href":"https:\/\/123helikoptervluchten.nl\/pl\/wp-json\/wp\/v2\/media\/17582"}],"wp:attachment":[{"href":"https:\/\/123helikoptervluchten.nl\/pl\/wp-json\/wp\/v2\/media?parent=18328"}],"wp:term":[{"taxonomy":"product_brand","embeddable":true,"href":"https:\/\/123helikoptervluchten.nl\/pl\/wp-json\/wp\/v2\/product_brand?post=18328"},{"taxonomy":"product_cat","embeddable":true,"href":"https:\/\/123helikoptervluchten.nl\/pl\/wp-json\/wp\/v2\/product_cat?post=18328"},{"taxonomy":"product_tag","embeddable":true,"href":"https:\/\/123helikoptervluchten.nl\/pl\/wp-json\/wp\/v2\/product_tag?post=18328"}],"curies":[{"name":"wp","href":"https:\/\/api.w.org\/{rel}","templated":true}]}}