{"id":18273,"date":"2023-02-05T18:39:06","date_gmt":"2023-02-05T17:39:06","guid":{"rendered":"https:\/\/123helikoptervluchten.nl\/?post_type=product&#038;p=18273"},"modified":"2023-12-10T13:23:08","modified_gmt":"2023-12-10T12:23:08","slug":"helikopterem-do-bernard-golf","status":"publish","type":"product","link":"https:\/\/123helikoptervluchten.nl\/pl\/trasa\/pole-golfowe-bernardus\/","title":{"rendered":"Bernardus Golf helikopterem"},"excerpt":{"rendered":"<p>Za luksusowego VIP-a <strong>helikopter<\/strong> dla 1-6 os\u00f3b do <strong>Bernardus Golf<\/strong> w Cromvoirt? Latamy 7 dni w tygodniu. Wydajny transport, oszcz\u0119dno\u015b\u0107 czasu podr\u00f3\u017cy i <strong>przyjd\u017a wypocz\u0119ty<\/strong> do golfa.<\/p>","protected":false},"featured_media":17582,"template":"","meta":{"_acf_changed":false},"product_brand":[],"product_cat":[43],"product_tag":[],"class_list":{"0":"post-18273","1":"product","2":"type-product","3":"status-publish","4":"has-post-thumbnail","6":"product_cat-tour","7":"tm-no-options","9":"first","10":"instock","11":"virtual","12":"taxable","13":"purchasable","14":"product-type-simple"},"acf":[],"gallery_images":[17578,19119],"_links":{"self":[{"href":"https:\/\/123helikoptervluchten.nl\/pl\/wp-json\/wp\/v2\/product\/18273","targetHints":{"allow":["GET"]}}],"collection":[{"href":"https:\/\/123helikoptervluchten.nl\/pl\/wp-json\/wp\/v2\/product"}],"about":[{"href":"https:\/\/123helikoptervluchten.nl\/pl\/wp-json\/wp\/v2\/types\/product"}],"wp:featuredmedia":[{"embeddable":true,"href":"https:\/\/123helikoptervluchten.nl\/pl\/wp-json\/wp\/v2\/media\/17582"}],"wp:attachment":[{"href":"https:\/\/123helikoptervluchten.nl\/pl\/wp-json\/wp\/v2\/media?parent=18273"}],"wp:term":[{"taxonomy":"product_brand","embeddable":true,"href":"https:\/\/123helikoptervluchten.nl\/pl\/wp-json\/wp\/v2\/product_brand?post=18273"},{"taxonomy":"product_cat","embeddable":true,"href":"https:\/\/123helikoptervluchten.nl\/pl\/wp-json\/wp\/v2\/product_cat?post=18273"},{"taxonomy":"product_tag","embeddable":true,"href":"https:\/\/123helikoptervluchten.nl\/pl\/wp-json\/wp\/v2\/product_tag?post=18273"}],"curies":[{"name":"wp","href":"https:\/\/api.w.org\/{rel}","templated":true}]}}