{"id":18155,"date":"2022-11-01T09:42:22","date_gmt":"2022-11-01T08:42:22","guid":{"rendered":"https:\/\/123helikoptervluchten.nl\/?post_type=product&#038;p=18155"},"modified":"2024-05-05T18:28:28","modified_gmt":"2024-05-05T16:28:28","slug":"lot-helikopterem-nowy-jork","status":"publish","type":"product","link":"https:\/\/123helikoptervluchten.nl\/pl\/lot-helikopterem\/nowy-jork\/","title":{"rendered":"Lot helikopterem Nowy Jork"},"excerpt":{"rendered":"<p>Zarezerwuj lot helikopterem Nowy Jork przed odlotem, aby mie\u0107 pewno\u015b\u0107 miejsca i zaoszcz\u0119dzi\u0107 czas na wakacjach. Sprawd\u017a szybko dost\u0119pne opcje i zarezerwuj bezpiecznie online!<\/p>\n<p>Wszystkie s\u0142ynne obiekty przechodz\u0105 obok, od Empire State Building, Statuy Wolno\u015bci, Central Parku po Yankee Stadium.<\/p>\n<ul class=\"ul_green\">\n<li>Bezpiecze\u0144stwo<\/li>\n<li>Oszcz\u0119dno\u015b\u0107 czasu<\/li>\n<li>Niezawodny partner<\/li>\n<li>Wystartuje r\u00f3wnie\u017c z New Jersey<\/li>\n<\/ul>","protected":false},"featured_media":18156,"template":"","meta":{"_acf_changed":false},"product_brand":[],"product_cat":[28],"product_tag":[],"class_list":{"0":"post-18155","1":"product","2":"type-product","3":"status-publish","4":"has-post-thumbnail","6":"product_cat-helikoptervlucht","7":"tm-no-options","9":"first","10":"instock","11":"taxable","12":"shipping-taxable","13":"product-type-external"},"acf":[],"gallery_images":[18158,18165,18159,18160,18157],"_links":{"self":[{"href":"https:\/\/123helikoptervluchten.nl\/pl\/wp-json\/wp\/v2\/product\/18155","targetHints":{"allow":["GET"]}}],"collection":[{"href":"https:\/\/123helikoptervluchten.nl\/pl\/wp-json\/wp\/v2\/product"}],"about":[{"href":"https:\/\/123helikoptervluchten.nl\/pl\/wp-json\/wp\/v2\/types\/product"}],"wp:featuredmedia":[{"embeddable":true,"href":"https:\/\/123helikoptervluchten.nl\/pl\/wp-json\/wp\/v2\/media\/18156"}],"wp:attachment":[{"href":"https:\/\/123helikoptervluchten.nl\/pl\/wp-json\/wp\/v2\/media?parent=18155"}],"wp:term":[{"taxonomy":"product_brand","embeddable":true,"href":"https:\/\/123helikoptervluchten.nl\/pl\/wp-json\/wp\/v2\/product_brand?post=18155"},{"taxonomy":"product_cat","embeddable":true,"href":"https:\/\/123helikoptervluchten.nl\/pl\/wp-json\/wp\/v2\/product_cat?post=18155"},{"taxonomy":"product_tag","embeddable":true,"href":"https:\/\/123helikoptervluchten.nl\/pl\/wp-json\/wp\/v2\/product_tag?post=18155"}],"curies":[{"name":"wp","href":"https:\/\/api.w.org\/{rel}","templated":true}]}}