{"id":17927,"date":"2022-07-08T13:04:49","date_gmt":"2022-07-08T11:04:49","guid":{"rendered":"https:\/\/123helikoptervluchten.nl\/?post_type=product&#038;p=17927"},"modified":"2025-05-01T17:08:53","modified_gmt":"2025-05-01T15:08:53","slug":"lekcja-helikoptera-emmen","status":"publish","type":"product","link":"https:\/\/123helikoptervluchten.nl\/pl\/lekcja-helikoptera\/emmen\/","title":{"rendered":"Lekcja \u015bmig\u0142owca Emmen"},"excerpt":{"rendered":"<p>We\u017a pr\u00f3bn\u0105 lekcj\u0119 helikoptera w Emmen. Najpierw otrzymasz 30 minut teorii, podstawy latania helikopterem, a nast\u0119pnie, wraz z instruktorem, b\u0119dziesz lata\u0107 helikopterem przez 30 lub 45 minut!<\/p>","protected":false},"featured_media":14756,"template":"","meta":{"_acf_changed":false},"product_brand":[],"product_cat":[18,29],"product_tag":[],"class_list":{"0":"post-17927","1":"product","2":"type-product","3":"status-publish","4":"has-post-thumbnail","6":"product_cat-geen-categorie","7":"product_cat-helikopterles","8":"tm-has-options","10":"first","11":"instock","12":"virtual","13":"taxable","14":"purchasable","15":"product-type-simple"},"acf":[],"gallery_images":[],"_links":{"self":[{"href":"https:\/\/123helikoptervluchten.nl\/pl\/wp-json\/wp\/v2\/product\/17927","targetHints":{"allow":["GET"]}}],"collection":[{"href":"https:\/\/123helikoptervluchten.nl\/pl\/wp-json\/wp\/v2\/product"}],"about":[{"href":"https:\/\/123helikoptervluchten.nl\/pl\/wp-json\/wp\/v2\/types\/product"}],"wp:featuredmedia":[{"embeddable":true,"href":"https:\/\/123helikoptervluchten.nl\/pl\/wp-json\/wp\/v2\/media\/14756"}],"wp:attachment":[{"href":"https:\/\/123helikoptervluchten.nl\/pl\/wp-json\/wp\/v2\/media?parent=17927"}],"wp:term":[{"taxonomy":"product_brand","embeddable":true,"href":"https:\/\/123helikoptervluchten.nl\/pl\/wp-json\/wp\/v2\/product_brand?post=17927"},{"taxonomy":"product_cat","embeddable":true,"href":"https:\/\/123helikoptervluchten.nl\/pl\/wp-json\/wp\/v2\/product_cat?post=17927"},{"taxonomy":"product_tag","embeddable":true,"href":"https:\/\/123helikoptervluchten.nl\/pl\/wp-json\/wp\/v2\/product_tag?post=17927"}],"curies":[{"name":"wp","href":"https:\/\/api.w.org\/{rel}","templated":true}]}}