{"id":17497,"date":"2022-03-25T14:39:50","date_gmt":"2022-03-25T13:39:50","guid":{"rendered":"https:\/\/123helikoptervluchten.nl\/?post_type=product&#038;p=17497"},"modified":"2026-04-01T14:16:31","modified_gmt":"2026-04-01T12:16:31","slug":"lot-helikopterem-2-osoby","status":"publish","type":"product","link":"https:\/\/123helikoptervluchten.nl\/pl\/lot-helikopterem\/2-osoby\/","title":{"rendered":"Lot helikopterem dla 2 os\u00f3b"},"excerpt":{"rendered":"<p>Ten lot helikopterem dla 2 os\u00f3b w Holandii jest dost\u0119pny w nast\u0119puj\u0105cych lokalizacjach: Hilversum, Emmen i Lelystad. W zale\u017cno\u015bci od lokalizacji mo\u017cna lata\u0107 2-3 dni w miesi\u0105cu, dost\u0119pne daty mo\u017cna znale\u017a\u0107 w kalendarzu.<\/p>","protected":false},"featured_media":17504,"template":"","meta":{"_acf_changed":false},"product_brand":[],"product_cat":[28],"product_tag":[],"class_list":{"0":"post-17497","1":"product","2":"type-product","3":"status-publish","4":"has-post-thumbnail","6":"product_cat-helikoptervlucht","7":"tm-no-options","9":"first","10":"instock","11":"virtual","12":"taxable","13":"purchasable","14":"product-type-simple"},"acf":[],"gallery_images":[],"_links":{"self":[{"href":"https:\/\/123helikoptervluchten.nl\/pl\/wp-json\/wp\/v2\/product\/17497","targetHints":{"allow":["GET"]}}],"collection":[{"href":"https:\/\/123helikoptervluchten.nl\/pl\/wp-json\/wp\/v2\/product"}],"about":[{"href":"https:\/\/123helikoptervluchten.nl\/pl\/wp-json\/wp\/v2\/types\/product"}],"wp:featuredmedia":[{"embeddable":true,"href":"https:\/\/123helikoptervluchten.nl\/pl\/wp-json\/wp\/v2\/media\/17504"}],"wp:attachment":[{"href":"https:\/\/123helikoptervluchten.nl\/pl\/wp-json\/wp\/v2\/media?parent=17497"}],"wp:term":[{"taxonomy":"product_brand","embeddable":true,"href":"https:\/\/123helikoptervluchten.nl\/pl\/wp-json\/wp\/v2\/product_brand?post=17497"},{"taxonomy":"product_cat","embeddable":true,"href":"https:\/\/123helikoptervluchten.nl\/pl\/wp-json\/wp\/v2\/product_cat?post=17497"},{"taxonomy":"product_tag","embeddable":true,"href":"https:\/\/123helikoptervluchten.nl\/pl\/wp-json\/wp\/v2\/product_tag?post=17497"}],"curies":[{"name":"wp","href":"https:\/\/api.w.org\/{rel}","templated":true}]}}