{"id":16148,"date":"2022-02-04T17:39:58","date_gmt":"2022-02-04T16:39:58","guid":{"rendered":"https:\/\/123helikoptervluchten.nl\/product\/niet-gecategoriseerd\/helikoptervlucht-maastricht-airport\/"},"modified":"2025-08-05T13:23:25","modified_gmt":"2025-08-05T11:23:25","slug":"lot-helikopterem-lotnisko-maastricht-2","status":"publish","type":"product","link":"https:\/\/123helikoptervluchten.nl\/pl\/lot-helikopterem\/lotnisko-maastricht\/","title":{"rendered":"Lot helikopterem Maastricht-lotnisko"},"excerpt":{"rendered":"<p>Lot helikopterem nad lotniskiem Maastricht lub w jego pobli\u017cu dla 1-5 os\u00f3b? Mo\u017cesz to zrobi\u0107 z lotniska Maastricht,\u00a0<strong>7 dni<\/strong> w tygodniu. Lotnisko Maastricht znajduje si\u0119 w Limburgii. Mo\u017cna z niego r\u00f3wnie\u017c \u0142atwo dolecie\u0107 do Belgii.<span style=\"color: #ff0000;\"><strong> Nie b\u0119dzie to mo\u017cliwe a\u017c do odwo\u0142ania!<\/strong><\/span><\/p>","protected":false},"featured_media":14708,"template":"","meta":{"_acf_changed":false},"product_brand":[],"product_cat":[28],"product_tag":[],"class_list":{"0":"post-16148","1":"product","2":"type-product","3":"status-publish","4":"has-post-thumbnail","6":"product_cat-helikoptervlucht","7":"tm-no-options","9":"first","10":"instock","11":"virtual","12":"taxable","13":"purchasable","14":"product-type-simple"},"acf":[],"gallery_images":[],"_links":{"self":[{"href":"https:\/\/123helikoptervluchten.nl\/pl\/wp-json\/wp\/v2\/product\/16148","targetHints":{"allow":["GET"]}}],"collection":[{"href":"https:\/\/123helikoptervluchten.nl\/pl\/wp-json\/wp\/v2\/product"}],"about":[{"href":"https:\/\/123helikoptervluchten.nl\/pl\/wp-json\/wp\/v2\/types\/product"}],"wp:featuredmedia":[{"embeddable":true,"href":"https:\/\/123helikoptervluchten.nl\/pl\/wp-json\/wp\/v2\/media\/14708"}],"wp:attachment":[{"href":"https:\/\/123helikoptervluchten.nl\/pl\/wp-json\/wp\/v2\/media?parent=16148"}],"wp:term":[{"taxonomy":"product_brand","embeddable":true,"href":"https:\/\/123helikoptervluchten.nl\/pl\/wp-json\/wp\/v2\/product_brand?post=16148"},{"taxonomy":"product_cat","embeddable":true,"href":"https:\/\/123helikoptervluchten.nl\/pl\/wp-json\/wp\/v2\/product_cat?post=16148"},{"taxonomy":"product_tag","embeddable":true,"href":"https:\/\/123helikoptervluchten.nl\/pl\/wp-json\/wp\/v2\/product_tag?post=16148"}],"curies":[{"name":"wp","href":"https:\/\/api.w.org\/{rel}","templated":true}]}}