{"id":13554,"date":"2021-09-16T14:54:56","date_gmt":"2021-09-16T12:54:56","guid":{"rendered":"https:\/\/dev.surv.nl\/123h\/?post_type=product&#038;p=13554"},"modified":"2025-10-03T16:43:39","modified_gmt":"2025-10-03T14:43:39","slug":"lot-helikopterem-lelystad-2","status":"publish","type":"product","link":"https:\/\/123helikoptervluchten.nl\/pl\/lot-helikopterem\/lelystad\/","title":{"rendered":"Lot helikopterem Lelystad"},"excerpt":{"rendered":"<p>Lot helikopterem Lelystad dla 2-6 os\u00f3b z lotniska Lelystad? Jest to mo\u017cliwe <strong>7 dni<\/strong> w tygodniu dla 3-6 os\u00f3b. Dla 2 os\u00f3b mo\u017cliwe s\u0105 2 dni w miesi\u0105cu. S\u0105 to <strong>loty prywatne.<\/strong><\/p>","protected":false},"featured_media":14718,"template":"","meta":{"_acf_changed":false},"product_brand":[],"product_cat":[28],"product_tag":[],"class_list":{"0":"post-13554","1":"product","2":"type-product","3":"status-publish","4":"has-post-thumbnail","6":"product_cat-helikoptervlucht","7":"tm-no-options","9":"first","10":"instock","11":"virtual","12":"taxable","13":"purchasable","14":"product-type-simple"},"acf":[],"gallery_images":[14718,14723,13107,14756,20205,17582],"_links":{"self":[{"href":"https:\/\/123helikoptervluchten.nl\/pl\/wp-json\/wp\/v2\/product\/13554","targetHints":{"allow":["GET"]}}],"collection":[{"href":"https:\/\/123helikoptervluchten.nl\/pl\/wp-json\/wp\/v2\/product"}],"about":[{"href":"https:\/\/123helikoptervluchten.nl\/pl\/wp-json\/wp\/v2\/types\/product"}],"wp:featuredmedia":[{"embeddable":true,"href":"https:\/\/123helikoptervluchten.nl\/pl\/wp-json\/wp\/v2\/media\/14718"}],"wp:attachment":[{"href":"https:\/\/123helikoptervluchten.nl\/pl\/wp-json\/wp\/v2\/media?parent=13554"}],"wp:term":[{"taxonomy":"product_brand","embeddable":true,"href":"https:\/\/123helikoptervluchten.nl\/pl\/wp-json\/wp\/v2\/product_brand?post=13554"},{"taxonomy":"product_cat","embeddable":true,"href":"https:\/\/123helikoptervluchten.nl\/pl\/wp-json\/wp\/v2\/product_cat?post=13554"},{"taxonomy":"product_tag","embeddable":true,"href":"https:\/\/123helikoptervluchten.nl\/pl\/wp-json\/wp\/v2\/product_tag?post=13554"}],"curies":[{"name":"wp","href":"https:\/\/api.w.org\/{rel}","templated":true}]}}