{"id":9,"date":"2021-04-14T12:46:09","date_gmt":"2021-04-14T12:46:09","guid":{"rendered":"https:\/\/dev.surv.nl\/123h\/?page_id=9"},"modified":"2026-03-30T13:05:26","modified_gmt":"2026-03-30T11:05:26","slug":"home","status":"publish","type":"page","link":"https:\/\/123helikoptervluchten.nl\/pl\/","title":{"rendered":"Strona g\u0142\u00f3wna"},"content":{"rendered":"<h2>Wycieczka helikopterem<\/h2>\n<div class=\"row\">\n<div class=\"col-md-8\">\n<p>Zarezerwuj lot helikopterem. Oczywi\u015bcie \u015bwiadczymy r\u00f3wnie\u017c us\u0142ugi niestandardowe. Mamy ponad 13 lat do\u015bwiadczenia w tej bran\u017cy, a tak\u017ce realizujemy loty widokowe na terenie ca\u0142ej Holandii. Porozmawiaj z nami o mo\u017cliwo\u015bciach przeja\u017cd\u017cki helikopterem lub wybierz helikopter do <a href=\"https:\/\/123helikoptervluchten.nl\/pl\/blog\/helikopter-huren\/\">wynajem<\/a>.<\/p>\n<p>Szukasz oryginalnej wycieczki podczas wydarze\u0144, targ\u00f3w, imprez firmowych lub dni firmowych? W takim razie warto rozwa\u017cy\u0107 loty widokowe helikopterem, trwaj\u0105ce na przyk\u0142ad 6 lub 10 minut. Zapewniamy r\u00f3wnie\u017c niestandardowe loty VIP dwusilnikowymi \u015bmig\u0142owcami. Jest to ten sam typ, co dobrze znany holenderski \u015bmig\u0142owiec urazowy ANWB.<\/p>\n<p>Mo\u017cesz r\u00f3wnie\u017c skontaktowa\u0107 si\u0119 z nami w sprawie niestandardowych zada\u0144, takich jak lot do <a href=\"https:\/\/123helikoptervluchten.nl\/pl\/wydarzenie\/formula-1-zandvoort-helikopterem\/\" target=\"_blank\" rel=\"noopener noreferrer nofollow\"><u>Tor Zandvoort<\/u><\/a> gdzie co roku zje\u017cd\u017ca cyrk Formu\u0142y 1. Je\u015bli chodzi o loty helikopterem na miejscu, r\u00f3wnie\u017c jeste\u015b we w\u0142a\u015bciwym miejscu.<\/p>\n<\/div>\n<div class=\"col-md-4\"><img decoding=\"async\" class=\"alignnone wp-image-14686 size-full\" src=\"https:\/\/123helikoptervluchten.nl\/wp-content\/uploads\/2021\/12\/helikoptervlucht-boeken.jpg\" alt=\"Rezerwacja lotu helikopterem\" width=\"400\" height=\"226\" title=\"\" srcset=\"https:\/\/123helikoptervluchten.nl\/wp-content\/uploads\/2021\/12\/helikoptervlucht-boeken.jpg 400w, https:\/\/123helikoptervluchten.nl\/wp-content\/uploads\/2021\/12\/helikoptervlucht-boeken-300x170.jpg 300w, https:\/\/123helikoptervluchten.nl\/wp-content\/uploads\/2021\/12\/helikoptervlucht-boeken-60x34.jpg 60w, https:\/\/123helikoptervluchten.nl\/wp-content\/uploads\/2021\/12\/helikoptervlucht-boeken-110x62.jpg 110w\" sizes=\"(max-width: 400px) 100vw, 400px\" \/><\/div>\n<\/div>\n<h2>Prezent w postaci lotu helikopterem<\/h2>\n<p>Odkryj nowy wymiar dzi\u0119ki zapieraj\u0105cemu dech w piersiach lotowi helikopterem! Zafunduj sobie lub ukochanej osobie najlepszy prezent i podaruj jej ekscytuj\u0105ce wra\u017cenia. <strong>Lot helikopterem jako prezent<\/strong> kt\u00f3ry sprawi, \u017ce ich serca zabij\u0105 szybciej. W tym roku zaskocz swoich przyjaci\u00f3\u0142 i rodzin\u0119 tym wyj\u0105tkowym do\u015bwiadczeniem z helikopterem jako prezentem, kt\u00f3ry z pewno\u015bci\u0105 wywo\u0142a wiele entuzjazmu. Najcz\u0119\u015bciej sprzedawanym lotem helikopterem jest lot trwaj\u0105cy 45 minut. Szybko zam\u00f3w prezent w postaci lotu helikopterem i le\u0107 helikopterem. Wybierz lot helikopterem jako prezent, a na pewno zrobisz dobre wra\u017cenie!<\/p>\n<h2>Helikopter lec\u0105cy nad Holandi\u0105<\/h2>\n<p>Niezale\u017cnie od tego, czy chcesz cieszy\u0107 si\u0119 osza\u0142amiaj\u0105cymi widokami z lotu ptaka na swoje ulubione miasto, czy te\u017c odkry\u0107, czy masz to, czego potrzeba, aby zosta\u0107 pilotem helikoptera, ten niesamowity lot helikopterem nad Holandi\u0105 oferuje spektakularne mo\u017cliwo\u015bci. Od s\u0142ynnych zabytk\u00f3w po kolorowe pola tulipan\u00f3w na wiosn\u0119 - zr\u00f3b niezapomniane zdj\u0119cia, szybuj\u0105c w przestworzach. Najlepiej sprzedaj\u0105ce si\u0119 loty s\u0105 wr\u0119czane jako prezenty. Podaruj wyj\u0105tkowy lot helikopterem jako prezent ju\u017c teraz! Lot helikopterem to do\u015bwiadczenie, kt\u00f3rego nigdy nie zapomnisz. A <a title=\"Lot helikopterem 2 osoby\" href=\"https:\/\/123helikoptervluchten.nl\/pl\/lot-helikopterem\/2-osoby\/\" target=\"_blank\" rel=\"noopener\">lot helikopterem dla 2 os\u00f3b<\/a> jest jednym z naszych najcz\u0119\u015bciej rezerwowanych lot\u00f3w helikopterem. Zarezerwuj wycieczk\u0119 helikopterem do Holandii ju\u017c dzi\u015b.<\/p>","protected":false},"excerpt":{"rendered":"<p>Helikopter rondvlucht Boek een helikoptervlucht. Uiteraard leveren wij ook maatwerk. Wij hebben ruim 13 jaar ervaring in deze branche, en leveren door heel Nederland ook rondvluchten op locatie. Bespreek met ons de mogelijkheden voor een helikopter rit of kies ervoor om een helikopter te huren. Zoek je een origineel uitje tijdens evenementen, jaarmarkt, braderie, bedrijfsfeest [&hellip;]<\/p>","protected":false},"author":10,"featured_media":0,"parent":0,"menu_order":0,"comment_status":"closed","ping_status":"closed","template":"template-homepage.php","meta":{"_acf_changed":false,"footnotes":""},"class_list":["post-9","page","type-page","status-publish","hentry"],"acf":[],"_links":{"self":[{"href":"https:\/\/123helikoptervluchten.nl\/pl\/wp-json\/wp\/v2\/pages\/9","targetHints":{"allow":["GET"]}}],"collection":[{"href":"https:\/\/123helikoptervluchten.nl\/pl\/wp-json\/wp\/v2\/pages"}],"about":[{"href":"https:\/\/123helikoptervluchten.nl\/pl\/wp-json\/wp\/v2\/types\/page"}],"author":[{"embeddable":true,"href":"https:\/\/123helikoptervluchten.nl\/pl\/wp-json\/wp\/v2\/users\/10"}],"replies":[{"embeddable":true,"href":"https:\/\/123helikoptervluchten.nl\/pl\/wp-json\/wp\/v2\/comments?post=9"}],"version-history":[{"count":0,"href":"https:\/\/123helikoptervluchten.nl\/pl\/wp-json\/wp\/v2\/pages\/9\/revisions"}],"wp:attachment":[{"href":"https:\/\/123helikoptervluchten.nl\/pl\/wp-json\/wp\/v2\/media?parent=9"}],"curies":[{"name":"wp","href":"https:\/\/api.w.org\/{rel}","templated":true}]}}