{"id":3,"date":"2021-04-12T10:08:40","date_gmt":"2021-04-12T10:08:40","guid":{"rendered":"https:\/\/dev.surv.nl\/123h\/?page_id=3"},"modified":"2024-10-10T11:15:43","modified_gmt":"2024-10-10T09:15:43","slug":"privacy-policy","status":"publish","type":"page","link":"https:\/\/123helikoptervluchten.nl\/pl\/privacy-policy\/","title":{"rendered":"Polityka prywatno\u015bci"},"content":{"rendered":"<div class=\"gap\">\n<h3>Polityka prywatno\u015bci<\/h3>\n<p>HeliQopter Services, z siedzib\u0105 pod adresem Vliersingel 30, 8082 CH Elburg Holandia, jest odpowiedzialna za przetwarzanie danych osobowych zgodnie z niniejszym o\u015bwiadczeniem o ochronie prywatno\u015bci.<\/p>\n<p>Dane kontaktowe:<br \/>\nUs\u0142ugi HeliQopter<br \/>\nwww.123helikoptervluchten.nl<br \/>\nOder 20 - PO Box E7710<br \/>\n2491 DC Haga<br \/>\nHolandia<br \/>\n+31707007878<\/p>\n<p>W. Boerendans jest inspektorem ochrony danych w HeliQopter Services i mo\u017cna si\u0119 z nim skontaktowa\u0107 pod adresem info@123helikoptervluchten.nl.<\/p>\n<p><strong>Przetwarzane przez nas dane osobowe<\/strong><br \/>\nHeliQopter Services przetwarza Twoje dane osobowe, poniewa\u017c korzystasz z naszych us\u0142ug i\/lub sam nam je przekazujesz.<\/p>\n<p>Poni\u017cej znajduje si\u0119 przegl\u0105d przetwarzanych przez nas danych osobowych:<br \/>\n- Imi\u0119 i nazwisko<br \/>\n- P\u0142e\u0107<br \/>\n- Data urodzenia<br \/>\n- Miejsce urodzenia<br \/>\n- Dane adresowe<br \/>\n- Numer telefonu<br \/>\n- Adres e-mail<br \/>\n- Adres IP<br \/>\n- Inne dane osobowe, kt\u00f3re u\u017cytkownik aktywnie udost\u0119pnia, np. poprzez utworzenie profilu na tej stronie internetowej, w korespondencji i telefonicznie.<br \/>\n- Szczeg\u00f3\u0142y lokalizacji<br \/>\n- Dane dotycz\u0105ce aktywno\u015bci u\u017cytkownika na naszej stronie internetowej<br \/>\n- Dane dotycz\u0105ce zachowania u\u017cytkownika podczas przegl\u0105dania r\u00f3\u017cnych stron internetowych (np. poniewa\u017c firma ta jest cz\u0119\u015bci\u0105 sieci reklamowej).<br \/>\n- Lista danych kontaktowych klient\u00f3w za po\u015brednictwem aplikacji<br \/>\n- Przegl\u0105darka internetowa i typ urz\u0105dzenia<br \/>\n- Numer rachunku bankowego<\/p>\n<p><strong>Przetwarzane przez nas szczeg\u00f3lne i\/lub wra\u017cliwe dane osobowe<\/strong><br \/>\nHeliQopter Services przetwarza nast\u0119puj\u0105ce specjalne i\/lub wra\u017cliwe dane osobowe u\u017cytkownika:<br \/>\n- dane os\u00f3b poni\u017cej 16 roku \u017cycia, kt\u00f3re dokonuj\u0105 rezerwacji lub kontaktuj\u0105 si\u0119 z nami przez telefon, e-mail lub czat.<\/p>\n<p>Nasza witryna i\/lub us\u0142uga nie ma na celu gromadzenia danych os\u00f3b odwiedzaj\u0105cych witryn\u0119, kt\u00f3re nie uko\u0144czy\u0142y 16 roku \u017cycia. Chyba \u017ce maj\u0105 zgod\u0119 rodzic\u00f3w lub opiekun\u00f3w. Nie mo\u017cemy jednak zweryfikowa\u0107, czy odwiedzaj\u0105cy ma wi\u0119cej ni\u017c 16 lat. Dlatego zalecamy rodzicom, aby byli zaanga\u017cowani w dzia\u0142ania online swoich dzieci, aby unikn\u0105\u0107 gromadzenia danych dzieci bez zgody rodzic\u00f3w. Je\u015bli jeste\u015b przekonany, \u017ce zebrali\u015bmy dane osobowe osoby niepe\u0142noletniej bez takiej zgody, skontaktuj si\u0119 z nami pod adresem info@123helikoptervluchten.nl, a my usuniemy te informacje.<\/p>\n<p><strong>W jakim celu i na jakiej podstawie przetwarzamy dane osobowe?<\/strong><br \/>\nHeliQopter Services przetwarza dane osobowe u\u017cytkownika w nast\u0119puj\u0105cych celach:<br \/>\n- Obs\u0142uga p\u0142atno\u015bci<br \/>\n- Wysy\u0142anie naszego biuletynu i\/lub ulotki reklamowej<br \/>\n- Dzwonienie lub wysy\u0142anie wiadomo\u015bci e-mail, je\u015bli jest to konieczne do \u015bwiadczenia naszych us\u0142ug<br \/>\n- Informowanie u\u017cytkownika o zmianach w naszych us\u0142ugach i produktach<br \/>\n- Umo\u017cliwienie utworzenia konta<br \/>\n- Dostarczanie u\u017cytkownikowi towar\u00f3w i us\u0142ug<br \/>\n- HeliQopter Services analizuje zachowanie u\u017cytkownika na stronie internetowej w celu ulepszenia strony internetowej i dostosowania oferty produkt\u00f3w i us\u0142ug do preferencji u\u017cytkownika.<br \/>\n- HeliQopter Services przetwarza r\u00f3wnie\u017c dane osobowe, je\u015bli jeste\u015bmy do tego prawnie zobowi\u0105zani, np. dane potrzebne do z\u0142o\u017cenia zeznania podatkowego.<\/p>\n<p><strong>Jak d\u0142ugo przechowujemy dane osobowe<br \/>\n<\/strong>HeliQopter Services nie przechowuje danych osobowych u\u017cytkownika d\u0142u\u017cej, ni\u017c jest to bezwzgl\u0119dnie konieczne do realizacji cel\u00f3w, dla kt\u00f3rych dane te s\u0105 gromadzone. Stosujemy nast\u0119puj\u0105ce okresy przechowywania dla nast\u0119puj\u0105cych (kategorii) danych osobowych:<\/p>\n<p>Dane osobowe &gt; 7 lat &gt; obowi\u0105zkowe dla organ\u00f3w podatkowych<br \/>\nDane zam\u00f3wienia &gt; 7 lat &gt; obowi\u0105zkowe dla organ\u00f3w podatkowych<br \/>\nCzaty &gt; 3 lata &gt; Aby dobrze ci s\u0142u\u017cy\u0107 w oparciu o poprzednie rozmowy<br \/>\nNumery telefon\u00f3w &gt; 3 lata &gt; Aby zapewni\u0107 dobr\u0105 obs\u0142ug\u0119 w oparciu o poprzednie rozmowy. Rozmowy telefoniczne nie s\u0105 rejestrowane.<br \/>\nE-maile &gt; 3 lata &gt; Aby dobrze Ci s\u0142u\u017cy\u0107 w oparciu o poprzednie rozmowy<\/p>\n<p><strong>Udost\u0119pnianie danych osobowych stronom trzecim<\/strong><br \/>\nHeliQopter Services udost\u0119pnia dane osobowe u\u017cytkownika r\u00f3\u017cnym stronom trzecim, je\u015bli jest to konieczne do wykonania umowy i spe\u0142nienia wszelkich zobowi\u0105za\u0144 prawnych. Z firmami, kt\u00f3re przetwarzaj\u0105 dane u\u017cytkownika w naszym imieniu, zawieramy umow\u0119 o przetwarzaniu danych, aby zapewni\u0107 ten sam poziom bezpiecze\u0144stwa i poufno\u015bci danych u\u017cytkownika. HeliQopter Services pozostaje odpowiedzialna za to przetwarzanie. Ponadto HeliQopter Services udost\u0119pnia dane osobowe u\u017cytkownika innym stronom trzecim. Robimy to wy\u0142\u0105cznie za wyra\u017an\u0105 zgod\u0105 u\u017cytkownika.<\/p>\n<p>Livechat &gt; U\u017cywamy ich narz\u0119dzia do czatowania z u\u017cytkownikami na naszej stronie internetowej. Zawarli\u015bmy z Livechat umow\u0119 dotycz\u0105c\u0105 przetwarzania danych. Zawiera ona \u015bcis\u0142e ustalenia dotycz\u0105ce tego, co wolno im \u015bledzi\u0107.<br \/>\nGoogle Analytics &gt; U\u017cywamy Google Analytics do \u015bledzenia sposobu, w jaki odwiedzaj\u0105cy korzystaj\u0105 z naszej strony internetowej. Zawarli\u015bmy z Google umow\u0119 dotycz\u0105c\u0105 przetwarzania danych. Zawiera ona \u015bcis\u0142e ustalenia dotycz\u0105ce tego, co wolno im \u015bledzi\u0107.<br \/>\nMicrosoft Clarity &gt; U\u017cywamy Microsoft Clarity do \u015bledzenia sposobu, w jaki odwiedzaj\u0105cy korzystaj\u0105 z naszej witryny. Zawarli\u015bmy z Microsoft Clarity umow\u0119 dotycz\u0105c\u0105 przetwarzania danych. Zawiera ona \u015bcis\u0142e ustalenia dotycz\u0105ce tego, co wolno im \u015bledzi\u0107.<\/p>\n<p><strong>Pliki cookie lub podobne techniki, z kt\u00f3rych korzystamy<\/strong><\/p>\n<p>HeliQopter Services wykorzystuje funkcjonalne, analityczne i \u015bledz\u0105ce pliki cookie. Plik cookie to ma\u0142y plik tekstowy, kt\u00f3ry jest przechowywany w przegl\u0105darce komputera, tabletu lub smartfona przy pierwszej wizycie na tej stronie. HeliQopter Services wykorzystuje pliki cookie o czysto technicznej funkcjonalno\u015bci. Zapewniaj\u0105 one prawid\u0142owe dzia\u0142anie strony internetowej i na przyk\u0142ad zapami\u0119tywanie preferencji u\u017cytkownika. Te pliki cookie s\u0105 r\u00f3wnie\u017c wykorzystywane do prawid\u0142owego dzia\u0142ania witryny i jej optymalizacji. Ponadto umieszczamy pliki cookie, kt\u00f3re \u015bledz\u0105 zachowanie u\u017cytkownika podczas przegl\u0105dania, dzi\u0119ki czemu mo\u017cemy oferowa\u0107 dostosowane tre\u015bci i reklamy.<\/p>\n<p>Podczas pierwszej wizyty u\u017cytkownika na naszej stronie internetowej poinformowali\u015bmy go o tych plikach cookie i poprosili\u015bmy o zgod\u0119 na ich ustawienie.<\/p>\n<p><a href=\"#\" data-cc=\"c-settings\">Wy\u015bwietlanie preferencji dotycz\u0105cych plik\u00f3w cookie<\/a><\/p>\n<p>U\u017cytkownik mo\u017ce zrezygnowa\u0107 z plik\u00f3w cookie, ustawiaj\u0105c przegl\u0105dark\u0119 internetow\u0105 tak, aby przesta\u0142a przechowywa\u0107 pliki cookie. Ponadto u\u017cytkownik mo\u017ce r\u00f3wnie\u017c usun\u0105\u0107 wszelkie wcze\u015bniej zapisane informacje za pomoc\u0105 ustawie\u0144 przegl\u0105darki.<\/p>\n<p><strong>Pliki cookie s\u0105 r\u00f3wnie\u017c ustawiane na tej stronie przez strony trzecie. Nale\u017c\u0105 do nich na przyk\u0142ad reklamodawcy i\/lub firmy z bran\u017cy medi\u00f3w spo\u0142eczno\u015bciowych. Poni\u017cej znajduje si\u0119 ich przegl\u0105d:<br \/>\n<\/strong>Nasza strona u\u017cywa plik\u00f3w cookie. Pliki cookie to ma\u0142e pliki, w kt\u00f3rych mo\u017cemy przechowywa\u0107 informacje, dzi\u0119ki czemu nie trzeba ich wype\u0142nia\u0107 za ka\u017cdym razem. Pozwalaj\u0105 nam one r\u00f3wnie\u017c sprawdzi\u0107, czy u\u017cytkownik odwiedza nas ponownie. Gdy u\u017cytkownik odwiedza nasz\u0105 witryn\u0119 po raz pierwszy, wy\u015bwietlany jest komunikat z obja\u015bnieniami dotycz\u0105cymi plik\u00f3w cookie. Je\u015bli u\u017cytkownik b\u0119dzie nadal korzysta\u0107 z naszej witryny, za\u0142o\u017cymy, \u017ce nie sprzeciwia si\u0119 plikom cookie. U\u017cytkownik mo\u017ce wy\u0142\u0105czy\u0107 pliki cookie w swojej przegl\u0105darce, ale niekt\u00f3re funkcje naszej witryny internetowej nie b\u0119d\u0105 w\u00f3wczas dzia\u0142a\u0107 prawid\u0142owo. Zawarli\u015bmy umowy z innymi firmami, kt\u00f3re umieszczaj\u0105 pliki cookie. Nie mamy jednak pe\u0142nej kontroli nad tym, co one same robi\u0105 z plikami cookie. Dlatego prosimy r\u00f3wnie\u017c o zapoznanie si\u0119 z ich o\u015bwiadczeniami o ochronie prywatno\u015bci.<\/p>\n<p><strong>Wy\u015bwietlanie, modyfikowanie lub usuwanie danych<\/strong><br \/>\nU\u017cytkownik ma prawo dost\u0119pu do swoich danych osobowych, ich poprawiania lub usuni\u0119cia. U\u017cytkownik ma r\u00f3wnie\u017c prawo do wycofania ewentualnej zgody na przetwarzanie danych lub wniesienia sprzeciwu wobec przetwarzania jego danych osobowych przez HeliQopter Services, a tak\u017ce prawo do przenoszenia danych. Oznacza to, \u017ce u\u017cytkownik mo\u017ce zwr\u00f3ci\u0107 si\u0119 do nas z pro\u015bb\u0105 o przes\u0142anie jego danych osobowych przechowywanych przez nas w pliku komputerowym do niego lub innej organizacji wskazanej przez niego.<\/p>\n<p>U\u017cytkownik mo\u017ce przes\u0142a\u0107 na adres info@123helikoptervluchten.nl wniosek o dost\u0119p do swoich danych osobowych, ich poprawienie, usuni\u0119cie, przeniesienie lub wniosek o cofni\u0119cie zgody lub sprzeciw wobec przetwarzania danych osobowych.<\/p>\n<p>Aby upewni\u0107 si\u0119, \u017ce wniosek o kontrol\u0119 zosta\u0142 z\u0142o\u017cony przez Ciebie, prosimy o przes\u0142anie kopii dowodu to\u017csamo\u015bci wraz z wnioskiem. W kopii tej nale\u017cy zamaza\u0107 zdj\u0119cie paszportowe, MRZ (stref\u0119 odczytu maszynowego, pasek numer\u00f3w na dole paszportu), numer paszportu i numer BSN (Citizen Service Number). Ma to na celu ochron\u0119 prywatno\u015bci. Odpowiemy na Twoj\u0105 pro\u015bb\u0119 tak szybko, jak to mo\u017cliwe, ale nie p\u00f3\u017aniej ni\u017c w ci\u0105gu czterech tygodni.<\/p>\n<p>HeliQopter Services pragnie r\u00f3wnie\u017c poinformowa\u0107, \u017ce u\u017cytkownik ma mo\u017cliwo\u015b\u0107 z\u0142o\u017cenia skargi do krajowego organu nadzorczego, Urz\u0119du Danych Osobowych. Mo\u017cna to zrobi\u0107 za po\u015brednictwem nast\u0119puj\u0105cego \u0142\u0105cza: https:\/\/autoriteitpersoonsgegevens.nl\/nl\/contact-met-de-autoriteit-persoonsgegevens\/tip-ons<\/p>\n<p><strong>Jak zabezpieczamy dane osobowe<\/strong><br \/>\nHeliQopter Services powa\u017cnie traktuje ochron\u0119 danych u\u017cytkownika i podejmuje odpowiednie \u015brodki, aby zapobiec ich niew\u0142a\u015bciwemu wykorzystaniu, utracie, nieupowa\u017cnionemu dost\u0119powi, niepo\u017c\u0105danemu ujawnieniu i nieupowa\u017cnionej modyfikacji. Je\u015bli masz wra\u017cenie, \u017ce Twoje dane nie s\u0105 odpowiednio zabezpieczone lub istniej\u0105 oznaki niew\u0142a\u015bciwego wykorzystania, skontaktuj si\u0119 z naszym dzia\u0142em obs\u0142ugi klienta lub za po\u015brednictwem info@123helikoptervluchten.nl.<\/p>\n<\/div>\n<div class=\"gap\"><\/div>","protected":false},"excerpt":{"rendered":"<p>Polityka prywatno\u015bci Firma HeliQopter Services, z siedzib\u0105 pod adresem Vliersingel 30, 8082 CH Elburg Holandia, jest odpowiedzialna za przetwarzanie danych osobowych zgodnie z niniejszym o\u015bwiadczeniem o ochronie prywatno\u015bci. Dane kontaktowe: HeliQopter Services www.123helikoptervluchten.nl Oder 20 - Postbus E7710 2491 DC Den Haag The Netherlands +31707007878 W. Boerendans jest inspektorem ochrony danych w HeliQopter Services, mo\u017cna si\u0119 z nim skontaktowa\u0107 pod adresem [...].<\/p>","protected":false},"author":10,"featured_media":0,"parent":0,"menu_order":0,"comment_status":"closed","ping_status":"closed","template":"","meta":{"_acf_changed":false,"footnotes":""},"class_list":["post-3","page","type-page","status-publish","hentry"],"acf":[],"_links":{"self":[{"href":"https:\/\/123helikoptervluchten.nl\/pl\/wp-json\/wp\/v2\/pages\/3","targetHints":{"allow":["GET"]}}],"collection":[{"href":"https:\/\/123helikoptervluchten.nl\/pl\/wp-json\/wp\/v2\/pages"}],"about":[{"href":"https:\/\/123helikoptervluchten.nl\/pl\/wp-json\/wp\/v2\/types\/page"}],"author":[{"embeddable":true,"href":"https:\/\/123helikoptervluchten.nl\/pl\/wp-json\/wp\/v2\/users\/10"}],"replies":[{"embeddable":true,"href":"https:\/\/123helikoptervluchten.nl\/pl\/wp-json\/wp\/v2\/comments?post=3"}],"version-history":[{"count":0,"href":"https:\/\/123helikoptervluchten.nl\/pl\/wp-json\/wp\/v2\/pages\/3\/revisions"}],"wp:attachment":[{"href":"https:\/\/123helikoptervluchten.nl\/pl\/wp-json\/wp\/v2\/media?parent=3"}],"curies":[{"name":"wp","href":"https:\/\/api.w.org\/{rel}","templated":true}]}}