{"id":20374,"date":"2025-05-28T18:34:20","date_gmt":"2025-05-28T16:34:20","guid":{"rendered":"https:\/\/123helikoptervluchten.nl\/?page_id=20374"},"modified":"2025-10-15T14:43:07","modified_gmt":"2025-10-15T12:43:07","slug":"oferta-lotow-helikopterem","status":"publish","type":"page","link":"https:\/\/123helikoptervluchten.nl\/pl\/oferta-lotow-helikopterem\/","title":{"rendered":"Oferta lot\u00f3w helikopterem"},"content":{"rendered":"<p><strong>Prze\u017cyj przygod\u0119 \u017cycia za 15 euro na lot helikopterem! Skorzystaj z oferty lotu helikopterem ju\u017c dzi\u015b.<\/strong><\/p>\n<p>Kliknij poni\u017cszy przycisk, a kod rabatowy b\u0119dzie natychmiast aktywny w Twoim koszyku.<\/p>\n<p class=\"mb-3\"><a class=\"blog-cta\" href=\"https:\/\/123helikoptervluchten.nl\/pl\/?coupon=fuuftieneuro\">U\u017cyj kodu rabatowego<\/a><\/p>\n<p><em>Kod jest automatycznie aktywny przy kasie<\/em><\/p>\n<p>Zawsze chcia\u0142e\u015b wiedzie\u0107, jak to jest wznie\u015b\u0107 si\u0119 ponad krajobraz niczym ptak? Nadszed\u0142 czas, aby spe\u0142ni\u0107 to marzenie! W 123helicopterflights mo\u017cesz teraz tymczasowo skorzysta\u0107 ze zni\u017cki na niezapomniany lot helikopterem.<\/p>\n<p>Wyobra\u017a sobie szum wirnika, adrenalin\u0119 przep\u0142ywaj\u0105c\u0105 przez twoje cia\u0142o, a potem - widok. Niezale\u017cnie od tego, czy wybierzesz lot nad miastem, pla\u017c\u0105 czy wsi\u0105, z powietrza wszystko wygl\u0105da bardziej imponuj\u0105co. To do\u015bwiadczenie jest nie tylko idealne jako prezent dla siebie, ale tak\u017ce oryginalny prezent na urodziny, rocznic\u0119 lub Dzie\u0144 Ojca.<\/p>\n<p>123helicopter Flights s\u0142ynie z profesjonalnych pilot\u00f3w, nowoczesnych samolot\u00f3w i doskona\u0142ej obs\u0142ugi. Bezpiecze\u0144stwo i do\u015bwiadczenie s\u0105 zawsze na pierwszym miejscu. Dzi\u0119ki aktualnej promocji mo\u017cesz teraz cieszy\u0107 si\u0119 tym wyj\u0105tkowym do\u015bwiadczeniem za dodatkow\u0105 op\u0142at\u0105.<\/p>\n<h2>Latanie helikopterem ze zni\u017ck\u0105<\/h2>\n<p>B\u0105d\u017a szybki, poniewa\u017c ta promocja jest wa\u017cna tylko przez ograniczony czas. Zarezerwuj lot ju\u017c dzi\u015b za po\u015brednictwem <u><a href=\"https:\/\/123helikoptervluchten.nl\/pl\/?coupon=fuuftieneuro\">ten link<\/a><\/u> a zni\u017cka zostanie automatycznie zastosowana do Twojego lotu podczas p\u0142atno\u015bci lub u\u017cyj kodu rabatowego<strong>FUUFTIENEURO<\/strong>'. (Wilfred pochodzi z Veluwe \ud83d\ude09 ) W ten spos\u00f3b mo\u017cesz zapewni\u0107 sobie miejsce na niebie - ze zni\u017ck\u0105 15 euro!<\/p>\n<p>Czy odwa\u017cysz si\u0119 zobaczy\u0107 Holandi\u0119 z innej perspektywy? Skorzystaj z tej szansy i prze\u017cyj przygod\u0119, kt\u00f3ra pozostanie z Tob\u0105 na d\u0142ugo.<br \/>\n123helicopter Flights - Tw\u00f3j bilet w przestworza! \u2708\ufe0f\ud83d\ude81<\/p>\n<p>Zni\u017cka dotyczy wybranych lot\u00f3w i obowi\u0105zuje do wyczerpania zapas\u00f3w.<\/p>\n<h2>Cz\u0119sto zadawane pytania dotycz\u0105ce zni\u017cek na loty helikopterem<\/h2>\n<div id=\"rank-math-rich-snippet-wrapper\"><div id=\"rank-math-faq\" class=\"rank-math-block\">\n<div class=\"rank-math-list\">\n<div id=\"faq-1\" class=\"rank-math-list-item\">\n<h3 class=\"rank-math-question\">Jak d\u0142ugo wa\u017cny jest kod rabatowy lub voucher?<\/h3>\n<div class=\"rank-math-answer\">\n\n<p>Wi\u0119kszo\u015b\u0107 voucher\u00f3w i bon\u00f3w upominkowych od 123Helicopter Flights jest wa\u017cna przez 1 rok od zakupu. Zapewnia to elastyczno\u015b\u0107 w planowaniu odpowiedniej daty lub podarowaniu vouchera jako prezentu bez bezpo\u015brednich ogranicze\u0144 czasowych. Dok\u0142adny okres wa\u017cno\u015bci podany jest na voucherze. Mo\u017cesz te\u017c bezpo\u015brednio wybra\u0107 dat\u0119 lotu.<\/p>\n\n<\/div>\n<\/div>\n<div id=\"faq-2\" class=\"rank-math-list-item\">\n<h3 class=\"rank-math-question\">Czy zawsze masz oferty lot\u00f3w helikopterem?<\/h3>\n<div class=\"rank-math-answer\">\n\n<p>Nie, mamy oferty tymczasowe. S\u0105 one wy\u015bwietlane na naszej stronie z ofertami. Mo\u017cesz wi\u0119c regularnie korzysta\u0107 z ostrych zni\u017cek na loty helikopterem. \u015aled\u017a uwa\u017cnie stron\u0119, poniewa\u017c akcje s\u0105 ograniczone i znikn\u0119\u0142y = znikn\u0119\u0142y!<\/p>\n\n<\/div>\n<\/div>\n<div id=\"faq-3\" class=\"rank-math-list-item\">\n<h3 class=\"rank-math-question\">Czy mog\u0119 wej\u015b\u0107 na pok\u0142ad w dowolnym miejscu z ofert\u0105 lotu helikopterem?<\/h3>\n<div class=\"rank-math-answer\">\n\n<p>Tak, mamy wiele miejsc wsiadania, a Ty wybierasz, gdzie chcesz wej\u015b\u0107 na pok\u0142ad. Popularne miejsca odlot\u00f3w to Hilversum, Harskamp (Veluwe), Lelystad i Emmen (p\u00f3\u0142noc kraju).<\/p>\n\n<\/div>\n<\/div>\n<\/div>\n<\/div><\/div>","protected":false},"excerpt":{"rendered":"<p>Beleef het avontuur van je leven met 15 euro op een helikoptervlucht! Profiteer vandaag nog van deze helikoptervlucht aanbieding. Klik op de onderstaande button en de kortingscode is direct actief in je winkelmandje. \u2728 Gebruik kortingscode De code is automatisch actief bij het afrekenen Altijd al eens willen weten hoe het voelt om als een [&hellip;]<\/p>","protected":false},"author":4,"featured_media":0,"parent":0,"menu_order":0,"comment_status":"closed","ping_status":"closed","template":"","meta":{"_acf_changed":false,"footnotes":""},"class_list":["post-20374","page","type-page","status-publish","hentry"],"acf":[],"_links":{"self":[{"href":"https:\/\/123helikoptervluchten.nl\/pl\/wp-json\/wp\/v2\/pages\/20374","targetHints":{"allow":["GET"]}}],"collection":[{"href":"https:\/\/123helikoptervluchten.nl\/pl\/wp-json\/wp\/v2\/pages"}],"about":[{"href":"https:\/\/123helikoptervluchten.nl\/pl\/wp-json\/wp\/v2\/types\/page"}],"author":[{"embeddable":true,"href":"https:\/\/123helikoptervluchten.nl\/pl\/wp-json\/wp\/v2\/users\/4"}],"replies":[{"embeddable":true,"href":"https:\/\/123helikoptervluchten.nl\/pl\/wp-json\/wp\/v2\/comments?post=20374"}],"version-history":[{"count":0,"href":"https:\/\/123helikoptervluchten.nl\/pl\/wp-json\/wp\/v2\/pages\/20374\/revisions"}],"wp:attachment":[{"href":"https:\/\/123helikoptervluchten.nl\/pl\/wp-json\/wp\/v2\/media?parent=20374"}],"curies":[{"name":"wp","href":"https:\/\/api.w.org\/{rel}","templated":true}]}}