{"id":20158,"date":"2025-03-21T11:46:38","date_gmt":"2025-03-21T10:46:38","guid":{"rendered":"https:\/\/123helikoptervluchten.nl\/?page_id=20158"},"modified":"2025-03-21T11:46:38","modified_gmt":"2025-03-21T10:46:38","slug":"dziekujemy-za-wplate","status":"publish","type":"page","link":"https:\/\/123helikoptervluchten.nl\/pl\/dziekujemy-za-wplate\/","title":{"rendered":"Dzi\u0119kujemy za wp\u0142at\u0119!"},"content":{"rendered":"<p data-start=\"49\" data-end=\"78\"><strong data-start=\"49\" data-end=\"78\">Dzi\u0119kujemy za wp\u0142at\u0119!<\/strong><\/p>\n<p data-start=\"80\" data-end=\"255\">Skontaktujemy si\u0119 z Tob\u0105 przez e-mail w ci\u0105gu 24 godzin. W mi\u0119dzyczasie prosimy r\u00f3wnie\u017c o sprawdzenie folderu wiadomo\u015bci-\u015bmieci lub spamu - nasza odpowied\u017a mo\u017ce tam trafi\u0107.<\/p>\n<p data-start=\"257\" data-end=\"292\">\u017bycz\u0119 udanego dnia! \ud83d\ude81<\/p>","protected":false},"excerpt":{"rendered":"<p>Dzi\u0119kujemy za wp\u0142at\u0119! Skontaktujemy si\u0119 z Tob\u0105 przez e-mail w ci\u0105gu 24 godzin. W mi\u0119dzyczasie prosimy r\u00f3wnie\u017c o sprawdzenie folderu wiadomo\u015bci-\u015bmieci lub spamu - nasza odpowied\u017a mo\u017ce tam trafi\u0107. \u017byczymy udanego dnia! \ud83d\ude81<\/p>","protected":false},"author":3,"featured_media":0,"parent":0,"menu_order":0,"comment_status":"closed","ping_status":"closed","template":"","meta":{"_acf_changed":false,"footnotes":""},"class_list":["post-20158","page","type-page","status-publish","hentry"],"acf":[],"_links":{"self":[{"href":"https:\/\/123helikoptervluchten.nl\/pl\/wp-json\/wp\/v2\/pages\/20158","targetHints":{"allow":["GET"]}}],"collection":[{"href":"https:\/\/123helikoptervluchten.nl\/pl\/wp-json\/wp\/v2\/pages"}],"about":[{"href":"https:\/\/123helikoptervluchten.nl\/pl\/wp-json\/wp\/v2\/types\/page"}],"author":[{"embeddable":true,"href":"https:\/\/123helikoptervluchten.nl\/pl\/wp-json\/wp\/v2\/users\/3"}],"replies":[{"embeddable":true,"href":"https:\/\/123helikoptervluchten.nl\/pl\/wp-json\/wp\/v2\/comments?post=20158"}],"version-history":[{"count":0,"href":"https:\/\/123helikoptervluchten.nl\/pl\/wp-json\/wp\/v2\/pages\/20158\/revisions"}],"wp:attachment":[{"href":"https:\/\/123helikoptervluchten.nl\/pl\/wp-json\/wp\/v2\/media?parent=20158"}],"curies":[{"name":"wp","href":"https:\/\/api.w.org\/{rel}","templated":true}]}}