{"id":19962,"date":"2024-12-22T17:53:30","date_gmt":"2024-12-22T16:53:30","guid":{"rendered":"https:\/\/123helikoptervluchten.nl\/?page_id=19962"},"modified":"2024-12-22T17:53:30","modified_gmt":"2024-12-22T16:53:30","slug":"blad-kuponu","status":"publish","type":"page","link":"https:\/\/123helikoptervluchten.nl\/pl\/blad-kuponu\/","title":{"rendered":"B\u0142\u0105d kuponu"},"content":{"rendered":"<p><strong>Ups, co\u015b posz\u0142o nie tak!<\/strong><br \/>\nWygl\u0105da na to, \u017ce przes\u0142anie danych vouchera nie przebieg\u0142o pomy\u015blnie. Nie martw si\u0119, mo\u017cesz spr\u00f3bowa\u0107 ponownie lub skontaktowa\u0107 si\u0119 z nami za po\u015brednictwem naszej strony <a href=\"\/pl\/contact\/\">strona kontaktowa<\/a>.<\/p>\n<p>Aby jak najszybciej udzieli\u0107 pomocy, prosimy o podanie nast\u0119puj\u0105cych danych:<\/p>\n<ul>\n<li>Tw\u00f3j <strong>imi\u0119 i nazwisko<\/strong><\/li>\n<li>Tw\u00f3j <strong>adres e-mail<\/strong><\/li>\n<li><strong>Numer telefonu kom\u00f3rkowego<\/strong> (kt\u00f3ry jest dost\u0119pny w dniu lotu)<\/li>\n<li>The <strong>numer zam\u00f3wienia<\/strong> na kuponie<\/li>\n<li>The <strong>kod biletu<\/strong> na kuponie<\/li>\n<li>Dwa mo\u017cliwe <strong>preferowane daty<\/strong> na kt\u00f3rym chcia\u0142by\u015b lecie\u0107<\/li>\n<\/ul>\n<p>Jeste\u015bmy gotowi, aby Ci pom\u00f3c i upewni\u0107 si\u0119, \u017ce szybko zaczniesz dzia\u0142a\u0107!<\/p>","protected":false},"excerpt":{"rendered":"<p>Ups, co\u015b posz\u0142o nie tak! Wygl\u0105da na to, \u017ce przes\u0142anie danych vouchera nie posz\u0142o dobrze. Nie martw si\u0119, mo\u017cesz spr\u00f3bowa\u0107 ponownie lub skontaktowa\u0107 si\u0119 z nami za po\u015brednictwem naszej strony kontaktowej. Aby pom\u00f3c jak najszybciej, prosimy o podanie nast\u0119puj\u0105cych danych: Twoje imi\u0119 i nazwisko Twoje [...]<\/p>","protected":false},"author":3,"featured_media":0,"parent":0,"menu_order":0,"comment_status":"closed","ping_status":"closed","template":"","meta":{"_acf_changed":false,"footnotes":""},"class_list":["post-19962","page","type-page","status-publish","hentry"],"acf":[],"_links":{"self":[{"href":"https:\/\/123helikoptervluchten.nl\/pl\/wp-json\/wp\/v2\/pages\/19962","targetHints":{"allow":["GET"]}}],"collection":[{"href":"https:\/\/123helikoptervluchten.nl\/pl\/wp-json\/wp\/v2\/pages"}],"about":[{"href":"https:\/\/123helikoptervluchten.nl\/pl\/wp-json\/wp\/v2\/types\/page"}],"author":[{"embeddable":true,"href":"https:\/\/123helikoptervluchten.nl\/pl\/wp-json\/wp\/v2\/users\/3"}],"replies":[{"embeddable":true,"href":"https:\/\/123helikoptervluchten.nl\/pl\/wp-json\/wp\/v2\/comments?post=19962"}],"version-history":[{"count":0,"href":"https:\/\/123helikoptervluchten.nl\/pl\/wp-json\/wp\/v2\/pages\/19962\/revisions"}],"wp:attachment":[{"href":"https:\/\/123helikoptervluchten.nl\/pl\/wp-json\/wp\/v2\/media?parent=19962"}],"curies":[{"name":"wp","href":"https:\/\/api.w.org\/{rel}","templated":true}]}}