{"id":19958,"date":"2024-12-22T17:45:28","date_gmt":"2024-12-22T16:45:28","guid":{"rendered":"https:\/\/123helikoptervluchten.nl\/?page_id=19958"},"modified":"2025-08-01T16:53:23","modified_gmt":"2025-08-01T14:53:23","slug":"voucher-dzieki","status":"publish","type":"page","link":"https:\/\/123helikoptervluchten.nl\/pl\/voucher-dzieki\/","title":{"rendered":"Dzi\u0119kuj\u0119!"},"content":{"rendered":"<p><strong>Dzi\u0119kujemy za przes\u0142anie danych kuponu!<\/strong><br \/>\nSkontaktujemy si\u0119 z Tob\u0105 przez e-mail w ci\u0105gu 24 godzin. Prosimy r\u00f3wnie\u017c o obserwowanie folderu wiadomo\u015bci-\u015bmieci lub spamu przez nast\u0119pne 24 godziny. Nasza odpowied\u017a mo\u017ce tam trafi\u0107.<\/p>\n<p>\ud83d\udca1 <strong>Nadal co\u015b zmieniasz po przes\u0142aniu tego kuponu?<\/strong><br \/>\nUpewnij si\u0119, \u017ce nie utkniesz, je\u015bli Twoje plany ulegn\u0105 nieoczekiwanej zmianie. Dzi\u0119ki ubezpieczeniu od koszt\u00f3w rezygnacji mo\u017cesz bezp\u0142atnie prze\u0142o\u017cy\u0107 lot z 48-godzinnym wyprzedzeniem.<\/p>\n<div class=\"col-12 d-flex justify-content-center justify-content-xl-start mt-3\">\n  <a class=\"order px-4 py-3 d-inline-flex align-items-center\"\n     href=\"https:\/\/123helikoptervluchten.nl\/pl\/annuleringsverzekering\/\"\n     target=\"_blank\" rel=\"noopener\"\n     style=\"min-width: 320px; text-decoration: none;\"><br \/>\n    <span class=\"me-3 wobble-icon\" style=\"font-size: 1.2rem;\">\ud83d\ude81<\/span><br \/>\n    <span style=\"font-weight: 600;\">Dodaj teraz ubezpieczenie od koszt\u00f3w rezygnacji<\/span><br \/>\n  <\/a>\n<\/div>\n<div style=\"margin-top: 2rem;\"><\/div>\n<p>\u017byczymy <em>heli<\/em> mi\u0142ego dnia! \ud83d\ude81<\/p>","protected":false},"excerpt":{"rendered":"<p>Dzi\u0119kujemy za przes\u0142anie danych kuponu! Skontaktujemy si\u0119 z Tob\u0105 przez e-mail w ci\u0105gu 24 godzin. Prosimy r\u00f3wnie\u017c o obserwowanie folderu wiadomo\u015bci-\u015bmieci lub spamu w ci\u0105gu najbli\u017cszych 24 godzin. Nasza odpowied\u017a mo\u017ce tam trafi\u0107. \ud83d\udca1 Nadal chcesz co\u015b zmieni\u0107 po przes\u0142aniu tego kuponu? Upewnij si\u0119, \u017ce [...]<\/p>","protected":false},"author":3,"featured_media":0,"parent":0,"menu_order":0,"comment_status":"closed","ping_status":"closed","template":"","meta":{"_acf_changed":false,"footnotes":""},"class_list":["post-19958","page","type-page","status-publish","hentry"],"acf":[],"_links":{"self":[{"href":"https:\/\/123helikoptervluchten.nl\/pl\/wp-json\/wp\/v2\/pages\/19958","targetHints":{"allow":["GET"]}}],"collection":[{"href":"https:\/\/123helikoptervluchten.nl\/pl\/wp-json\/wp\/v2\/pages"}],"about":[{"href":"https:\/\/123helikoptervluchten.nl\/pl\/wp-json\/wp\/v2\/types\/page"}],"author":[{"embeddable":true,"href":"https:\/\/123helikoptervluchten.nl\/pl\/wp-json\/wp\/v2\/users\/3"}],"replies":[{"embeddable":true,"href":"https:\/\/123helikoptervluchten.nl\/pl\/wp-json\/wp\/v2\/comments?post=19958"}],"version-history":[{"count":0,"href":"https:\/\/123helikoptervluchten.nl\/pl\/wp-json\/wp\/v2\/pages\/19958\/revisions"}],"wp:attachment":[{"href":"https:\/\/123helikoptervluchten.nl\/pl\/wp-json\/wp\/v2\/media?parent=19958"}],"curies":[{"name":"wp","href":"https:\/\/api.w.org\/{rel}","templated":true}]}}