{"id":19240,"date":"2024-02-22T22:50:29","date_gmt":"2024-02-22T21:50:29","guid":{"rendered":"https:\/\/123helikoptervluchten.nl\/privacyverklaring-eu\/"},"modified":"2024-02-22T22:50:29","modified_gmt":"2024-02-22T21:50:29","slug":"privacyverklaring-eu","status":"publish","type":"page","link":"https:\/\/123helikoptervluchten.nl\/pl\/privacyverklaring-eu\/","title":{"rendered":"O\u015bwiadczenie o ochronie prywatno\u015bci (UE)"},"content":{"rendered":"<!-- Legal document generated by Complianz | GDPR\/CCPA Cookie Consent https:\/\/wordpress.org\/plugins\/complianz-gdpr -->\n<div id=\"cmplz-document\" class=\"cmplz-document privacy-statement cmplz-document-eu\"><p><i>Niniejsze o\u015bwiadczenie o ochronie prywatno\u015bci zosta\u0142o ostatnio zmienione 8 grudzie\u0144 2025 i dotyczy obywateli oraz legalnych sta\u0142ych rezydent\u00f3w Europejskiego Obszaru Gospodarczego i Szwajcarii.<\/i><br \/><br \/><\/p><p><p>W tym o\u015bwiadczeniu o ochronie prywatno\u015bci wyja\u015bniamy, co robimy z danymi, kt\u00f3re uzyskujemy o tobie za po\u015brednictwem <a href=\"https:\/\/123helikoptervluchten.nl\/pl\">https:\/\/123helikoptervluchten.nl\/pl<\/a>. Zalecamy uwa\u017cne przeczytanie tego o\u015bwiadczenia. Przetwarzaj\u0105c dane, przestrzegamy przepis\u00f3w dotycz\u0105cych prywatno\u015bci. Oznacza to mi\u0119dzy innymi, \u017ce:<\/p><ul>\n                <li>jasno okre\u015blamy cele, dla kt\u00f3rych przetwarzamy dane osobowe. Robimy to za pomoc\u0105 niniejszego o\u015bwiadczenia o ochronie prywatno\u015bci;<\/li>\n                <li>d\u0105\u017cymy do ograniczenia gromadzenia przez nas danych osobowych tylko do tych danych, kt\u00f3re s\u0105 niezb\u0119dne do uzasadnionych cel\u00f3w;<\/li>\n                <li>w pierwszej kolejno\u015bci prosimy o wyra\u017an\u0105 zgod\u0119 na przetwarzanie twoich danych osobowych w przypadkach wymagaj\u0105cych twojej zgody;<\/li>\n                <li>podejmujemy odpowiednie \u015brodki bezpiecze\u0144stwa, aby chroni\u0107 twoje dane osobowe, a tak\u017ce wymagamy tego od stron, kt\u00f3re przetwarzaj\u0105 dane osobowe w naszym imieniu;<\/li>\n                <li>szanujemy twoje prawo dost\u0119pu do twoich danych osobowych, ich poprawiania lub usuwania na twoje \u017c\u0105danie.<\/li>\n            <\/ul><p>Je\u015bli masz jakie\u015b pytania lub chcesz dok\u0142adnie wiedzie\u0107, jakie dane na tw\u00f3j temat przechowujemy, skontaktuj si\u0119 z nami.<\/p><\/p><h2>1. Cel, dane i okres przechowywania<\/h2>Mo\u017cemy zbiera\u0107 lub otrzymywa\u0107 dane osobowe w wielu celach zwi\u0105zanych z nasz\u0105 dzia\u0142alno\u015bci\u0105 biznesow\u0105, kt\u00f3re mog\u0105 obejmowa\u0107: (kliknij, aby rozwin\u0105\u0107)<details class=\"cmplz-dropdown dropdown-privacy-statement\"><summary><div><h3>1.1 Kontakt - przez telefon, poczt\u0119, e-mail i\/lub formularze<\/h3><\/div><\/summary><p class=\"cmplz-subtitle\">W tym celu wykorzystujemy nast\u0119puj\u0105ce dane:<\/p><p><ul><li>Imi\u0119 i nazwisko<\/li><li>Adres e-mail<\/li><li>Numer telefonu<\/li><li>adres IP<\/li><\/ul><\/p><p class=\"cmplz-subtitle\">Podstaw\u0105, na kt\u00f3rej mo\u017cemy przetwarza\u0107 te dane, jest:<\/p><p><a target=\"_blank\" rel=\"noopener noreferrer nofollow\" href=\"https:\/\/cookiedatabase.org\/legal-bases\/#consent\">Za zgod\u0105.<\/a><\/p><p class=\"cmplz-subtitle\">Okres przechowywania<\/p><p>Okres przechowywania okre\u015blamy wed\u0142ug ustalonych obiektywnych kryteri\u00f3w: Prawne maksimum<\/p><\/details><details class=\"cmplz-dropdown dropdown-privacy-statement\"><summary><div><h3>1.2 P\u0142atno\u015bci<\/h3><\/div><\/summary><p class=\"cmplz-subtitle\">W tym celu wykorzystujemy nast\u0119puj\u0105ce dane:<\/p><p><ul><li>Imi\u0119 i nazwisko<\/li><li>Domowy lub inny fizyczny adres, zawieraj\u0105cy nazw\u0119 ulicy oraz nazw\u0119 miasta<\/li><li>Adres e-mail<\/li><li>Numer telefonu<\/li><li>adres IP<\/li><li>Informacje o aktywno\u015bci w internecie zawieraj\u0105ce, ale nie ograniczone do, historii przegl\u0105dania, historii wyszukiwania oraz informacje dotycz\u0105ce interakcji konsumenta z witryn\u0105 internetow\u0105, aplikacj\u0105 lub reklam\u0105<\/li><\/ul><\/p><p class=\"cmplz-subtitle\">Podstaw\u0105, na kt\u00f3rej mo\u017cemy przetwarza\u0107 te dane, jest:<\/p><p><a target=\"_blank\" rel=\"noopener noreferrer nofollow\" href=\"https:\/\/cookiedatabase.org\/legal-bases\/#agreement\">Jest to niezb\u0119dne w celu wykonania umowy lub post\u0119powania przygotowawczego zwi\u0105zanego z umow\u0105, kt\u00f3rej stron\u0105 jest osoba, kt\u00f3rej dane dotycz\u0105.<\/a><\/p><p class=\"cmplz-subtitle\">Okres przechowywania<\/p><p>Okres przechowywania okre\u015blamy wed\u0142ug ustalonych obiektywnych kryteri\u00f3w: Prawne maksimum<\/p><\/details><details class=\"cmplz-dropdown dropdown-privacy-statement\"><summary><div><h3>1.3 Rejestracja konta<\/h3><\/div><\/summary><p class=\"cmplz-subtitle\">W tym celu wykorzystujemy nast\u0119puj\u0105ce dane:<\/p><p><ul><li>Imi\u0119 i nazwisko<\/li><li>Adres e-mail<\/li><li>adres IP<\/li><\/ul><\/p><p class=\"cmplz-subtitle\">Podstaw\u0105, na kt\u00f3rej mo\u017cemy przetwarza\u0107 te dane, jest:<\/p><p><a target=\"_blank\" rel=\"noopener noreferrer nofollow\" href=\"https:\/\/cookiedatabase.org\/legal-bases\/#agreement\">Jest to niezb\u0119dne w celu wykonania umowy lub post\u0119powania przygotowawczego zwi\u0105zanego z umow\u0105, kt\u00f3rej stron\u0105 jest osoba, kt\u00f3rej dane dotycz\u0105.<\/a><\/p><p class=\"cmplz-subtitle\">Okres przechowywania<\/p><p>Okres przechowywania okre\u015blamy wed\u0142ug ustalonych obiektywnych kryteri\u00f3w: Prawne maksimum<\/p><\/details><details class=\"cmplz-dropdown dropdown-privacy-statement\"><summary><div><h3>1.4 \u017beby wspiera\u0107 serwisy lub produkty, kt\u00f3re klient chce kupi\u0107 lub kupi\u0142<\/h3><\/div><\/summary><p class=\"cmplz-subtitle\">W tym celu wykorzystujemy nast\u0119puj\u0105ce dane:<\/p><p><ul><li>Imi\u0119 i nazwisko<\/li><li>Adres e-mail<\/li><li>adres IP<\/li><li>Informacje o aktywno\u015bci w internecie zawieraj\u0105ce, ale nie ograniczone do, historii przegl\u0105dania, historii wyszukiwania oraz informacje dotycz\u0105ce interakcji konsumenta z witryn\u0105 internetow\u0105, aplikacj\u0105 lub reklam\u0105<\/li><\/ul><\/p><p class=\"cmplz-subtitle\">Podstaw\u0105, na kt\u00f3rej mo\u017cemy przetwarza\u0107 te dane, jest:<\/p><p><a target=\"_blank\" rel=\"noopener noreferrer nofollow\" href=\"https:\/\/cookiedatabase.org\/legal-bases\/#agreement\">Jest to niezb\u0119dne w celu wykonania umowy lub post\u0119powania przygotowawczego zwi\u0105zanego z umow\u0105, kt\u00f3rej stron\u0105 jest osoba, kt\u00f3rej dane dotycz\u0105.<\/a><\/p><p class=\"cmplz-subtitle\">Okres przechowywania<\/p><p>Okres przechowywania okre\u015blamy wed\u0142ug ustalonych obiektywnych kryteri\u00f3w: Prawne maksimum<\/p><\/details><details class=\"cmplz-dropdown dropdown-privacy-statement\"><summary><div><h3>1.5 Aby m\u00f3c wype\u0142ni\u0107 zobowi\u0105zania prawne<\/h3><\/div><\/summary><p class=\"cmplz-subtitle\">W tym celu wykorzystujemy nast\u0119puj\u0105ce dane:<\/p><p><ul><li>Imi\u0119 i nazwisko<\/li><li>Adres e-mail<\/li><li>adres IP<\/li><\/ul><\/p><p class=\"cmplz-subtitle\">Podstaw\u0105, na kt\u00f3rej mo\u017cemy przetwarza\u0107 te dane, jest:<\/p><p><a target=\"_blank\" rel=\"noopener noreferrer nofollow\" href=\"https:\/\/cookiedatabase.org\/legal-bases\/#consent\">Za zgod\u0105.<\/a><\/p><p class=\"cmplz-subtitle\">Okres przechowywania<\/p><p>Okres przechowywania okre\u015blamy wed\u0142ug ustalonych obiektywnych kryteri\u00f3w: Prawne maksimum<\/p><\/details><details class=\"cmplz-dropdown dropdown-privacy-statement\"><summary><div><h3>1.6 Tworzenie 6 i analizowanie statystyk w celu ulepszania witryny.<\/h3><\/div><\/summary><p class=\"cmplz-subtitle\">W tym celu wykorzystujemy nast\u0119puj\u0105ce dane:<\/p><p><ul><li>Informacje o aktywno\u015bci w internecie zawieraj\u0105ce, ale nie ograniczone do, historii przegl\u0105dania, historii wyszukiwania oraz informacje dotycz\u0105ce interakcji konsumenta z witryn\u0105 internetow\u0105, aplikacj\u0105 lub reklam\u0105<\/li><li>adres IP<\/li><\/ul><\/p><p class=\"cmplz-subtitle\">Podstaw\u0105, na kt\u00f3rej mo\u017cemy przetwarza\u0107 te dane, jest:<\/p><p><a target=\"_blank\" rel=\"noopener noreferrer nofollow\" href=\"https:\/\/cookiedatabase.org\/legal-bases\/#agreement\">Jest to niezb\u0119dne w celu wykonania umowy lub post\u0119powania przygotowawczego zwi\u0105zanego z umow\u0105, kt\u00f3rej stron\u0105 jest osoba, kt\u00f3rej dane dotycz\u0105.<\/a><\/p><p class=\"cmplz-subtitle\">Okres przechowywania<\/p><p>Okres przechowywania okre\u015blamy wed\u0142ug ustalonych obiektywnych kryteri\u00f3w: Prawne maksimum<\/p><\/details><details class=\"cmplz-dropdown dropdown-privacy-statement\"><summary><div><h3>1.7 Aby m\u00f3c oferowa\u0107 spersonalizowane produkty oraz us\u0142ugi<\/h3><\/div><\/summary><p class=\"cmplz-subtitle\">W tym celu wykorzystujemy nast\u0119puj\u0105ce dane:<\/p><p><ul><li>Imi\u0119 i nazwisko<\/li><li>Adres e-mail<\/li><li>adres IP<\/li><li>Informacje o aktywno\u015bci w internecie zawieraj\u0105ce, ale nie ograniczone do, historii przegl\u0105dania, historii wyszukiwania oraz informacje dotycz\u0105ce interakcji konsumenta z witryn\u0105 internetow\u0105, aplikacj\u0105 lub reklam\u0105<\/li><\/ul><\/p><p class=\"cmplz-subtitle\">Podstaw\u0105, na kt\u00f3rej mo\u017cemy przetwarza\u0107 te dane, jest:<\/p><p><a target=\"_blank\" rel=\"noopener noreferrer nofollow\" href=\"https:\/\/cookiedatabase.org\/legal-bases\/#agreement\">Jest to niezb\u0119dne w celu wykonania umowy lub post\u0119powania przygotowawczego zwi\u0105zanego z umow\u0105, kt\u00f3rej stron\u0105 jest osoba, kt\u00f3rej dane dotycz\u0105.<\/a><\/p><p class=\"cmplz-subtitle\">Okres przechowywania<\/p><p>Okres przechowywania okre\u015blamy wed\u0142ug ustalonych obiektywnych kryteri\u00f3w: Prawne maksimum<\/p><\/details><details class=\"cmplz-dropdown dropdown-privacy-statement\"><summary><div><h3>1.8 Dostawy<\/h3><\/div><\/summary><p class=\"cmplz-subtitle\">W tym celu wykorzystujemy nast\u0119puj\u0105ce dane:<\/p><p><ul><li>Imi\u0119 i nazwisko<\/li><li>Domowy lub inny fizyczny adres, zawieraj\u0105cy nazw\u0119 ulicy oraz nazw\u0119 miasta<\/li><li>Adres e-mail<\/li><\/ul><\/p><p class=\"cmplz-subtitle\">Podstaw\u0105, na kt\u00f3rej mo\u017cemy przetwarza\u0107 te dane, jest:<\/p><p><a target=\"_blank\" rel=\"noopener noreferrer nofollow\" href=\"https:\/\/cookiedatabase.org\/legal-bases\/#consent\">Za zgod\u0105.<\/a><\/p><p class=\"cmplz-subtitle\">Okres przechowywania<\/p><p>Okres przechowywania okre\u015blamy wed\u0142ug ustalonych obiektywnych kryteri\u00f3w: Prawne maksimum<\/p><\/details><h2>2. Udost\u0119pnianie innym stronom<\/h2><p>Udost\u0119pniamy te dane wy\u0142\u0105cznie podmiotom przetwarzaj\u0105cym oraz innym podmiotom trzecim, w przypadku kt\u00f3rych wymagana jest zgoda.<\/p><p class=\"cmplz-subtitle\">Podmioty przetwarzaj\u0105ce<\/p><p><b>Nazwa<\/b>&nbsp;Google Analytics<br \/>\n            <b>Kraj:<\/b>&nbsp;<br \/>\n            <b>Cele:<\/b>&nbsp;<br \/>\n            <b>Nazwa<\/b>&nbsp;Mened\u017cer tag\u00f3w Google<br \/>\n            <b>Kraj:<\/b>&nbsp;<br \/>\n            <b>Cele:<\/b>&nbsp;<br \/>\n            <\/p><p class=\"cmplz-subtitle\">Inne firmy<\/p><p>\n                <b>Nazwa<\/b>&nbsp;Trengo<br \/>\n                <b>Kraj:<\/b>&nbsp;[kraj]<br \/>\n                <b>Cele:<\/b>&nbsp;<br \/>\n                <b>Dane:<\/b>&nbsp;[daty]\n            <\/p><h2>3. Pliki cookie<\/h2><p>Nasza witryna wykorzystuje pliki cookies. Aby uzyska\u0107 wi\u0119cej informacji na temat plik\u00f3w cookies, zapoznaj si\u0119 z nasz\u0105 witryn\u0105 <a href=\"https:\/\/123helikoptervluchten.nl\/pl\/cookiebeleid-eu\/\">Polityka plik\u00f3w cookie<\/a>.&nbsp;<\/p><h2>4. Praktyki ujawniania informacji<\/h2><p><p>Udost\u0119pniamy dane osobowe, je\u017celi jeste\u015bmy zobowi\u0105zani przepisami prawa lub na mocy postanowienia s\u0105du, w odpowiedzi na wezwanie organu \u015bcigania, w zakresie dozwolonym na podstawie innych przepis\u00f3w prawa, w celu udzielenia informacji lub w celu przeprowadzenia post\u0119powania wyja\u015bniaj\u0105cego w sprawie zwi\u0105zanej z bezpiecze\u0144stwem publicznym.<\/p><p>Je\u017celi nasza strona internetowa lub organizacja zostanie przej\u0119ta, sprzedana lub zaanga\u017cowana w fuzj\u0119 lub przej\u0119cie, Twoje dane mog\u0105 zosta\u0107 ujawnione naszym doradcom i potencjalnym nabywcom oraz zostan\u0105 przekazane nowym w\u0142a\u015bcicielom.<\/p><\/p><p>Zawarli\u015bmy z Google umow\u0119 o przetwarzaniu danych.<\/p><p>Google nie mo\u017ce wykorzystywa\u0107 danych do \u017cadnych innych us\u0142ug Google.<\/p><p>W\u0142\u0105czanie pe\u0142nych adres\u00f3w IP jest przez nas blokowane.<\/p><h2>5. Bezpiecze\u0144stwo<\/h2><p>Dbamy o bezpiecze\u0144stwo danych osobowych. Podejmujemy odpowiednie \u015brodki bezpiecze\u0144stwa, aby ograniczy\u0107 nadu\u017cycia i nieuprawniony dost\u0119p do danych osobowych. Gwarantuje to, \u017ce tylko niezb\u0119dne osoby maj\u0105 dost\u0119p do twoich danych, dost\u0119p do danych jest chroniony, a nasze \u015brodki bezpiecze\u0144stwa s\u0105 regularnie sprawdzane.<\/p><h2>6. Witryny podmiot\u00f3w zewn\u0119trznych<\/h2><p>Niniejsze o\u015bwiadczenie o ochronie prywatno\u015bci nie ma zastosowania do stron internetowych os\u00f3b trzecich po\u0142\u0105czonych linkami na naszej stronie internetowej. Nie mo\u017cemy zagwarantowa\u0107, \u017ce strony trzecie przetwarzaj\u0105 twoje dane osobowe w spos\u00f3b niezawodny lub bezpieczny. Zalecamy zapoznanie si\u0119 z o\u015bwiadczeniami dotycz\u0105cymi ochrony prywatno\u015bci tych witryn przed rozpocz\u0119ciem korzystania z nich.<\/p><h2>7. Zmiany niniejszego o\u015bwiadczenia o ochronie prywatno\u015bci<\/h2><p>Zastrzegamy sobie prawo do wprowadzania zmian w niniejszym o\u015bwiadczeniu o ochronie prywatno\u015bci. Zaleca si\u0119 regularne sprawdzanie niniejszego o\u015bwiadczenia o ochronie prywatno\u015bci, aby by\u0107 \u015bwiadomym wszelkich zmian. Ponadto b\u0119dziemy Ci\u0119 aktywnie informowa\u0107, gdy tylko b\u0119dzie to mo\u017cliwe.<\/p><h2>8. Dost\u0119p i modyfikowanie danych<\/h2><p>Je\u015bli masz jakiekolwiek pytania lub chcesz wiedzie\u0107, jakie dane osobowe posiadamy na tw\u00f3j temat, skontaktuj si\u0119 z nami. Mo\u017cesz skontaktowa\u0107 si\u0119 z nami, korzystaj\u0105c z poni\u017cszych informacji. Przys\u0142uguj\u0105 Ci nast\u0119puj\u0105ce prawa:<\/p><ul>\n                <li>Masz prawo wiedzie\u0107, dlaczego potrzebne s\u0105 twoje dane osobowe, co si\u0119 z nimi stanie i jak d\u0142ugo b\u0119d\u0105 przechowywane.<\/li>\n                <li>Prawo dost\u0119pu: Masz prawo dost\u0119pu do swoich danych osobowych, kt\u00f3re s\u0105 nam znane.<\/li>\n                <li>Prawo do sprostowania: masz prawo do uzupe\u0142niania, poprawiania, usuwania lub blokowania swoich danych osobowych w dowolnym momencie.<\/li>\n                <li>Je\u015bli wyrazisz zgod\u0119 na przetwarzanie twoich danych, przys\u0142uguje ci prawo do cofni\u0119cia tej zgody i usuni\u0119cia twoich danych osobowych.<\/li>\n                <li>Prawo do przenoszenia danych: masz prawo za\u017c\u0105da\u0107 wszystkich swoich danych osobowych od administratora i przenie\u015b\u0107 je w ca\u0142o\u015bci do innego administratora.<\/li>\n                <li>Prawo do sprzeciwu: mo\u017cesz sprzeciwi\u0107 si\u0119 przetwarzaniu twoich danych. Przestrzegamy tego, chyba \u017ce istniej\u0105 uzasadnione podstawy do przetwarzania.<\/li>\n            <\/ul><p>Upewnij si\u0119, \u017ce zawsze jasno okre\u015blasz, kim jeste\u015b, aby\u015bmy mieli pewno\u015b\u0107, \u017ce nie modyfikujemy ani nie u\u017cywamy \u017cadnych danych niew\u0142a\u015bciwej osoby.<\/p><h2>9. Z\u0142o\u017cy\u0107 skarg\u0119<\/h2><p>Je\u017celi nie jeste\u015b zadowolony ze sposobu, w jaki obs\u0142ugujemy przetwarzanie twoich danych osobowych (skarga dotycz\u0105ca), przys\u0142uguje ci prawo wniesienia skargi do Urz\u0119du Ochrony Danych.<\/p><h2>10. Dane kontaktowe<\/h2><p>123Helikoptervluchten<br \/>\n        Odra 20<br \/>\n        Holandia<br \/>\n        Witryna:  <a href=\"https:\/\/123helikoptervluchten.nl\/pl\">https:\/\/123helikoptervluchten.nl\/pl<\/a> <br \/>\n        E-mail: <span class=\"cmplz-obfuscate\">info@<span class=\"cmplz-fmail-domain\">ex.com<\/span>1&#050;3he&#108;&#105;&#107;&#111;&#112;terv&#108;&#117;&#099;&#104;&#116;e&#110;&#046;n&#108;<\/span> <br \/>\n        Numer telefonu: 070-7007878<\/p><h2>Aneks<\/h2><p><h2>WooCommerce<\/h2><p>Ten przyk\u0142adowy tekst zawiera podstawowe informacje o tym, jakie dane osobowe sklep mo\u017ce gromadzi\u0107, przechowywa\u0107 i udost\u0119pnia\u0107, a tak\u017ce kto mo\u017ce mie\u0107 dost\u0119p do tych danych. W zale\u017cno\u015bci od tego, jakie ustawienia s\u0105 w\u0142\u0105czone i jakie dodatkowe wtyczki s\u0105 u\u017cywane, konkretne informacje udost\u0119pniane przez Tw\u00f3j sklep mog\u0105 si\u0119 r\u00f3\u017cni\u0107. Zalecamy zasi\u0119gni\u0119cie porady prawnika przy podejmowaniu decyzji o tym, jakie informacje nale\u017cy uwzgl\u0119dni\u0107 w polityce prywatno\u015bci.<\/p><p>Zbieramy informacje o u\u017cytkowniku podczas procesu p\u0142atno\u015bci w naszym sklepie.<\/p><h2>Co zbieramy i przechowujemy<\/h2><p>Gdy u\u017cytkownik odwiedza nasz\u0105 witryn\u0119, gromadzimy nast\u0119puj\u0105ce dane:<\/p><ul><li>Produkty przegl\u0105dane przez u\u017cytkownika: wykorzystujemy te dane na przyk\u0142ad do wy\u015bwietlania ostatnio przegl\u0105danych produkt\u00f3w.<\/li><li>Lokalizacja, adres IP i typ przegl\u0105darki: u\u017cywamy tych danych do obliczania dop\u0142at podatkowych i koszt\u00f3w wysy\u0142ki.<\/li><li>Adres wysy\u0142ki: prosimy o podanie tych informacji, aby\u015bmy mogli na przyk\u0142ad obliczy\u0107 koszty wysy\u0142ki przed z\u0142o\u017ceniem zam\u00f3wienia, a nast\u0119pnie wys\u0142a\u0107 zam\u00f3wienie do Ciebie!<\/li><\/ul><p>U\u017cywamy r\u00f3wnie\u017c plik\u00f3w cookie do przechowywania produkt\u00f3w w koszyku podczas przegl\u0105dania naszej witryny.<\/p><p>Uwaga: Mo\u017cesz szczeg\u00f3\u0142owo opisa\u0107 swoj\u0105 polityk\u0119 dotycz\u0105c\u0105 plik\u00f3w cookie i doda\u0107 link do tej sekcji tutaj.<\/p><p>Podczas zakupu produkt\u00f3w od nas prosimy o podanie informacji, w tym imienia i nazwiska, adresu rozliczeniowego, adresu wysy\u0142ki, adresu e-mail, numeru telefonu, danych karty kredytowej \/ p\u0142atno\u015bci oraz opcjonalnych informacji o koncie, takich jak nazwa u\u017cytkownika i has\u0142o. U\u017cywamy tych informacji do nast\u0119puj\u0105cych cel\u00f3w:<\/p><ul><li>Wysy\u0142anie informacji o koncie i zam\u00f3wieniu u\u017cytkownika<\/li><li>Odpowiadanie na \u017c\u0105dania u\u017cytkownika, w tym zwroty i skargi<\/li><li>Przetwarzanie p\u0142atno\u015bci i zapobieganie oszustwom<\/li><li>Aby za\u0142o\u017cy\u0107 konto w naszym sklepie<\/li><li>Przestrzeganie wszelkich ci\u0105\u017c\u0105cych na nas zobowi\u0105za\u0144 prawnych, takich jak obliczanie podatk\u00f3w.<\/li><li>Aby ulepszy\u0107 nasz\u0105 ofert\u0119 detaliczn\u0105<\/li><li>W celu wysy\u0142ania u\u017cytkownikowi wiadomo\u015bci marketingowych, je\u015bli u\u017cytkownik wyrazi na to zgod\u0119<\/li><\/ul><p>Je\u015bli u\u017cytkownik utworzy konto, jego imi\u0119 i nazwisko, adres, adres e-mail i numer telefonu zostan\u0105 wykorzystane do automatycznego wype\u0142nienia danych zam\u00f3wienia przy kolejnych zam\u00f3wieniach.<\/p><p>Og\u00f3lnie rzecz bior\u0105c, przechowujemy informacje o u\u017cytkowniku tak d\u0142ugo, jak potrzebujemy ich do cel\u00f3w, dla kt\u00f3rych je gromadzimy i wykorzystujemy. Nie jeste\u015bmy prawnie zobowi\u0105zani do ich przechowywania. Na przyk\u0142ad przechowujemy informacje o zam\u00f3wieniach przez XXX lat do cel\u00f3w podatkowych i ksi\u0119gowych. Informacje te obejmuj\u0105 imi\u0119 i nazwisko, adres e-mail oraz adres rozliczeniowy i adres wysy\u0142ki.<\/p><p>Zapiszemy r\u00f3wnie\u017c komentarze lub recenzje, je\u015bli je zostawisz.<\/p><h2>Kto z naszego zespo\u0142u ma dost\u0119p<\/h2><p>Cz\u0142onkowie naszego zespo\u0142u maj\u0105 dost\u0119p do informacji przekazanych nam przez u\u017cytkownika. Na przyk\u0142ad zar\u00f3wno administratorzy, jak i kierownicy sklep\u00f3w maj\u0105 dost\u0119p do:<\/p><ul><li>Informacje o zam\u00f3wieniu, takie jak zakupione produkty, data zakupu i adres dostawy, oraz<\/li><li>Informacje o kliencie, takie jak imi\u0119 i nazwisko, adres e-mail, informacje o wysy\u0142ce i p\u0142atno\u015bci.<\/li><\/ul><p>Cz\u0142onkowie naszego zespo\u0142u maj\u0105 dost\u0119p do tych informacji w celu realizacji zam\u00f3wie\u0144, przetwarzania zam\u00f3wie\u0144, dokonywania zwrot\u00f3w i zapewniania wsparcia.<\/p><h2>Czym dzielimy si\u0119 z innymi<\/h2><p>Dane, kt\u00f3re udost\u0119pniamy, to Google Analytics, Google Tag Manager, Mollie jako bramka do p\u0142atno\u015bci, Stripe do p\u0142atno\u015bci Apple Pay i Trengo do czatu i komunikacji CRM.&nbsp;<\/p><h3>P\u0142atno\u015bci<\/h3><p>Akceptujemy p\u0142atno\u015bci za po\u015brednictwem iDEAL, Creditcard i Klarna. Podczas przetwarzania p\u0142atno\u015bci niekt\u00f3re dane s\u0105 przekazywane do iDEAL, Creditcard lub Klarna. Obejmuje to informacje niezb\u0119dne do przetworzenia lub obs\u0142ugi p\u0142atno\u015bci, takie jak ca\u0142kowita kwota zakupu i szczeg\u00f3\u0142y faktury.<\/p><p>&nbsp;<\/p><h2>Solidne bezpiecze\u0144stwo<\/h2><h2>Jakie dane osobowe gromadzimy i dlaczego je gromadzimy<\/h2><h3>Pliki cookie<\/h3><p><strong>Sugerowany tekst: <\/strong>Plik cookie o nazwie \"itsec_interstitial_browser\" jest tworzony w celu \u015bledzenia procesu logowania u\u017cytkownika w celu wdro\u017cenia ulepszonych funkcji bezpiecze\u0144stwa.<\/p><h3>Dzienniki zabezpiecze\u0144<\/h3><p><strong>Sugerowany tekst: <\/strong>Adres IP odwiedzaj\u0105cych, identyfikator u\u017cytkownika zalogowanych u\u017cytkownik\u00f3w i nazwa u\u017cytkownika pr\u00f3b logowania s\u0105 warunkowo rejestrowane w celu sprawdzenia z\u0142o\u015bliwej aktywno\u015bci i ochrony witryny przed okre\u015blonymi rodzajami atak\u00f3w. Przyk\u0142ady warunk\u00f3w, w kt\u00f3rych nast\u0119puje rejestrowanie, obejmuj\u0105 pr\u00f3by logowania, \u017c\u0105dania wylogowania, \u017c\u0105dania podejrzanych adres\u00f3w URL, zmiany zawarto\u015bci witryny i aktualizacje hase\u0142. Informacje te s\u0105 przechowywane przez 15 dni.<\/p><h2>Komu udost\u0119pniamy dane u\u017cytkownika<\/h2><p>Po uruchomieniu Security Check, solidwp.com skontaktuje si\u0119 w ramach procesu w celu ustalenia, czy witryna obs\u0142uguje \u017c\u0105dania TLS\/SSL. W ramach tego procesu do solidwp.com nie s\u0105 wysy\u0142ane \u017cadne dane osobowe. \u017b\u0105dania kierowane do solidwp.com zawieraj\u0105 adres URL witryny. Szczeg\u00f3\u0142owe informacje na temat polityki prywatno\u015bci solidwp.com mo\u017cna znale\u017a\u0107 na stronie <a href=\"https:\/\/go.solidwp.com\/solid-privacy-policy\" rel=\"nofollow noopener\" target=\"_blank\">Polityka prywatno\u015bci SolidWP<\/a>.<\/p><p><strong>Sugerowany tekst: <\/strong>Ta strona jest skanowana pod k\u0105tem potencjalnego z\u0142o\u015bliwego oprogramowania i luk w zabezpieczeniach przez SolidWP Site Scanner. Nie wysy\u0142amy danych osobowych do skanera; jednak\u017ce skaner mo\u017ce znale\u017a\u0107 dane osobowe opublikowane publicznie (np. w komentarzach) podczas skanowania.<\/p><p>W celu zapewnienia integralno\u015bci plik\u00f3w, Solid Security pobiera dane z wordpress.org, solidwp.com, ithemes.com i amazonaws.com. \u017badne dane osobowe nie s\u0105 wysy\u0142ane do tych witryn. Zapytania do wordpress.org zawieraj\u0105 wersj\u0119 WordPress, ustawienia regionalne witryny, list\u0119 zainstalowanych wtyczek i list\u0119 wersji ka\u017cdej wtyczki. Zapytania do solidwp.com i amazonaws.com zawieraj\u0105 zainstalowane produkty SolidWP i ich wersje. Szczeg\u00f3\u0142owe informacje na temat polityki prywatno\u015bci wordpress.org mo\u017cna znale\u017a\u0107 na stronie <a href=\"https:\/\/wordpress.org\/about\/privacy\/\" rel=\"nofollow noopener\" target=\"_blank\">Polityka prywatno\u015bci WordPress<\/a>. Szczeg\u00f3\u0142owe informacje na temat polityki prywatno\u015bci solidwp.com mo\u017cna znale\u017a\u0107 na stronie <a href=\"https:\/\/go.solidwp.com\/solid-privacy-policy\" rel=\"nofollow noopener\" target=\"_blank\">Polityka prywatno\u015bci SolidWP<\/a>. \u017b\u0105dania do amazonaws.com maj\u0105 na celu pobranie tre\u015bci dodanej i zarz\u0105dzanej przez SolidWP, kt\u00f3ra jest obj\u0119ta przez <a href=\"https:\/\/aws.amazon.com\/compliance\/data-privacy-faq\/\" rel=\"nofollow noopener\" target=\"_blank\">Polityka prywatno\u015bci danych Amazon Web Services<\/a>.<\/p><h2>Jak d\u0142ugo przechowujemy dane u\u017cytkownika<\/h2><p><strong>Sugerowany tekst: <\/strong>Dzienniki bezpiecze\u0144stwa s\u0105 przechowywane przez 15 dni.<\/p><h2>Gdzie wysy\u0142amy dane u\u017cytkownika<\/h2><p><strong>Sugerowany tekst: <\/strong>Ta witryna jest cz\u0119\u015bci\u0105 sieci witryn chroni\u0105cych przed rozproszonymi atakami typu brute force. Aby umo\u017cliwi\u0107 t\u0119 ochron\u0119, adres IP odwiedzaj\u0105cych pr\u00f3buj\u0105cych zalogowa\u0107 si\u0119 na stronie jest udost\u0119pniany us\u0142udze \u015bwiadczonej przez solidwp.com. Szczeg\u00f3\u0142owe informacje na temat polityki prywatno\u015bci mo\u017cna znale\u017a\u0107 na stronie <a href=\"https:\/\/go.solidwp.com\/solid-privacy-policy\" rel=\"nofollow noopener\" target=\"_blank\">Polityka prywatno\u015bci SolidWP<\/a>.<\/p><\/p><\/div>","protected":false},"excerpt":{"rendered":"","protected":false},"author":3,"featured_media":0,"parent":0,"menu_order":0,"comment_status":"closed","ping_status":"closed","template":"","meta":{"_acf_changed":false,"footnotes":""},"class_list":["post-19240","page","type-page","status-publish","hentry"],"acf":[],"_links":{"self":[{"href":"https:\/\/123helikoptervluchten.nl\/pl\/wp-json\/wp\/v2\/pages\/19240","targetHints":{"allow":["GET"]}}],"collection":[{"href":"https:\/\/123helikoptervluchten.nl\/pl\/wp-json\/wp\/v2\/pages"}],"about":[{"href":"https:\/\/123helikoptervluchten.nl\/pl\/wp-json\/wp\/v2\/types\/page"}],"author":[{"embeddable":true,"href":"https:\/\/123helikoptervluchten.nl\/pl\/wp-json\/wp\/v2\/users\/3"}],"replies":[{"embeddable":true,"href":"https:\/\/123helikoptervluchten.nl\/pl\/wp-json\/wp\/v2\/comments?post=19240"}],"version-history":[{"count":0,"href":"https:\/\/123helikoptervluchten.nl\/pl\/wp-json\/wp\/v2\/pages\/19240\/revisions"}],"wp:attachment":[{"href":"https:\/\/123helikoptervluchten.nl\/pl\/wp-json\/wp\/v2\/media?parent=19240"}],"curies":[{"name":"wp","href":"https:\/\/api.w.org\/{rel}","templated":true}]}}