{"id":19,"date":"2021-04-14T12:47:38","date_gmt":"2021-04-14T12:47:38","guid":{"rendered":"https:\/\/dev.surv.nl\/123h\/?page_id=19"},"modified":"2025-05-01T17:04:37","modified_gmt":"2025-05-01T15:04:37","slug":"contact","status":"publish","type":"page","link":"https:\/\/123helikoptervluchten.nl\/pl\/contact\/","title":{"rendered":"Kontakt"},"content":{"rendered":"<h2>Wybierz swoj\u0105 drog\u0119<\/h2>\n<ul class=\"contact_list\">\n<li class=\"contact_icon whatsapp d-block d-sm-none\"><a id=\"trengo-whatsapp\" href=\"https:\/\/wa.me\/31852127727?text=Hi, mam pytanie\" rel=\"nofollow noopener\" target=\"_blank\"><i class=\"icon-whatsapp\"><\/i>Whatsapp<\/a><\/li>\n<li class=\"contact_icon online_chat\"><a href=\"https:\/\/chat.123h.nl\/widget\/5ecb746da81b47a2ac5e5a71516e5a6e\" rel=\"nofollow noopener\" target=\"_blank\"><i class=\"icon-comments-o\"><\/i>Zapytaj HeliGPT <strong>(TIP)<\/strong><\/a><\/li>\n<li class=\"contact_icon online_chat\"><a id=\"trengo-helpcenter\" href=\"#\"><i class=\"icon-comments-o\"><\/i>Cz\u0119sto zadawane pytania<\/a><\/li>\n<li class=\"contact_icon email\"><a id=\"trengo-email\" href=\"#\"><i class=\"icon-envelope-o\"><\/i>E-mail<\/a><\/li>\n<li class=\"contact_icon facebook\"><a id=\"trengo-facebook\" href=\"#\"><i class=\"icon-facebook-f\"><\/i>Facebook<\/a><\/li>\n<li class=\"contact_icon phone\"><i class=\"icon-phone\"><\/i>+31 70 &#8211; 700 7878<\/li>\n<li class=\"contact_icon form\"><a href=\"#Maatwerk\"><i class=\"icon-address-card-o\"><\/i>Formularz poni\u017cej<\/a><\/li>\n<\/ul>\n<div class=\"row\">\n<div class=\"col-12 text-center\">\n<p class=\"main-text\">\"Od pyta\u0144 staniesz si\u0119 m\u0105dry. Odpowiedz w ci\u0105gu 24 godzin, twoja pomoc jest w drodze\".<\/p>\n<\/div>\n<\/div>\n<div class=\"row\">\n<div class=\"col-xl-8 col-sm-12 mt-4 mt-sm-0\"><select id=\"Maatwerk\" class=\"style-input\" spellcheck=\"false\" onchange=\"location = this.value;\" data-gramm=\"false\"><option selected=\"selected\" value=\"\">Mam og\u00f3lne pytanie<\/option><option value=\"\/offerte\/?maatwerk=Ik%20wil%20van%20A%20naar%20B%20vliegen\">Chc\u0119 polecie\u0107 z punktu A do punktu B<\/option><option value=\"\/offerte\/?maatwerk=Eigen%20opstaplocatie%20kiezen\">Wybierz w\u0142asn\u0105 lokalizacj\u0119 odbioru<\/option><option value=\"\/offerte\/?maatwerk=Ik%20heb%20specifieke%20wensen%20die%20ik%20wil%20bespreken\">Mam konkretne wymagania, kt\u00f3re chc\u0119 om\u00f3wi\u0107<\/option><option value=\"\/offerte\/?maatwerk=Ik%20wil%20een%20evenement%20organiseren\">Chc\u0119 zorganizowa\u0107 wydarzenie<\/option><option value=\"\/offerte\/?maatwerk=Ik%20wil%20trouwen%20per%20helikopter\">Chc\u0119 wzi\u0105\u0107 \u015blub helikopterem<\/option><\/select><br \/>\n<style id=\"wpforms-css-vars-12883\">\n\t\t\t\t#wpforms-12883 {\n\t\t\t\t\n\t\t\t}\n\t\t\t<\/style><div class=\"wpforms-container wpforms-container-full wpforms-render-modern\" id=\"wpforms-12883\"><form id=\"wpforms-form-12883\" class=\"wpforms-validate wpforms-form wpforms-ajax-form\" data-formid=\"12883\" method=\"post\" enctype=\"multipart\/form-data\" action=\"\/pl\/wp-json\/wp\/v2\/pages\/19\" data-token=\"f48adbff542fc8d70064803357682de6\" data-token-time=\"1776545049\" data-trp-original-action=\"\/pl\/wp-json\/wp\/v2\/pages\/19\"><noscript class=\"wpforms-error-noscript\">Aby wype\u0142ni\u0107 ten formularz, w\u0142\u0105cz obs\u0142ug\u0119 JavaScript w przegl\u0105darce.<\/noscript><div id=\"wpforms-error-noscript\" style=\"display: none;\">Aby wype\u0142ni\u0107 ten formularz, w\u0142\u0105cz obs\u0142ug\u0119 JavaScript w przegl\u0105darce.<\/div><div class=\"wpforms-field-container\"><div id=\"wpforms-12883-field_0-container\" class=\"wpforms-field wpforms-field-text\" data-field-id=\"0\"><label class=\"wpforms-field-label\" for=\"wpforms-12883-field_0\">Nazwa <span class=\"wpforms-required-label\" aria-hidden=\"true\">*<\/span><\/label><input type=\"text\" id=\"wpforms-12883-field_0\" class=\"wpforms-field-large wpforms-field-required\" name=\"wpforms[fields][0]\" aria-errormessage=\"wpforms-12883-field_0-error\" required><\/div><div id=\"wpforms-12883-field_2-container\" class=\"wpforms-field wpforms-field-email\" data-field-id=\"2\"><label class=\"wpforms-field-label\" for=\"wpforms-12883-field_2\">E-mail <span class=\"wpforms-required-label\" aria-hidden=\"true\">*<\/span><\/label><input type=\"email\" id=\"wpforms-12883-field_2\" class=\"wpforms-field-large wpforms-field-required\" name=\"wpforms[fields][2]\" spellcheck=\"false\" aria-errormessage=\"wpforms-12883-field_2-error\" required><\/div><div id=\"wpforms-12883-field_9-container\" class=\"wpforms-field wpforms-field-phone\" data-field-id=\"9\"><label class=\"wpforms-field-label\" for=\"wpforms-12883-field_9\">Numer telefonu<\/label><input type=\"tel\" id=\"wpforms-12883-field_9\" class=\"wpforms-field-large\" data-rule-int-phone-field=\"true\" name=\"wpforms[fields][9]\" aria-label=\"Numer telefonu\" aria-errormessage=\"wpforms-12883-field_9-error\" ><\/div><div id=\"wpforms-12883-field_4-container\" class=\"wpforms-field wpforms-field-textarea\" data-field-id=\"4\"><label class=\"wpforms-field-label\" for=\"wpforms-12883-field_4\">Wiadomo\u015b\u0107 <span class=\"wpforms-required-label\" aria-hidden=\"true\">*<\/span><\/label><textarea id=\"wpforms-12883-field_4\" class=\"wpforms-field-large wpforms-field-required\" name=\"wpforms[fields][4]\" aria-errormessage=\"wpforms-12883-field_4-error\" required><\/textarea><\/div><div id=\"wpforms-12883-field_12-container\" class=\"wpforms-field wpforms-field-gdpr-checkbox\" data-field-id=\"12\"><label class=\"wpforms-field-label\">O\u015bwiadczenie o porozumieniu <span class=\"wpforms-required-label\" aria-hidden=\"true\">*<\/span><\/label><ul id=\"wpforms-12883-field_12\" class=\"wpforms-field-required\"><li class=\"choice-1\"><input type=\"checkbox\" id=\"wpforms-12883-field_12_1\" name=\"wpforms[fields][12][]\" value=\"Ik ga akkoord met de verwerking van mijn gegevens.\" aria-errormessage=\"wpforms-12883-field_12_1-error\" required><label class=\"wpforms-field-label-inline\" for=\"wpforms-12883-field_12_1\">Wyra\u017cam zgod\u0119 na przetwarzanie moich danych.<\/label><\/li><\/ul><\/div><\/div><!-- .wpforms-field-container --><div class=\"wpforms-recaptcha-container wpforms-is-recaptcha wpforms-is-recaptcha-type-v2\" ><div class=\"g-recaptcha\" data-sitekey=\"6LfOE_4pAAAAAIz_jZFC0YZWDrzQspr9jbuIPAIL\"><\/div><input type=\"text\" name=\"g-recaptcha-hidden\" class=\"wpforms-recaptcha-hidden\" style=\"position:absolute!important;clip:rect(0,0,0,0)!important;height:1px!important;width:1px!important;border:0!important;overflow:hidden!important;padding:0!important;margin:0!important;\" data-rule-recaptcha=\"1\"><\/div><div class=\"wpforms-submit-container\" ><input type=\"hidden\" name=\"wpforms[id]\" value=\"12883\"><input type=\"hidden\" name=\"page_title\" value=\"\"><input type=\"hidden\" name=\"page_url\" value=\"https:\/\/123helikoptervluchten.nl\/pl\/wp-json\/wp\/v2\/pages\/19\"><input type=\"hidden\" name=\"url_referer\" value=\"\"><button type=\"submit\" name=\"wpforms[submit]\" id=\"wpforms-submit-12883\" class=\"wpforms-submit\" data-alt-text=\"Versturen\" data-submit-text=\"Verstuur bericht\" aria-live=\"assertive\" value=\"wpforms-submit\">Wy\u015blij wiadomo\u015b\u0107<\/button><img decoding=\"async\" src=\"https:\/\/123helikoptervluchten.nl\/wp-content\/plugins\/wpforms\/assets\/images\/submit-spin.svg\" class=\"wpforms-submit-spinner\" style=\"display: none;\" width=\"26\" height=\"26\" alt=\"Wczytywanie\" title=\"\"><\/div><input type=\"hidden\" name=\"trp-form-language\" value=\"pl\"\/><\/form><\/div>  <!-- .wpforms-container --><\/div>\n<div class=\"col-xl-4 col-sm-12\"><img decoding=\"async\" class=\"wp-image-287 aligncenter mb-4\" src=\"https:\/\/123helikoptervluchten.nl\/wp-content\/uploads\/2021\/04\/05-600x600@2x-300x300.jpg\" alt=\"\" width=\"678\" height=\"678\" title=\"\" srcset=\"https:\/\/123helikoptervluchten.nl\/wp-content\/uploads\/2021\/04\/05-600x600@2x-300x300.jpg 300w, https:\/\/123helikoptervluchten.nl\/wp-content\/uploads\/2021\/04\/05-600x600@2x-600x600.jpg 600w, https:\/\/123helikoptervluchten.nl\/wp-content\/uploads\/2021\/04\/05-600x600@2x-1024x1024.jpg 1024w, https:\/\/123helikoptervluchten.nl\/wp-content\/uploads\/2021\/04\/05-600x600@2x-150x150.jpg 150w, https:\/\/123helikoptervluchten.nl\/wp-content\/uploads\/2021\/04\/05-600x600@2x-768x768.jpg 768w, https:\/\/123helikoptervluchten.nl\/wp-content\/uploads\/2021\/04\/05-600x600@2x.jpg 1200w\" sizes=\"(max-width: 678px) 100vw, 678px\" \/><br \/>\n<a class=\"button button-fluid button-orange video-btn\" href=\"#\" data-bs-toggle=\"modal\" data-src=\"https:\/\/player.vimeo.com\/video\/649600219\" data-bs-target=\"#videoModal\"><i class=\"fas fa-video\"><\/i>Obejrzyj nasz film korporacyjny<\/a><\/div>\n<\/div>\n<div>\n<div class=\"row mt-4 mt-sm-2\">\n<div class=\"col-12 col-md-6 contact_blocks\">\n<h4>Dane firmy<\/h4>\n<p>123Helikoptervluchten jest cz\u0119\u015bci\u0105:<br \/>\nUs\u0142ugi helikopterowe - z siedzib\u0105 w Elburgu<\/p>\n<div class=\"contact_table\">\n<div class=\"contact_table_first\">Izba Handlowa<\/div>\n<div class=\"contact_table_last\">| 56385404<\/div>\n<div class=\"contact_table_first\">VAT<\/div>\n<div class=\"contact_table_last\">| NL002147396B80<\/div>\n<div class=\"contact_table_first\">Bank<\/div>\n<div class=\"contact_table_last\">| KNAB<\/div>\n<div class=\"contact_table_first\">IBAN<\/div>\n<div class=\"contact_table_last\">| NL51 KNAB 0257 8812 47<\/div>\n<div class=\"contact_table_first\">BIC<\/div>\n<div class=\"contact_table_last\">| KNABNL2H<\/div>\n<\/div>\n<\/div>\n<div class=\"col-12 col-md-6 contact_blocks\">\n<h4>Adres pocztowy biura<\/h4>\n<p>Oder 20 - PO Box E7710<br \/>\n2491 DC Haga<br \/>\nHolandia<\/p>\n<h4>Adres wizyty Lotnisko Hilversum<\/h4>\n<p>Noodweg 49L<br \/>\n1213 PW Hilversum<br \/>\nHolandia<\/p>\n<\/div>\n<\/div>\n<\/div>","protected":false},"excerpt":{"rendered":"<p>Kies jouw manier Whatsapp Vraag HeliGPT (TIP) Veelgestelde vragen E-mail Facebook +31 70 &#8211; 700 7878 Onderstaand formulier &#8220;Van vragen word je wijs. Antwoord binnen 24 uur, jouw hulp is onderweg.&#8221; Ik heb een algemene vraagIk wil van A naar B vliegenEigen opstaplocatie kiezenIk heb specifieke wensen die ik wil besprekenIk wil een evenement organiserenIk [&hellip;]<\/p>","protected":false},"author":10,"featured_media":0,"parent":0,"menu_order":0,"comment_status":"closed","ping_status":"closed","template":"","meta":{"_acf_changed":false,"footnotes":""},"class_list":["post-19","page","type-page","status-publish","hentry"],"acf":[],"_links":{"self":[{"href":"https:\/\/123helikoptervluchten.nl\/pl\/wp-json\/wp\/v2\/pages\/19","targetHints":{"allow":["GET"]}}],"collection":[{"href":"https:\/\/123helikoptervluchten.nl\/pl\/wp-json\/wp\/v2\/pages"}],"about":[{"href":"https:\/\/123helikoptervluchten.nl\/pl\/wp-json\/wp\/v2\/types\/page"}],"author":[{"embeddable":true,"href":"https:\/\/123helikoptervluchten.nl\/pl\/wp-json\/wp\/v2\/users\/10"}],"replies":[{"embeddable":true,"href":"https:\/\/123helikoptervluchten.nl\/pl\/wp-json\/wp\/v2\/comments?post=19"}],"version-history":[{"count":0,"href":"https:\/\/123helikoptervluchten.nl\/pl\/wp-json\/wp\/v2\/pages\/19\/revisions"}],"wp:attachment":[{"href":"https:\/\/123helikoptervluchten.nl\/pl\/wp-json\/wp\/v2\/media?parent=19"}],"curies":[{"name":"wp","href":"https:\/\/api.w.org\/{rel}","templated":true}]}}