{"id":18902,"date":"2023-09-14T19:39:11","date_gmt":"2023-09-14T17:39:11","guid":{"rendered":"https:\/\/123helikoptervluchten.nl\/?page_id=18902"},"modified":"2025-05-01T17:04:23","modified_gmt":"2025-05-01T15:04:23","slug":"ervaringen","status":"publish","type":"page","link":"https:\/\/123helikoptervluchten.nl\/pl\/ervaringen\/","title":{"rendered":"Do\u015bwiadczenia klient\u00f3w"},"content":{"rendered":"<section class=\"container-fluid comments\">\n<div class=\"row\">\n<div class=\"d-flex flex-column flex-lg-row justify-content-between align-items-center max-content title-section px-4\">\n<h2>Do\u015bwiadczenia klient\u00f3w<\/h2>\n<p><a class=\"leavereview\" href=\"https:\/\/g.page\/helikoptervlucht\/review?rc\" target=\"_blank\" rel=\"noopener nofollow\"><br \/>\n<img decoding=\"async\" src=\"https:\/\/123helikoptervluchten.nl\/wp-content\/themes\/123h\/img\/button-arrow-orange.svg\" alt=\"Strza\u0142ka\" width=\"16\" height=\"17\" title=\"\"><span class=\"ms-2\">Zostaw r\u00f3wnie\u017c recenzj\u0119<\/span><br \/>\n<\/a><\/p>\n<\/div>\n<div class=\"row max-content\">Witamy naszych klient\u00f3w. Po wyj\u0105tkowym do\u015bwiadczeniu lotu helikopterem lub lekcji degustacyjnej helikopterem prosimy naszych klient\u00f3w, aby po\u015bwi\u0119cili minut\u0119 na przes\u0142anie recenzji na temat swojego wyj\u0105tkowego do\u015bwiadczenia. Poni\u017cej znajduje si\u0119 30 najnowszych do\u015bwiadcze\u0144 i rekomendacji. Cz\u0119sto klienci dodaj\u0105 r\u00f3wnie\u017c zdj\u0119cia i filmy, kt\u00f3re mo\u017cna znale\u017a\u0107, wyszukuj\u0105c nas w Google Maps.<\/div>\n<\/div>\n<\/section>\n<p>&nbsp;<\/p>\n<div data-src=\"https:\/\/cdn.trustindex.io\/loader.js?94d21111999f829bf186b15d76c\"><\/div>","protected":false},"excerpt":{"rendered":"<p>Do\u015bwiadczenia klient\u00f3w Zostaw recenzj\u0119 Witamy naszych klient\u00f3w. Po wyj\u0105tkowym do\u015bwiadczeniu lotu helikopterem lub lekcji degustacyjnej helikoptera prosimy naszych klient\u00f3w, aby po\u015bwi\u0119cili 1 minut\u0119 na przes\u0142anie recenzji na temat swojego wyj\u0105tkowego do\u015bwiadczenia. Poni\u017cej znajduje si\u0119 30 najnowszych do\u015bwiadcze\u0144 i rekomendacji dla [...]<\/p>","protected":false},"author":3,"featured_media":0,"parent":0,"menu_order":0,"comment_status":"closed","ping_status":"closed","template":"","meta":{"_acf_changed":false,"footnotes":""},"class_list":["post-18902","page","type-page","status-publish","hentry"],"acf":[],"_links":{"self":[{"href":"https:\/\/123helikoptervluchten.nl\/pl\/wp-json\/wp\/v2\/pages\/18902","targetHints":{"allow":["GET"]}}],"collection":[{"href":"https:\/\/123helikoptervluchten.nl\/pl\/wp-json\/wp\/v2\/pages"}],"about":[{"href":"https:\/\/123helikoptervluchten.nl\/pl\/wp-json\/wp\/v2\/types\/page"}],"author":[{"embeddable":true,"href":"https:\/\/123helikoptervluchten.nl\/pl\/wp-json\/wp\/v2\/users\/3"}],"replies":[{"embeddable":true,"href":"https:\/\/123helikoptervluchten.nl\/pl\/wp-json\/wp\/v2\/comments?post=18902"}],"version-history":[{"count":0,"href":"https:\/\/123helikoptervluchten.nl\/pl\/wp-json\/wp\/v2\/pages\/18902\/revisions"}],"wp:attachment":[{"href":"https:\/\/123helikoptervluchten.nl\/pl\/wp-json\/wp\/v2\/media?parent=18902"}],"curies":[{"name":"wp","href":"https:\/\/api.w.org\/{rel}","templated":true}]}}