{"id":18467,"date":"2023-04-15T21:25:07","date_gmt":"2023-04-15T19:25:07","guid":{"rendered":"https:\/\/123helikoptervluchten.nl\/?page_id=18467"},"modified":"2025-04-26T19:14:23","modified_gmt":"2025-04-26T17:14:23","slug":"offerte-aanvragen-vliegveld-hilversum","status":"publish","type":"page","link":"https:\/\/123helikoptervluchten.nl\/pl\/offerte-aanvragen-vliegveld-hilversum\/","title":{"rendered":"Zapytanie o wycen\u0119 - Lotnisko Hilversum"},"content":{"rendered":"<h2>Bez zobowi\u0105za\u0144<\/h2>\n<div class=\"row\">\n<div class=\"col-sm-7\"><style id=\"wpforms-css-vars-18464\">\n\t\t\t\t#wpforms-18464 {\n\t\t\t\t\n\t\t\t}\n\t\t\t<\/style><div class=\"wpforms-container wpforms-container-full wpforms-render-modern\" id=\"wpforms-18464\"><form id=\"wpforms-form-18464\" class=\"wpforms-validate wpforms-form wpforms-ajax-form\" data-formid=\"18464\" method=\"post\" enctype=\"multipart\/form-data\" action=\"\/pl\/wp-json\/wp\/v2\/pages\/18467\" data-token=\"8df84518bb4f9c05162073aaf3c19c28\" data-token-time=\"1776694469\" data-trp-original-action=\"\/pl\/wp-json\/wp\/v2\/pages\/18467\"><noscript class=\"wpforms-error-noscript\">Aby wype\u0142ni\u0107 ten formularz, w\u0142\u0105cz obs\u0142ug\u0119 JavaScript w przegl\u0105darce.<\/noscript><div id=\"wpforms-error-noscript\" style=\"display: none;\">Aby wype\u0142ni\u0107 ten formularz, w\u0142\u0105cz obs\u0142ug\u0119 JavaScript w przegl\u0105darce.<\/div><div class=\"wpforms-field-container\"><div id=\"wpforms-18464-field_9-container\" class=\"wpforms-field wpforms-field-text\" data-field-id=\"9\"><label class=\"wpforms-field-label\" for=\"wpforms-18464-field_9\">Na co chcesz otrzyma\u0107 wycen\u0119?<\/label><input type=\"text\" id=\"wpforms-18464-field_9\" class=\"wpforms-field-large\" name=\"wpforms[fields][9]\" value=\"Vanaf Hilversum naar een plaats voor een rondvlucht en weer terug\" aria-errormessage=\"wpforms-18464-field_9-error\" ><\/div><div id=\"wpforms-18464-field_30-container\" class=\"wpforms-field wpforms-field-layout\" data-field-id=\"30\"><div class=\"wpforms-field-layout-columns wpforms-field-layout-preset-50-50\"><div class=\"wpforms-layout-column wpforms-layout-column-50\" ><div id=\"wpforms-18464-field_12-container\" class=\"wpforms-field wpforms-field-text\" data-field-id=\"12\"><label class=\"wpforms-field-label\" for=\"wpforms-18464-field_12\">Nazwa miejsca, nad kt\u00f3rym chcesz lata\u0107 <span class=\"wpforms-required-label\" aria-hidden=\"true\">*<\/span><\/label><input type=\"text\" id=\"wpforms-18464-field_12\" class=\"wpforms-field-large wpforms-field-required\" name=\"wpforms[fields][12]\" aria-errormessage=\"wpforms-18464-field_12-error\" required><\/div><div id=\"wpforms-18464-field_14-container\" class=\"wpforms-field wpforms-field-number\" data-field-id=\"14\"><label class=\"wpforms-field-label\" for=\"wpforms-18464-field_14\">Liczba os\u00f3b <span class=\"wpforms-required-label\" aria-hidden=\"true\">*<\/span><\/label><input type=\"number\" id=\"wpforms-18464-field_14\" class=\"wpforms-field-large wpforms-field-required\" name=\"wpforms[fields][14]\" step=\"any\" aria-errormessage=\"wpforms-18464-field_14-error\" required><\/div><div id=\"wpforms-18464-field_2-container\" class=\"wpforms-field wpforms-field-email\" data-field-id=\"2\"><label class=\"wpforms-field-label\" for=\"wpforms-18464-field_2\">E-mail <span class=\"wpforms-required-label\" aria-hidden=\"true\">*<\/span><\/label><input type=\"email\" id=\"wpforms-18464-field_2\" class=\"wpforms-field-large wpforms-field-required\" name=\"wpforms[fields][2]\" spellcheck=\"false\" aria-errormessage=\"wpforms-18464-field_2-error\" required><\/div><\/div><div class=\"wpforms-layout-column wpforms-layout-column-50\" ><div id=\"wpforms-18464-field_10-container\" class=\"wpforms-field wpforms-field-date-time\" data-field-id=\"10\"><label class=\"wpforms-field-label\" for=\"wpforms-18464-field_10\">Data lotu <span class=\"wpforms-required-label\" aria-hidden=\"true\">*<\/span><\/label><div class=\"wpforms-datepicker-wrap\"><input type=\"text\" id=\"wpforms-18464-field_10\" class=\"wpforms-field-date-time-date wpforms-datepicker wpforms-field-required wpforms-field-large\" data-date-format=\"d\/m\/Y\" data-disable-past-dates=\"1\" data-disable-todays-date=\"0\" data-input=\"true\" name=\"wpforms[fields][10][date]\" aria-errormessage=\"wpforms-18464-field_10-error\" required><a title=\"Wyczy\u015b\u0107 dat\u0119\" data-clear role=\"button\" tabindex=\"0\" class=\"wpforms-datepicker-clear\" aria-label=\"Wyczy\u015b\u0107 dat\u0119\" style=\"display:none;\"><\/a><\/div><\/div><div id=\"wpforms-18464-field_0-container\" class=\"wpforms-field wpforms-field-text\" data-field-id=\"0\"><label class=\"wpforms-field-label\" for=\"wpforms-18464-field_0\">Nazwa <span class=\"wpforms-required-label\" aria-hidden=\"true\">*<\/span><\/label><input type=\"text\" id=\"wpforms-18464-field_0\" class=\"wpforms-field-large wpforms-field-required\" name=\"wpforms[fields][0]\" aria-errormessage=\"wpforms-18464-field_0-error\" required><\/div><div id=\"wpforms-18464-field_24-container\" class=\"wpforms-field wpforms-field-phone\" data-field-id=\"24\"><label class=\"wpforms-field-label\" for=\"wpforms-18464-field_24\">Numer telefonu<\/label><input type=\"tel\" id=\"wpforms-18464-field_24\" class=\"wpforms-field-large wpforms-smart-phone-field\" data-rule-smart-phone-field=\"true\" name=\"wpforms[fields][24]\" aria-label=\"Numer telefonu\" aria-errormessage=\"wpforms-18464-field_24-error\" ><\/div><\/div><\/div><\/div><div id=\"wpforms-18464-field_4-container\" class=\"wpforms-field wpforms-field-textarea\" data-field-id=\"4\"><label class=\"wpforms-field-label\" for=\"wpforms-18464-field_4\">Opis<\/label><textarea id=\"wpforms-18464-field_4\" class=\"wpforms-field-medium\" name=\"wpforms[fields][4]\" aria-errormessage=\"wpforms-18464-field_4-error\" ><\/textarea><\/div><div id=\"wpforms-18464-field_29-container\" class=\"wpforms-field wpforms-field-checkbox\" data-field-id=\"29\"><fieldset><legend class=\"wpforms-field-label wpforms-label-hide\" aria-hidden=\"false\">O\u015bwiadczenie o porozumieniu <span class=\"wpforms-required-label\" aria-hidden=\"true\">*<\/span><\/legend><ul id=\"wpforms-18464-field_29\" class=\"wpforms-field-required\"><li class=\"choice-1 depth-1\"><input type=\"checkbox\" id=\"wpforms-18464-field_29_1\" name=\"wpforms[fields][29][]\" value=\"Ik ga akkoord met de verwerking van mijn gegevens.\" aria-errormessage=\"wpforms-18464-field_29_1-error\" required><label class=\"wpforms-field-label-inline\" for=\"wpforms-18464-field_29_1\">Wyra\u017cam zgod\u0119 na przetwarzanie moich danych.<\/label><\/li><\/ul><\/fieldset><\/div><\/div><!-- .wpforms-field-container --><div class=\"wpforms-recaptcha-container wpforms-is-recaptcha wpforms-is-recaptcha-type-v2\" ><div class=\"g-recaptcha\" data-sitekey=\"6LfOE_4pAAAAAIz_jZFC0YZWDrzQspr9jbuIPAIL\"><\/div><input type=\"text\" name=\"g-recaptcha-hidden\" class=\"wpforms-recaptcha-hidden\" style=\"position:absolute!important;clip:rect(0,0,0,0)!important;height:1px!important;width:1px!important;border:0!important;overflow:hidden!important;padding:0!important;margin:0!important;\" data-rule-recaptcha=\"1\"><\/div><div class=\"wpforms-submit-container\" ><input type=\"hidden\" name=\"wpforms[id]\" value=\"18464\"><input type=\"hidden\" name=\"page_title\" value=\"\"><input type=\"hidden\" name=\"page_url\" value=\"https:\/\/123helikoptervluchten.nl\/pl\/wp-json\/wp\/v2\/pages\/18467\"><input type=\"hidden\" name=\"url_referer\" value=\"\"><button type=\"submit\" name=\"wpforms[submit]\" id=\"wpforms-submit-18464\" class=\"wpforms-submit\" data-alt-text=\"Versturen..\" data-submit-text=\"Verstuur offerteaanvraag\" aria-live=\"assertive\" value=\"wpforms-submit\">Wy\u015blij zapytanie ofertowe<\/button><img decoding=\"async\" src=\"https:\/\/123helikoptervluchten.nl\/wp-content\/plugins\/wpforms\/assets\/images\/submit-spin.svg\" class=\"wpforms-submit-spinner\" style=\"display: none;\" width=\"26\" height=\"26\" alt=\"Wczytywanie\" title=\"\"><\/div><input type=\"hidden\" name=\"trp-form-language\" value=\"pl\"\/><\/form><\/div>  <!-- .wpforms-container --><\/div>\n<div class=\"col-sm-5\">\n<p><img decoding=\"async\" src=\"https:\/\/123helikoptervluchten.nl\/wp-content\/uploads\/2021\/12\/helikoptervlucht-maken-1.jpg\" alt=\"Popro\u015b o wycen\u0119 lotu helikopterem\" title=\"\"><\/p>\n<p><a href=\"https:\/\/123helikoptervluchten.nl\/pl\/lot-helikopterem\/hilversum\/\">Kliknij tutaj, aby powr\u00f3ci\u0107 do strony Hilversum.<\/a><\/p>\n<\/div>\n<\/div>","protected":false},"excerpt":{"rendered":"<p>Bez zobowi\u0105za\u0144 Kliknij tutaj, aby powr\u00f3ci\u0107 do strony Hilversum.<\/p>","protected":false},"author":3,"featured_media":0,"parent":0,"menu_order":0,"comment_status":"closed","ping_status":"closed","template":"","meta":{"_acf_changed":false,"footnotes":""},"class_list":["post-18467","page","type-page","status-publish","hentry"],"acf":[],"_links":{"self":[{"href":"https:\/\/123helikoptervluchten.nl\/pl\/wp-json\/wp\/v2\/pages\/18467","targetHints":{"allow":["GET"]}}],"collection":[{"href":"https:\/\/123helikoptervluchten.nl\/pl\/wp-json\/wp\/v2\/pages"}],"about":[{"href":"https:\/\/123helikoptervluchten.nl\/pl\/wp-json\/wp\/v2\/types\/page"}],"author":[{"embeddable":true,"href":"https:\/\/123helikoptervluchten.nl\/pl\/wp-json\/wp\/v2\/users\/3"}],"replies":[{"embeddable":true,"href":"https:\/\/123helikoptervluchten.nl\/pl\/wp-json\/wp\/v2\/comments?post=18467"}],"version-history":[{"count":0,"href":"https:\/\/123helikoptervluchten.nl\/pl\/wp-json\/wp\/v2\/pages\/18467\/revisions"}],"wp:attachment":[{"href":"https:\/\/123helikoptervluchten.nl\/pl\/wp-json\/wp\/v2\/media?parent=18467"}],"curies":[{"name":"wp","href":"https:\/\/api.w.org\/{rel}","templated":true}]}}