{"id":17912,"date":"2022-11-01T14:46:07","date_gmt":"2022-11-01T13:46:07","guid":{"rendered":"https:\/\/123helikoptervluchten.nl\/?page_id=17912"},"modified":"2022-12-09T13:42:15","modified_gmt":"2022-12-09T12:42:15","slug":"helikopter-tours","status":"publish","type":"page","link":"https:\/\/123helikoptervluchten.nl\/pl\/trasa\/","title":{"rendered":"Wycieczki helikopterem"},"content":{"rendered":"<h2>Zaskocz przyjaci\u00f3\u0142 lub wsp\u00f3\u0142pracownik\u00f3w biznesowych wycieczk\u0105 helikopterem<\/h2>\n<p>Chcesz nada\u0107 swojemu wypadowi do miasta z rodzin\u0105 lub wypadowi z przyjaci\u00f3\u0142mi dodatkowego blasku? Zarezerwuj lot helikopterem. Mo\u017cesz to zrobi\u0107 z Holandii. Potwierdzenie lotu otrzymasz na d\u0142ugo przed wylotem. Oczywi\u015bcie latamy tylko wtedy, gdy pozwalaj\u0105 na to warunki pogodowe, bezpiecze\u0144stwo jest zawsze najwa\u017cniejsze. B\u0119dziesz lata\u0107 z do\u015bwiadczonym pilotem i b\u0119dziesz mie\u0107 mn\u00f3stwo okazji, aby zobaczy\u0107 lokalizacj\u0119 ze wszystkich stron.<\/p>\n<h2>Spektakularne loty widokowe w najpi\u0119kniejszych miejscach<\/h2>\n<p>Czy chcia\u0142by\u015b, aby Twoja wizyta na przyk\u0142ad <a href=\"https:\/\/123helikoptervluchten.nl\/pl\/trasa\/nowy-jork\/\">Nowy Jork<\/a> lub <a title=\"Lot helikopterem Wielki Kanion\" href=\"https:\/\/123helikoptervluchten.nl\/pl\/trasa\/wielki-kanion\/\">Wielki Kanion<\/a> w USA? Zarezerwuj lot helikopterem. Zobacz Nowy Jork z zupe\u0142nie innej perspektywy ni\u017c z ziemi. Zobaczysz Statu\u0119 Wolno\u015bci i lokalizacj\u0119 Bli\u017aniaczych Wie\u017c, kt\u00f3re zosta\u0142y zniszczone w wyniku atak\u00f3w z 11 wrze\u015bnia 2001 roku. Obecnie w tym miejscu zbudowano pomnik z dwoma jasnymi reflektorami. Mo\u017cliwa jest r\u00f3wnie\u017c wizyta w Wielkim Kanionie w Arizonie. Podczas lotu zobaczysz zar\u00f3wno North Rim, jak i South Rim z zapieraj\u0105cymi dech w piersiach widokami na g\u0142\u0119boki na setki metr\u00f3w Kanion. Mo\u017cliwy jest nawet przelot przez Wielki Kanion.<\/p>\n<h2>Zarezerwuj wycieczk\u0119 helikopterem<\/h2>\n<p>Powy\u017cej znajduje si\u0119 pe\u0142ny przegl\u0105d opcji wycieczki helikopterem. Niezale\u017cnie od tego, czy chcesz zobaczy\u0107 Holandi\u0119 z g\u00f3ry, czy szukasz lotu w miejscu za granic\u0105. Mo\u017cesz r\u00f3wnie\u017c zapyta\u0107 o loty dostosowane do indywidualnych potrzeb, je\u015bli wybrana lokalizacja nie znajduje si\u0119 na stronie internetowej. Istnieje r\u00f3wnie\u017c mo\u017cliwo\u015b\u0107 zarezerwowania dodatkowego transportu z i na lotnisko.<\/p>","protected":false},"excerpt":{"rendered":"<p>Zaskocz przyjaci\u00f3\u0142 lub wsp\u00f3\u0142pracownik\u00f3w wycieczk\u0105 helikopterem Chcesz nada\u0107 swojemu wypadowi do miasta z rodzin\u0105 lub wypadowi z przyjaci\u00f3\u0142mi dodatkowego blasku? Zarezerwuj lot helikopterem. Mo\u017cesz to zrobi\u0107 z Holandii. Potwierdzenie lotu otrzymasz na d\u0142ugo przed wylotem. Oczywi\u015bcie b\u0119dziemy lata\u0107 tylko wtedy, gdy pozwol\u0105 na to warunki pogodowe, [...]<\/p>","protected":false},"author":8,"featured_media":0,"parent":0,"menu_order":0,"comment_status":"closed","ping_status":"closed","template":"template-tours.php","meta":{"_acf_changed":false,"footnotes":""},"class_list":["post-17912","page","type-page","status-publish","hentry"],"acf":[],"_links":{"self":[{"href":"https:\/\/123helikoptervluchten.nl\/pl\/wp-json\/wp\/v2\/pages\/17912","targetHints":{"allow":["GET"]}}],"collection":[{"href":"https:\/\/123helikoptervluchten.nl\/pl\/wp-json\/wp\/v2\/pages"}],"about":[{"href":"https:\/\/123helikoptervluchten.nl\/pl\/wp-json\/wp\/v2\/types\/page"}],"author":[{"embeddable":true,"href":"https:\/\/123helikoptervluchten.nl\/pl\/wp-json\/wp\/v2\/users\/8"}],"replies":[{"embeddable":true,"href":"https:\/\/123helikoptervluchten.nl\/pl\/wp-json\/wp\/v2\/comments?post=17912"}],"version-history":[{"count":0,"href":"https:\/\/123helikoptervluchten.nl\/pl\/wp-json\/wp\/v2\/pages\/17912\/revisions"}],"wp:attachment":[{"href":"https:\/\/123helikoptervluchten.nl\/pl\/wp-json\/wp\/v2\/media?parent=17912"}],"curies":[{"name":"wp","href":"https:\/\/api.w.org\/{rel}","templated":true}]}}