{"id":17608,"date":"2022-05-16T09:11:59","date_gmt":"2022-05-16T07:11:59","guid":{"rendered":"https:\/\/123helikoptervluchten.nl\/?page_id=17608"},"modified":"2024-12-24T15:03:17","modified_gmt":"2024-12-24T14:03:17","slug":"voucher-inwisselen","status":"publish","type":"page","link":"https:\/\/123helikoptervluchten.nl\/pl\/stary-kupon\/","title":{"rendered":"Zrealizuj kupon"},"content":{"rendered":"<h2>Zrealizuj kupon \/ kart\u0119 podarunkow\u0105<\/h2>\n<div class=\"row\">\n<div class=\"col-sm-7\"><style id=\"wpforms-css-vars-17611\">\n\t\t\t\t#wpforms-17611 {\n\t\t\t\t\n\t\t\t}\n\t\t\t<\/style><div class=\"wpforms-container wpforms-container-full wpforms-render-modern\" id=\"wpforms-17611\"><form id=\"wpforms-form-17611\" class=\"wpforms-validate wpforms-form wpforms-ajax-form\" data-formid=\"17611\" method=\"post\" enctype=\"multipart\/form-data\" action=\"\/pl\/wp-json\/wp\/v2\/pages\/17608\" data-token=\"1bb62ced2fe74e1425a63ff53ada31fd\" data-token-time=\"1776608279\" data-trp-original-action=\"\/pl\/wp-json\/wp\/v2\/pages\/17608\"><noscript class=\"wpforms-error-noscript\">Aby wype\u0142ni\u0107 ten formularz, w\u0142\u0105cz obs\u0142ug\u0119 JavaScript w przegl\u0105darce.<\/noscript><div id=\"wpforms-error-noscript\" style=\"display: none;\">Aby wype\u0142ni\u0107 ten formularz, w\u0142\u0105cz obs\u0142ug\u0119 JavaScript w przegl\u0105darce.<\/div><div class=\"wpforms-field-container\"><div id=\"wpforms-17611-field_48-container\" class=\"wpforms-field wpforms-field-text wpforms-one-half wpforms-first\" data-field-id=\"48\"><label class=\"wpforms-field-label\" for=\"wpforms-17611-field_48\">Numer zam\u00f3wienia <span class=\"wpforms-required-label\" aria-hidden=\"true\">*<\/span><\/label><input type=\"text\" id=\"wpforms-17611-field_48\" class=\"wpforms-field-large wpforms-field-required wpforms-masked-input\" data-rule-inputmask-incomplete=\"1\" data-inputmask-mask=\"999999999999[9]\" name=\"wpforms[fields][48]\" placeholder=\"Przyk\u0142ad: 202406170955\" aria-errormessage=\"wpforms-17611-field_48-error\" aria-describedby=\"wpforms-17611-field_48-description\" required><div id=\"wpforms-17611-field_48-description\" class=\"wpforms-field-description\">Wprowadzaj tylko liczby<\/div><\/div><div id=\"wpforms-17611-field_75-container\" class=\"wpforms-field wpforms-field-text wpforms-one-half wpforms-conditional-trigger\" data-field-id=\"75\"><label class=\"wpforms-field-label\" for=\"wpforms-17611-field_75\">Kod biletu <span class=\"wpforms-required-label\" aria-hidden=\"true\">*<\/span><\/label><input type=\"text\" id=\"wpforms-17611-field_75\" class=\"wpforms-field-large wpforms-field-required wpforms-masked-input\" data-rule-inputmask-incomplete=\"1\" data-inputmask-mask=\"aaaaa999[9]\" name=\"wpforms[fields][75]\" placeholder=\"Przyk\u0142ad: HVRVL452\" aria-errormessage=\"wpforms-17611-field_75-error\" required><\/div><div id=\"wpforms-17611-field_32-container\" class=\"wpforms-field wpforms-field-name\" data-field-id=\"32\"><fieldset><legend class=\"wpforms-field-label\">Imi\u0119 i nazwisko <span class=\"wpforms-required-label\" aria-hidden=\"true\">*<\/span><\/legend><div class=\"wpforms-field-row wpforms-field-large\"><div class=\"wpforms-field-row-block wpforms-first wpforms-one-half\"><input type=\"text\" id=\"wpforms-17611-field_32\" class=\"wpforms-field-name-first wpforms-field-required\" name=\"wpforms[fields][32][first]\" aria-errormessage=\"wpforms-17611-field_32-error\" required><label for=\"wpforms-17611-field_32\" class=\"wpforms-field-sublabel after\">Imi\u0119<\/label><\/div><div class=\"wpforms-field-row-block wpforms-one-half\"><input type=\"text\" id=\"wpforms-17611-field_32-last\" class=\"wpforms-field-name-last wpforms-field-required\" name=\"wpforms[fields][32][last]\" aria-errormessage=\"wpforms-17611-field_32-last-error\" required><label for=\"wpforms-17611-field_32-last\" class=\"wpforms-field-sublabel after\">Nazwisko<\/label><\/div><\/div><\/fieldset><\/div><div id=\"wpforms-17611-field_33-container\" class=\"wpforms-field wpforms-field-email\" data-field-id=\"33\"><label class=\"wpforms-field-label\" for=\"wpforms-17611-field_33\">Tw\u00f3j adres e-mail <span class=\"wpforms-required-label\" aria-hidden=\"true\">*<\/span><\/label><input type=\"email\" id=\"wpforms-17611-field_33\" class=\"wpforms-field-large wpforms-field-required\" name=\"wpforms[fields][33]\" spellcheck=\"false\" aria-errormessage=\"wpforms-17611-field_33-error\" required><\/div><div id=\"wpforms-17611-field_64-container\" class=\"wpforms-field wpforms-field-html wpforms-conditional-field wpforms-conditional-show\" data-field-id=\"64\" style=\"display:none;\"><div id=\"wpforms-17611-field_64\" aria-errormessage=\"wpforms-17611-field_64-error\"><a href=\"https:\/\/123helikoptervluchten.nl\/pl\/lot-helikopterem\/hilversum\/\" target=\"blank\"><b> Przeczytaj to najpierw!<\/b> Najpierw wybierz dat\u0119 z kalendarza online. Na nast\u0119pnej stronie wybierz <strong>Teraz wybierz dat\u0119<\/strong> a nast\u0119pnie na <strong>Preferowana data<\/strong> otw\u00f3rz kalendarz. Zapami\u0119taj dost\u0119pne daty i wpisz je poni\u017cej. <strong>Kliknij tutaj, aby otworzy\u0107 nast\u0119pn\u0105 stron\u0119.<\/strong><\/a><br \/><br \/>Loty 15- lub 30-minutowe mog\u0105 odbywa\u0107 si\u0119 tylko w weekendy. Loty 45-minutowe i d\u0142u\u017csze s\u0105 mo\u017cliwe 7 dni w tygodniu. Ulepszy\u0107 lot, aby m\u00f3c lata\u0107 w ci\u0105gu tygodnia? W takim razie wype\u0142nij <strong>Wszelkie uwagi<\/strong><\/div><\/div><div id=\"wpforms-17611-field_72-container\" class=\"wpforms-field wpforms-field-html wpforms-conditional-field wpforms-conditional-show\" data-field-id=\"72\" style=\"display:none;\"><div id=\"wpforms-17611-field_72\" aria-errormessage=\"wpforms-17611-field_72-error\"><a href=\"https:\/\/123helikoptervluchten.nl\/pl\/lot-helikopterem\/emmen\/\" target=\"blank\"><b> Przeczytaj to najpierw!<\/b> Najpierw wybierz dat\u0119 z kalendarza online. Na nast\u0119pnej stronie wybierz <b>Teraz wybierz dat\u0119<\/b> a nast\u0119pnie na <b>Wybierz dat\u0119<\/b> otw\u00f3rz kalendarz. Zapami\u0119taj dost\u0119pne daty i wpisz je poni\u017cej. <b>Kliknij tutaj, aby otworzy\u0107 nast\u0119pn\u0105 stron\u0119.<\/b><\/a><br \/><br \/>Ulepszy\u0107 lot, aby lecie\u0107 d\u0142u\u017cej? W takim razie wype\u0142nij <strong>Wszelkie uwagi<\/strong><\/div><\/div><div id=\"wpforms-17611-field_70-container\" class=\"wpforms-field wpforms-field-html wpforms-conditional-field wpforms-conditional-show\" data-field-id=\"70\" style=\"display:none;\"><div id=\"wpforms-17611-field_70\" aria-errormessage=\"wpforms-17611-field_70-error\"><a href=\"https:\/\/123helikoptervluchten.nl\/pl\/lot-helikopterem\/lelystad\/\" target=\"blank\"><b> Przeczytaj to najpierw!<\/b> Lecisz z 1 lub 2 osobami? W takim przypadku musisz najpierw wybra\u0107 dat\u0119 z agendy online. Na tej stronie najpierw wybierz <strong>Liczba<\/strong> -> <strong>2 osoby.<\/strong> Nast\u0119pnie <strong>Wybierz dat\u0119<\/strong> a nast\u0119pnie na <strong>Wybierz dat\u0119<\/strong> otworzy\u0107 kalendarz. W przypadku 3 lub 4 os\u00f3b nie trzeba zaznacza\u0107 daty i mo\u017cna wprowadzi\u0107 daty bezpo\u015brednio poni\u017cej. <b>Kliknij tutaj, aby uzyska\u0107 dost\u0119p do tej strony.<\/b><\/a><br \/><br \/>Ulepszy\u0107 lot, aby lecie\u0107 d\u0142u\u017cej? W takim razie wype\u0142nij <strong>Wszelkie uwagi<\/strong><\/div><\/div><div id=\"wpforms-17611-field_77-container\" class=\"wpforms-field wpforms-field-html wpforms-conditional-field wpforms-conditional-show\" data-field-id=\"77\" style=\"display:none;\"><div id=\"wpforms-17611-field_77\" aria-errormessage=\"wpforms-17611-field_77-error\"><a href=\"https:\/\/123helikoptervluchten.nl\/pl\/lot-helikopterem\/harskamp\/\" target=\"blank\"><b> Przeczytaj to najpierw!<\/b> Najpierw wybierz dat\u0119 z kalendarza online. Na nast\u0119pnej stronie wybierz <strong>Teraz wybierz dat\u0119<\/strong> a nast\u0119pnie na <strong>Preferowana data<\/strong> otw\u00f3rz kalendarz. Zapami\u0119taj dost\u0119pne daty i wpisz je poni\u017cej. <strong>Kliknij tutaj, aby otworzy\u0107 nast\u0119pn\u0105 stron\u0119.<\/strong><\/a><br \/><br \/>Harskamp jest otwarty sze\u015b\u0107 dni w tygodniu, zamkni\u0119ty w niedziele.<\/div><\/div><div id=\"wpforms-17611-field_35-container\" class=\"wpforms-field wpforms-field-date-time wpforms-one-half wpforms-first\" data-field-id=\"35\"><label class=\"wpforms-field-label\" for=\"wpforms-17611-field_35\">Data 1. preferencji <span class=\"wpforms-required-label\" aria-hidden=\"true\">*<\/span><\/label><div class=\"wpforms-datepicker-wrap\"><input type=\"text\" id=\"wpforms-17611-field_35\" class=\"wpforms-field-date-time-date wpforms-datepicker wpforms-field-required wpforms-field-large\" data-date-format=\"d\/m\/Y\" data-disable-past-dates=\"1\" data-disable-todays-date=\"0\" data-input=\"true\" name=\"wpforms[fields][35][date]\" aria-errormessage=\"wpforms-17611-field_35-error\" required><a title=\"Wyczy\u015b\u0107 dat\u0119\" data-clear role=\"button\" tabindex=\"0\" class=\"wpforms-datepicker-clear\" aria-label=\"Wyczy\u015b\u0107 dat\u0119\" style=\"display:none;\"><\/a><\/div><\/div><div id=\"wpforms-17611-field_36-container\" class=\"wpforms-field wpforms-field-date-time wpforms-one-half\" data-field-id=\"36\"><label class=\"wpforms-field-label\" for=\"wpforms-17611-field_36\">Data 2. preferencji <span class=\"wpforms-required-label\" aria-hidden=\"true\">*<\/span><\/label><div class=\"wpforms-datepicker-wrap\"><input type=\"text\" id=\"wpforms-17611-field_36\" class=\"wpforms-field-date-time-date wpforms-datepicker wpforms-field-required wpforms-field-large\" data-date-format=\"d\/m\/Y\" data-disable-past-dates=\"1\" data-disable-todays-date=\"0\" data-input=\"true\" name=\"wpforms[fields][36][date]\" aria-errormessage=\"wpforms-17611-field_36-error\" required><a title=\"Wyczy\u015b\u0107 dat\u0119\" data-clear role=\"button\" tabindex=\"0\" class=\"wpforms-datepicker-clear\" aria-label=\"Wyczy\u015b\u0107 dat\u0119\" style=\"display:none;\"><\/a><\/div><\/div><div id=\"wpforms-17611-field_34-container\" class=\"wpforms-field wpforms-field-phone\" data-field-id=\"34\"><label class=\"wpforms-field-label\" for=\"wpforms-17611-field_34\">Numer telefonu <span class=\"wpforms-required-label\" aria-hidden=\"true\">*<\/span><\/label><input type=\"tel\" id=\"wpforms-17611-field_34\" class=\"wpforms-field-large wpforms-field-required\" data-rule-int-phone-field=\"true\" name=\"wpforms[fields][34]\" placeholder=\"dost\u0119pne w dniu lotu\" aria-label=\"Numer telefonu\" aria-errormessage=\"wpforms-17611-field_34-error\" required><\/div><div id=\"wpforms-17611-field_73-container\" class=\"wpforms-field wpforms-field-textarea\" data-field-id=\"73\"><label class=\"wpforms-field-label\" for=\"wpforms-17611-field_73\">Wszelkie uwagi<\/label><textarea id=\"wpforms-17611-field_73\" class=\"wpforms-field-small wpforms-limit-characters-enabled\" data-form-id=\"17611\" data-field-id=\"73\" data-text-limit=\"100\" name=\"wpforms[fields][73]\" aria-errormessage=\"wpforms-17611-field_73-error\" maxlength=\"100\" ><\/textarea><\/div><div id=\"wpforms-17611-field_55-container\" class=\"wpforms-field wpforms-field-html\" data-field-id=\"55\"><div id=\"wpforms-17611-field_55\" aria-errormessage=\"wpforms-17611-field_55-error\"><hr \/><\/div><\/div><div id=\"wpforms-17611-field_37-container\" class=\"wpforms-field wpforms-field-name wpforms-one-half wpforms-first wpforms-conditional-field wpforms-conditional-show\" data-field-id=\"37\" style=\"display:none;\"><label class=\"wpforms-field-label\" for=\"wpforms-17611-field_37\">Osoba 1 <span class=\"wpforms-required-label\" aria-hidden=\"true\">*<\/span><\/label><input type=\"text\" id=\"wpforms-17611-field_37\" class=\"wpforms-field-large wpforms-field-required\" name=\"wpforms[fields][37]\" placeholder=\"Imi\u0119 i nazwisko\" aria-errormessage=\"wpforms-17611-field_37-error\" required><\/div><div id=\"wpforms-17611-field_42-container\" class=\"wpforms-field wpforms-field-number-slider wpforms-one-half wpforms-conditional-field wpforms-conditional-show\" data-field-id=\"42\" style=\"display:none;\"><label class=\"wpforms-field-label\" for=\"wpforms-17611-field_42\">Waga<\/label>\n<input\n\ttype=\"range\"\n\tid=\"wpforms-17611-field_42\" class=\"wpforms-field-medium\" name=\"wpforms[fields][42]\" value=\"84\" aria-errormessage=\"wpforms-17611-field_42-error\"\t\tmin=\"15\"\n\tmax=\"130\"\n\tstep=\"2\">\n\n<div class=\"wpforms-field-number-slider-hint\"\n\tdata-hint=\"{value} kilogram\">\n\t<b>84<\/b> kilogram<\/div>\n<\/div><div id=\"wpforms-17611-field_38-container\" class=\"wpforms-field wpforms-field-name wpforms-one-half wpforms-first wpforms-conditional-field wpforms-conditional-show\" data-field-id=\"38\" style=\"display:none;\"><label class=\"wpforms-field-label\" for=\"wpforms-17611-field_38\">Osoba 2<\/label><input type=\"text\" id=\"wpforms-17611-field_38\" class=\"wpforms-field-large\" name=\"wpforms[fields][38]\" placeholder=\"Imi\u0119 i nazwisko\" aria-errormessage=\"wpforms-17611-field_38-error\" ><\/div><div id=\"wpforms-17611-field_43-container\" class=\"wpforms-field wpforms-field-number-slider wpforms-one-half wpforms-conditional-field wpforms-conditional-show\" data-field-id=\"43\" style=\"display:none;\"><label class=\"wpforms-field-label\" for=\"wpforms-17611-field_43\">Waga<\/label>\n<input\n\ttype=\"range\"\n\tid=\"wpforms-17611-field_43\" class=\"wpforms-field-medium\" name=\"wpforms[fields][43]\" value=\"84\" aria-errormessage=\"wpforms-17611-field_43-error\"\t\tmin=\"15\"\n\tmax=\"130\"\n\tstep=\"2\">\n\n<div class=\"wpforms-field-number-slider-hint\"\n\tdata-hint=\"{value} kilogram\">\n\t<b>84<\/b> kilogram<\/div>\n<\/div><div id=\"wpforms-17611-field_39-container\" class=\"wpforms-field wpforms-field-name wpforms-one-half wpforms-first wpforms-conditional-field wpforms-conditional-show\" data-field-id=\"39\" style=\"display:none;\"><label class=\"wpforms-field-label\" for=\"wpforms-17611-field_39\">Osoba 3<\/label><input type=\"text\" id=\"wpforms-17611-field_39\" class=\"wpforms-field-large\" name=\"wpforms[fields][39]\" placeholder=\"Imi\u0119 i nazwisko\" aria-errormessage=\"wpforms-17611-field_39-error\" ><\/div><div id=\"wpforms-17611-field_44-container\" class=\"wpforms-field wpforms-field-number-slider wpforms-one-half wpforms-conditional-field wpforms-conditional-show\" data-field-id=\"44\" style=\"display:none;\"><label class=\"wpforms-field-label\" for=\"wpforms-17611-field_44\">Waga<\/label>\n<input\n\ttype=\"range\"\n\tid=\"wpforms-17611-field_44\" class=\"wpforms-field-medium\" name=\"wpforms[fields][44]\" value=\"84\" aria-errormessage=\"wpforms-17611-field_44-error\"\t\tmin=\"15\"\n\tmax=\"130\"\n\tstep=\"2\">\n\n<div class=\"wpforms-field-number-slider-hint\"\n\tdata-hint=\"{value} kilogram\">\n\t<b>84<\/b> kilogram<\/div>\n<\/div><div id=\"wpforms-17611-field_40-container\" class=\"wpforms-field wpforms-field-name wpforms-one-half wpforms-first wpforms-conditional-field wpforms-conditional-show\" data-field-id=\"40\" style=\"display:none;\"><label class=\"wpforms-field-label\" for=\"wpforms-17611-field_40\">Osoba 4<\/label><input type=\"text\" id=\"wpforms-17611-field_40\" class=\"wpforms-field-large\" name=\"wpforms[fields][40]\" placeholder=\"Imi\u0119 i nazwisko\" aria-errormessage=\"wpforms-17611-field_40-error\" ><\/div><div id=\"wpforms-17611-field_45-container\" class=\"wpforms-field wpforms-field-number-slider wpforms-one-half wpforms-conditional-field wpforms-conditional-show\" data-field-id=\"45\" style=\"display:none;\"><label class=\"wpforms-field-label\" for=\"wpforms-17611-field_45\">Waga<\/label>\n<input\n\ttype=\"range\"\n\tid=\"wpforms-17611-field_45\" class=\"wpforms-field-medium\" name=\"wpforms[fields][45]\" value=\"84\" aria-errormessage=\"wpforms-17611-field_45-error\"\t\tmin=\"15\"\n\tmax=\"130\"\n\tstep=\"2\">\n\n<div class=\"wpforms-field-number-slider-hint\"\n\tdata-hint=\"{value} kilogram\">\n\t<b>84<\/b> kilogram<\/div>\n<\/div><div id=\"wpforms-17611-field_59-container\" class=\"wpforms-field wpforms-field-name wpforms-one-half wpforms-first wpforms-conditional-field wpforms-conditional-show\" data-field-id=\"59\" style=\"display:none;\"><label class=\"wpforms-field-label\" for=\"wpforms-17611-field_59\">Osoba 5<\/label><input type=\"text\" id=\"wpforms-17611-field_59\" class=\"wpforms-field-large\" name=\"wpforms[fields][59]\" placeholder=\"Imi\u0119 i nazwisko\" aria-errormessage=\"wpforms-17611-field_59-error\" ><\/div><div id=\"wpforms-17611-field_60-container\" class=\"wpforms-field wpforms-field-number-slider wpforms-one-half wpforms-conditional-field wpforms-conditional-show\" data-field-id=\"60\" style=\"display:none;\"><label class=\"wpforms-field-label\" for=\"wpforms-17611-field_60\">Waga<\/label>\n<input\n\ttype=\"range\"\n\tid=\"wpforms-17611-field_60\" class=\"wpforms-field-medium\" name=\"wpforms[fields][60]\" value=\"84\" aria-errormessage=\"wpforms-17611-field_60-error\"\t\tmin=\"15\"\n\tmax=\"130\"\n\tstep=\"2\">\n\n<div class=\"wpforms-field-number-slider-hint\"\n\tdata-hint=\"{value} kilogram\">\n\t<b>84<\/b> kilogram<\/div>\n<\/div><div id=\"wpforms-17611-field_61-container\" class=\"wpforms-field wpforms-field-name wpforms-one-half wpforms-first wpforms-conditional-field wpforms-conditional-show\" data-field-id=\"61\" style=\"display:none;\"><label class=\"wpforms-field-label\" for=\"wpforms-17611-field_61\">Osoba 6<\/label><input type=\"text\" id=\"wpforms-17611-field_61\" class=\"wpforms-field-large\" name=\"wpforms[fields][61]\" placeholder=\"Imi\u0119 i nazwisko\" aria-errormessage=\"wpforms-17611-field_61-error\" ><\/div><div id=\"wpforms-17611-field_62-container\" class=\"wpforms-field wpforms-field-number-slider wpforms-one-half wpforms-conditional-field wpforms-conditional-show\" data-field-id=\"62\" style=\"display:none;\"><label class=\"wpforms-field-label\" for=\"wpforms-17611-field_62\">Waga<\/label>\n<input\n\ttype=\"range\"\n\tid=\"wpforms-17611-field_62\" class=\"wpforms-field-medium\" name=\"wpforms[fields][62]\" value=\"84\" aria-errormessage=\"wpforms-17611-field_62-error\"\t\tmin=\"15\"\n\tmax=\"130\"\n\tstep=\"2\">\n\n<div class=\"wpforms-field-number-slider-hint\"\n\tdata-hint=\"{value} kilogram\">\n\t<b>84<\/b> kilogram<\/div>\n<\/div><div id=\"wpforms-17611-field_74-container\" class=\"wpforms-field wpforms-field-gdpr-checkbox\" data-field-id=\"74\"><label class=\"wpforms-field-label\">O\u015bwiadczenie o porozumieniu <span class=\"wpforms-required-label\" aria-hidden=\"true\">*<\/span><\/label><ul id=\"wpforms-17611-field_74\" class=\"wpforms-field-required\"><li class=\"choice-1\"><input type=\"checkbox\" id=\"wpforms-17611-field_74_1\" name=\"wpforms[fields][74][]\" value=\"Ik ga akkoord met de verwerking van mijn gegevens.\" aria-errormessage=\"wpforms-17611-field_74_1-error\" required><label class=\"wpforms-field-label-inline\" for=\"wpforms-17611-field_74_1\">Wyra\u017cam zgod\u0119 na przetwarzanie moich danych.<\/label><\/li><\/ul><\/div><\/div><!-- .wpforms-field-container --><div class=\"wpforms-recaptcha-container wpforms-is-recaptcha wpforms-is-recaptcha-type-v2\" ><div class=\"g-recaptcha\" data-sitekey=\"6LfOE_4pAAAAAIz_jZFC0YZWDrzQspr9jbuIPAIL\"><\/div><input type=\"text\" name=\"g-recaptcha-hidden\" class=\"wpforms-recaptcha-hidden\" style=\"position:absolute!important;clip:rect(0,0,0,0)!important;height:1px!important;width:1px!important;border:0!important;overflow:hidden!important;padding:0!important;margin:0!important;\" data-rule-recaptcha=\"1\"><\/div><div class=\"wpforms-submit-container\" ><input type=\"hidden\" name=\"wpforms[id]\" value=\"17611\"><input type=\"hidden\" name=\"page_title\" value=\"\"><input type=\"hidden\" name=\"page_url\" value=\"https:\/\/123helikoptervluchten.nl\/pl\/wp-json\/wp\/v2\/pages\/17608\"><input type=\"hidden\" name=\"url_referer\" value=\"\"><button type=\"submit\" name=\"wpforms[submit]\" id=\"wpforms-submit-17611\" class=\"wpforms-submit\" data-alt-text=\"Versturen..\" data-submit-text=\"Aanvraag versturen\" aria-live=\"assertive\" value=\"wpforms-submit\">Wy\u015blij \u017c\u0105danie<\/button><img decoding=\"async\" src=\"https:\/\/123helikoptervluchten.nl\/wp-content\/plugins\/wpforms\/assets\/images\/submit-spin.svg\" class=\"wpforms-submit-spinner\" style=\"display: none;\" width=\"26\" height=\"26\" alt=\"Wczytywanie\" title=\"\"><\/div><input type=\"hidden\" name=\"trp-form-language\" value=\"pl\"\/><\/form><\/div>  <!-- .wpforms-container --><\/div>\n<div class=\"col-sm-5\">\n<p><img decoding=\"async\" src=\"https:\/\/123helikoptervluchten.nl\/wp-content\/uploads\/2021\/12\/helikoptervlucht-maken-1.jpg\" alt=\"zrealizowa\u0107 voucher na lot helikopterem\" title=\"\"><\/p>\n<p><a href=\"\/pl\/prezent-2\/prezent\/\">Chcesz podarowa\u0107 bon upominkowy? Kliknij na ten link, aby to zrobi\u0107!<\/a><\/p>\n<\/div>\n<\/div>","protected":false},"excerpt":{"rendered":"<p>Realizacja bon\u00f3w \/ bon\u00f3w upominkowych Chcesz podarowa\u0107 bon upominkowy? Kliknij na ten link, aby to zrobi\u0107!<\/p>","protected":false},"author":3,"featured_media":0,"parent":0,"menu_order":0,"comment_status":"closed","ping_status":"closed","template":"","meta":{"_acf_changed":false,"footnotes":""},"class_list":["post-17608","page","type-page","status-publish","hentry"],"acf":[],"_links":{"self":[{"href":"https:\/\/123helikoptervluchten.nl\/pl\/wp-json\/wp\/v2\/pages\/17608","targetHints":{"allow":["GET"]}}],"collection":[{"href":"https:\/\/123helikoptervluchten.nl\/pl\/wp-json\/wp\/v2\/pages"}],"about":[{"href":"https:\/\/123helikoptervluchten.nl\/pl\/wp-json\/wp\/v2\/types\/page"}],"author":[{"embeddable":true,"href":"https:\/\/123helikoptervluchten.nl\/pl\/wp-json\/wp\/v2\/users\/3"}],"replies":[{"embeddable":true,"href":"https:\/\/123helikoptervluchten.nl\/pl\/wp-json\/wp\/v2\/comments?post=17608"}],"version-history":[{"count":0,"href":"https:\/\/123helikoptervluchten.nl\/pl\/wp-json\/wp\/v2\/pages\/17608\/revisions"}],"wp:attachment":[{"href":"https:\/\/123helikoptervluchten.nl\/pl\/wp-json\/wp\/v2\/media?parent=17608"}],"curies":[{"name":"wp","href":"https:\/\/api.w.org\/{rel}","templated":true}]}}