{"id":17460,"date":"2022-03-12T11:20:41","date_gmt":"2022-03-12T10:20:41","guid":{"rendered":"https:\/\/123helikoptervluchten.nl\/?page_id=17460"},"modified":"2024-04-04T12:14:05","modified_gmt":"2024-04-04T10:14:05","slug":"helikoptervlucht-tulpenvelden","status":"publish","type":"page","link":"https:\/\/123helikoptervluchten.nl\/pl\/lot-helikopterem\/pola-tulipanow\/","title":{"rendered":"Lot helikopterem na polach tulipan\u00f3w"},"content":{"rendered":"<p>Wyj\u0105tkowy wypad dla siebie, kt\u00f3ry mo\u017cna podarowa\u0107 w prezencie lub komu\u015b innemu, to lot helikopterem nad polami tulipan\u00f3w. Nie ma znaczenia, ile masz lat, lot helikopterem to wyj\u0105tkowe do\u015bwiadczenie dla ka\u017cdego. A dzi\u0119ki lotowi helikopterem nad polami tulipan\u00f3w mo\u017cna zobaczy\u0107 wyj\u0105tkowe miejsce w Holandii z lotu ptaka. Istnieje kilka miejsc, w kt\u00f3rych mo\u017cna odby\u0107 pi\u0119kne loty helikopterem i zobaczy\u0107 pola tulipan\u00f3w z g\u00f3ry. Widok tulipan\u00f3w z g\u00f3ry sprawia, \u017ce lot helikopterem jest wyj\u0105tkowy.<\/p>\n<h2>Miejsca odbioru na lot helikopterem nad polami tulipan\u00f3w<\/h2>\n<p><a href=\"https:\/\/123helikoptervluchten.nl\/pl\/lot-helikopterem\/bollenstreek\/\"><strong>Kliknij tutaj<\/strong> opcje i ceny od <strong>Lotnisko Hilversum<\/strong> dla <strong>pola \u017car\u00f3wek <\/strong>w \u015brodowisku<strong> Lisse.<\/strong><\/a><\/p>\n<h2>Ogl\u0105danie tulipan\u00f3w z g\u00f3ry<\/h2>\n<p>Lot helikopterem daje mo\u017cliwo\u015b\u0107 zobaczenia Holandii z g\u00f3ry. Ale lot helikopterem nad polami tulipan\u00f3w pokazuje co\u015b wi\u0119cej ni\u017c tylko ulice i wody naszego kraju. W\u0142a\u015bnie te pola tulipan\u00f3w wygl\u0105daj\u0105 wyj\u0105tkowo pi\u0119knie z powietrza. Kolory razem i rz\u0119dy pe\u0142ne kwiat\u00f3w s\u0105 oczywi\u015bcie ju\u017c przyjemne do ogl\u0105dania z ziemi, ale z powietrza s\u0105 jeszcze bardziej wyj\u0105tkowe. Mo\u017cna zobaczy\u0107 ca\u0142e pola na pierwszy rzut oka. Widok do zapami\u0119tania, na kt\u00f3ry mo\u017cna liczy\u0107 podczas lotu helikopterem nad polami tulipan\u00f3w.<\/p>\n<h2>Kt\u00f3ra godzina<\/h2>\n<p>Tulipany oczywi\u015bcie nie rosn\u0105 przez ca\u0142y rok, przynajmniej nie na zewn\u0105trz. Je\u015bli wi\u0119c chcesz zobaczy\u0107 pola tulipan\u00f3w w optymalnym czasie, musisz zaplanowa\u0107 lot helikopterem na pola tulipan\u00f3w we w\u0142a\u015bciwym czasie. Najbardziej idealny czas to okres od po\u0142owy kwietnia do po\u0142owy maja. To w\u0142a\u015bnie wtedy tulipany s\u0105 w pe\u0142nym rozkwicie. Inne kwiaty kwitn\u0105 ju\u017c w po\u0142owie marca i nadal mo\u017cna cieszy\u0107 si\u0119 pi\u0119knymi kolorami wszystkich kwiat\u00f3w a\u017c do lata. Jednak najwi\u0119kszy szczyt kwitnienia przypada na kwiecie\u0144 i maj, co sprawia, \u017ce jest to najlepszy okres na lot helikopterem nad polami tulipan\u00f3w.<\/p>\n<h2>W kilku prowincjach<\/h2>\n<p>Istnieje kilka prowincji, w kt\u00f3rych mo\u017cna odby\u0107 lot helikopterem nad polami tulipan\u00f3w. W rzeczywisto\u015bci kilka prowincji ma pola tulipan\u00f3w. By\u0107 mo\u017ce najbardziej znanym jest Keukenhof w <a href=\"https:\/\/123helikoptervluchten.nl\/pl\/lot-helikopterem\/lisse-noordwijk\/\">Lisse<\/a>. Odbywa si\u0119 to w tym samym czasie w regionie cebulowym - obszarze z wieloma kwiatami do obejrzenia mi\u0119dzy Lejd\u0105 a Haarlemem. R\u00f3wnie\u017c w Zeeuws-Vlaanderen, Flevoland i Zachodniej Fryzji mo\u017cna zobaczy\u0107 pi\u0119kne kwitn\u0105ce pola tulipan\u00f3w. Tak wi\u0119c w Holandii jest wiele p\u00f3l kwiatowych i p\u00f3l tulipan\u00f3w do zobaczenia z helikoptera.<\/p>\n<h2>Dla wszystkich grup wiekowych<\/h2>\n<p>Lot helikopterem nad polami tulipan\u00f3w to prawdziwa frajda dla ka\u017cdego. Nawet je\u015bli nie jeste\u015b mi\u0142o\u015bnikiem tulipan\u00f3w lub kwiat\u00f3w, mo\u017cesz cieszy\u0107 si\u0119 wyj\u0105tkowymi widokami z helikoptera. Ci, kt\u00f3rzy s\u0105 fanami, i tak b\u0119d\u0105 cieszy\u0107 si\u0119 lotem helikopterem nad polami tulipan\u00f3w. Tak naprawd\u0119 nie ma znaczenia, ile masz lat i czy pochodzisz z tego regionu. Tak czy inaczej, taki lot helikopterem to wyj\u0105tkowe do\u015bwiadczenie, kt\u00f3rego szybko nie zapomnisz.<\/p>","protected":false},"excerpt":{"rendered":"<p>Wyj\u0105tkowy wypad dla siebie, kt\u00f3ry mo\u017cna podarowa\u0107 w prezencie lub komu\u015b innemu, to lot helikopterem nad polami tulipan\u00f3w. Nie ma znaczenia, ile masz lat, lot helikopterem to wyj\u0105tkowe do\u015bwiadczenie dla ka\u017cdego. A dzi\u0119ki lotowi helikopterem na pola tulipan\u00f3w mo\u017cna zobaczy\u0107 z powietrza wyj\u0105tkowe miejsce w Holandii. Istnieje kilka miejsc [...]<\/p>","protected":false},"author":8,"featured_media":0,"parent":0,"menu_order":0,"comment_status":"closed","ping_status":"closed","template":"","meta":{"_acf_changed":false,"footnotes":""},"class_list":["post-17460","page","type-page","status-publish","hentry"],"acf":[],"_links":{"self":[{"href":"https:\/\/123helikoptervluchten.nl\/pl\/wp-json\/wp\/v2\/pages\/17460","targetHints":{"allow":["GET"]}}],"collection":[{"href":"https:\/\/123helikoptervluchten.nl\/pl\/wp-json\/wp\/v2\/pages"}],"about":[{"href":"https:\/\/123helikoptervluchten.nl\/pl\/wp-json\/wp\/v2\/types\/page"}],"author":[{"embeddable":true,"href":"https:\/\/123helikoptervluchten.nl\/pl\/wp-json\/wp\/v2\/users\/8"}],"replies":[{"embeddable":true,"href":"https:\/\/123helikoptervluchten.nl\/pl\/wp-json\/wp\/v2\/comments?post=17460"}],"version-history":[{"count":0,"href":"https:\/\/123helikoptervluchten.nl\/pl\/wp-json\/wp\/v2\/pages\/17460\/revisions"}],"wp:attachment":[{"href":"https:\/\/123helikoptervluchten.nl\/pl\/wp-json\/wp\/v2\/media?parent=17460"}],"curies":[{"name":"wp","href":"https:\/\/api.w.org\/{rel}","templated":true}]}}