{"id":17,"date":"2021-04-14T12:47:36","date_gmt":"2021-04-14T12:47:36","guid":{"rendered":"https:\/\/dev.surv.nl\/123h\/?page_id=17"},"modified":"2025-05-01T18:43:42","modified_gmt":"2025-05-01T16:43:42","slug":"over-ons","status":"publish","type":"page","link":"https:\/\/123helikoptervluchten.nl\/pl\/over-ons\/","title":{"rendered":"O nas"},"content":{"rendered":"<div class=\"row\">\n<div class=\"col-xl-8 col-sm-12\">\n<p class=\"main-text\">\"Kiedy podejmujesz zobowi\u0105zanie, budujesz nadziej\u0119. Kiedy go dotrzymujesz, budujesz zaufanie\".<\/p>\n<p><a class=\"button button-orange video-btn\" href=\"#\" data-bs-toggle=\"modal\" data-src=\"https:\/\/player.vimeo.com\/video\/649600219\" data-bs-target=\"#videoModal\">Obejrzyj nasz film korporacyjny<\/a><\/p>\n<p>Na stronie 123Helikoptervluchten znajdziesz wszystkie <a title=\"loty helikopterem\" href=\"\/pl\/\">loty helikopterem<\/a> wszystkich lokalizacji w pakiecie. Proste wyszukiwanie i por\u00f3wnywanie, jedna strona internetowa. Koniec z szukaniem jak ig\u0142y w stogu siana. Czy Twojej lokalizacji i rozwi\u0105zania nie ma na li\u015bcie? Skontaktuj si\u0119 z nami, zapewniamy r\u00f3wnie\u017c niestandardowe rozwi\u0105zania.<\/p>\n<h2>O\u015b czasu<\/h2>\n<p><strong>2010<\/strong><br \/>\nW tym roku postanowi\u0142em zdoby\u0107 licencj\u0119 na helikopter. W celach komercyjnych, aby uczyni\u0107 z tego pe\u0142noetatow\u0105 prac\u0119. Wcze\u015bniej przez ponad 10 lat pracowa\u0142em w \u015bwiecie in\u017cynierii jako mechanik nadzoruj\u0105cy instalacje niskonapi\u0119ciowe, audio i telekomunikacyjne.<\/p>\n<p><strong>2012<\/strong><br \/>\nTo tutaj za\u0142o\u017cy\u0142em RondvluchtHelikopter.nl, aby zapewni\u0107 ludziom informacje i mo\u017cliwo\u015b\u0107 rezerwacji lot\u00f3w online. \ud83c\udf89<\/p>\n<p><strong>2014<\/strong><br \/>\nMoja pierwsza pe\u0142noetatowa praca w Tajlandii, wspania\u0142e loty nad Bangkokiem i jego okolicami.<\/p>\n<p><strong>2016<\/strong><br \/>\nKolejnym wyzwaniem by\u0142y Niemcy, gdzie lata\u0142em \u015bmig\u0142owcem EC135 w bran\u017cy farm wiatrowych na morzu.<\/p>\n<p><strong>2017<\/strong><br \/>\nW tym roku 123Helikoptervluchten ujrza\u0142o \u015bwiat\u0142o dzienne, poniewa\u017c RondvluchtHelikopter.nl napotka\u0142o ograniczenia. Oferta ros\u0142a, a wraz z ni\u0105 ros\u0142a sprzeda\u017c. \ud83c\udf89<\/p>\n<p><strong>2019<\/strong><br \/>\nW po\u0142owie tego roku zacz\u0105\u0142em lata\u0107 z Anglii na AW139 na platformy wiertnicze. P\u00f3\u017aniej w tym samym roku zacz\u0105\u0142em lata\u0107 z Afryki Zachodniej, r\u00f3wnie\u017c na platformy wiertnicze. W mi\u0119dzyczasie, gdziekolwiek siedz\u0119, z po\u0142\u0105czeniem internetowym i laptopem, prowadz\u0119 123Helikoptervluchten \ud83d\ude42 .<\/p>\n<p><strong>2021<\/strong><br \/>\nEkspansja: do 123Helikoptervluchten do\u0142\u0105czy\u0142 programista i marketer internetowy. Nadchodz\u0105 pi\u0119kne i wymagaj\u0105ce kreacje, na pocz\u0105tku 2022 roku mamy nadziej\u0119 uruchomi\u0107 now\u0105 stron\u0119 internetow\u0105 dla 123Helikoptervluchten. Nast\u0119pnie mamy nadziej\u0119 uruchomi\u0107 inne firmy online, b\u0105d\u017a na bie\u017c\u0105co!<\/p>\n<p><strong>2022<br \/>\n<\/strong>Nadal pracuj\u0119 w Afryce Zachodniej. 4 tygodnie tam, a nast\u0119pnie 4 tygodnie wolnego w Holandii, w domu z rodzin\u0105.<\/p>\n<p style=\"margin-bottom: 0px; padding-bottom: 0px;\"><strong>Cele na przysz\u0142o\u015b\u0107<\/strong><\/p>\n<ul style=\"font-size: 18px; font-weight: 500;\">\n<li>Sp\u0119dza\u0107 wi\u0119cej czasu z \u017con\u0105 i dzie\u0107mi, po 3 ch\u0142opcach, teraz w drodze jest c\u00f3rka! \ud83e\udd73<\/li>\n<li>polecie\u0107 na ksi\u0119\u017cyc, najlepiej z noclegiem \ud83d\ude80<\/li>\n<li>schudn\u0105\u0107 (waga) i sze\u015bciopak (Heineken) \ud83d\udcaa<\/li>\n<li>Uruchamianie innych platform internetowych jako przedsi\u0119biorca i m\u00f3j cel jako pilota, kt\u00f3ry wci\u0105\u017c trzymam w tajemnicy \ud83d\ude09<\/li>\n<\/ul>\n<p><strong>2023<\/strong><br \/>\nWrzesie\u0144: Zmierzamy w kierunku wzrostu sprzeda\u017cy o &gt;60% w por\u00f3wnaniu do ubieg\u0142ego roku. Cz\u0119\u015bciowo dlatego, \u017ce odnowiona strona internetowa stoi jak dom od prawie 2 lat. Jeste\u015bmy z tego bardzo zadowoleni. Ale nie jeste\u015bmy jeszcze na tym etapie. Wci\u0105\u017c widz\u0119 mo\u017cliwo\u015bci i obszary do poprawy, kt\u00f3re krok po kroku s\u0105 wdra\u017cane. Wszystko dla lepszego do\u015bwiadczenia!<\/p>\n<p><strong>2024<\/strong><br \/>\nPa\u017adziernik: obroty w por\u00f3wnaniu do ca\u0142ego ubieg\u0142ego roku ju\u017c za nami, wi\u0119c \u0142adny wzrost trwa. W tym miesi\u0105cu zaprezentowali\u015bmy r\u00f3wnie\u017c nasze nowe logo. Stare logo koncentrowa\u0142o si\u0119 g\u0142\u00f3wnie na rynku prywatnym. Ale w ostatnich latach dodawali\u015bmy coraz wi\u0119cej zlece\u0144 biznesowych, wi\u0119c mamy teraz logo, kt\u00f3re przemawia zar\u00f3wno do rynku prywatnego, jak i biznesowego. Mamy nadziej\u0119, \u017ce logo si\u0119 podoba \ud83d\ude42<\/p>\n<p>Stary:<br \/>\n<img decoding=\"async\" class=\"alignnone wp-image-19458\" src=\"https:\/\/123helikoptervluchten.nl\/wp-content\/uploads\/2024\/05\/logo-1200x328.jpg\" alt=\"Logo lot\u00f3w 123Helicopter\" width=\"391\" height=\"107\" title=\"\" srcset=\"https:\/\/123helikoptervluchten.nl\/wp-content\/uploads\/2024\/05\/logo-1200x328.jpg 1200w, https:\/\/123helikoptervluchten.nl\/wp-content\/uploads\/2024\/05\/logo-scaled-600x164.jpg 600w, https:\/\/123helikoptervluchten.nl\/wp-content\/uploads\/2024\/05\/logo-300x82.jpg 300w, https:\/\/123helikoptervluchten.nl\/wp-content\/uploads\/2024\/05\/logo-768x210.jpg 768w, https:\/\/123helikoptervluchten.nl\/wp-content\/uploads\/2024\/05\/logo-1536x419.jpg 1536w, https:\/\/123helikoptervluchten.nl\/wp-content\/uploads\/2024\/05\/logo-2048x559.jpg 2048w, https:\/\/123helikoptervluchten.nl\/wp-content\/uploads\/2024\/05\/logo-18x5.jpg 18w, https:\/\/123helikoptervluchten.nl\/wp-content\/uploads\/2024\/05\/logo-60x16.jpg 60w, https:\/\/123helikoptervluchten.nl\/wp-content\/uploads\/2024\/05\/logo-110x30.jpg 110w\" sizes=\"(max-width: 391px) 100vw, 391px\" \/><\/p>\n<p>Nowo\u015b\u0107:<br \/>\n<img decoding=\"async\" class=\"alignnone wp-image-19822\" src=\"https:\/\/123helikoptervluchten.nl\/wp-content\/uploads\/2024\/10\/Main-logo-Transperent.png\" alt=\"Nowe logo 123Helicopterflights\" width=\"396\" height=\"98\" title=\"\" srcset=\"https:\/\/123helikoptervluchten.nl\/wp-content\/uploads\/2024\/10\/Main-logo-Transperent.png 869w, https:\/\/123helikoptervluchten.nl\/wp-content\/uploads\/2024\/10\/Main-logo-Transperent-300x75.png 300w, https:\/\/123helikoptervluchten.nl\/wp-content\/uploads\/2024\/10\/Main-logo-Transperent-768x192.png 768w, https:\/\/123helikoptervluchten.nl\/wp-content\/uploads\/2024\/10\/Main-logo-Transperent-18x4.png 18w, https:\/\/123helikoptervluchten.nl\/wp-content\/uploads\/2024\/10\/Main-logo-Transperent-60x15.png 60w, https:\/\/123helikoptervluchten.nl\/wp-content\/uploads\/2024\/10\/Main-logo-Transperent-110x27.png 110w, https:\/\/123helikoptervluchten.nl\/wp-content\/uploads\/2024\/10\/Main-logo-Transperent-600x150.png 600w\" sizes=\"(max-width: 396px) 100vw, 396px\" \/><\/p>\n<p>Je\u015bli masz jakie\u015b pytania, przejd\u017a do strony kontaktowej i nie kr\u0119puj si\u0119 pyta\u0107. \u017byczymy udanego dnia!<\/p>\n<p>Lekkie powitanie,<br \/>\nWilfred Boerendans - w\u0142a\u015bciciel i pilot<br \/>\n<a href=\"https:\/\/www.linkedin.com\/in\/wilfredboerendans\/\" rel=\"nofollow noopener\" target=\"_blank\"><img decoding=\"async\" class=\"alignnone wp-image-19948\" src=\"https:\/\/123helikoptervluchten.nl\/wp-content\/uploads\/2024\/12\/1656958733linkedin-logo-png-1200x302.png\" alt=\"LinkedIn Wilfred\" width=\"95\" height=\"24\" title=\"\" srcset=\"https:\/\/123helikoptervluchten.nl\/wp-content\/uploads\/2024\/12\/1656958733linkedin-logo-png-1200x302.png 1200w, https:\/\/123helikoptervluchten.nl\/wp-content\/uploads\/2024\/12\/1656958733linkedin-logo-png-300x76.png 300w, https:\/\/123helikoptervluchten.nl\/wp-content\/uploads\/2024\/12\/1656958733linkedin-logo-png-768x194.png 768w, https:\/\/123helikoptervluchten.nl\/wp-content\/uploads\/2024\/12\/1656958733linkedin-logo-png-1536x387.png 1536w, https:\/\/123helikoptervluchten.nl\/wp-content\/uploads\/2024\/12\/1656958733linkedin-logo-png-18x5.png 18w, https:\/\/123helikoptervluchten.nl\/wp-content\/uploads\/2024\/12\/1656958733linkedin-logo-png-60x15.png 60w, https:\/\/123helikoptervluchten.nl\/wp-content\/uploads\/2024\/12\/1656958733linkedin-logo-png-110x28.png 110w, https:\/\/123helikoptervluchten.nl\/wp-content\/uploads\/2024\/12\/1656958733linkedin-logo-png-600x151.png 600w, https:\/\/123helikoptervluchten.nl\/wp-content\/uploads\/2024\/12\/1656958733linkedin-logo-png.png 2000w\" sizes=\"(max-width: 95px) 100vw, 95px\" \/><\/a><\/p>\n<p><img decoding=\"async\" class=\"alignnone size-full wp-image-18983\" src=\"https:\/\/123helikoptervluchten.nl\/wp-content\/uploads\/2023\/09\/1630346833762.jpeg\" alt=\"pilot \u015bmig\u0142owca\" width=\"150\" height=\"150\" title=\"\" srcset=\"https:\/\/123helikoptervluchten.nl\/wp-content\/uploads\/2023\/09\/1630346833762.jpeg 150w, https:\/\/123helikoptervluchten.nl\/wp-content\/uploads\/2023\/09\/1630346833762-60x60.jpeg 60w, https:\/\/123helikoptervluchten.nl\/wp-content\/uploads\/2023\/09\/1630346833762-110x110.jpeg 110w\" sizes=\"(max-width: 150px) 100vw, 150px\" \/><\/p>\n<\/div>\n<div class=\"col-xl-4 col-sm-12\"><img decoding=\"async\" class=\"wp-image-287 alignleft\" src=\"https:\/\/123helikoptervluchten.nl\/wp-content\/uploads\/2021\/04\/05-600x600@2x-300x300.jpg\" alt=\"\" width=\"678\" height=\"678\" title=\"\" srcset=\"https:\/\/123helikoptervluchten.nl\/wp-content\/uploads\/2021\/04\/05-600x600@2x-300x300.jpg 300w, https:\/\/123helikoptervluchten.nl\/wp-content\/uploads\/2021\/04\/05-600x600@2x-600x600.jpg 600w, https:\/\/123helikoptervluchten.nl\/wp-content\/uploads\/2021\/04\/05-600x600@2x-1024x1024.jpg 1024w, https:\/\/123helikoptervluchten.nl\/wp-content\/uploads\/2021\/04\/05-600x600@2x-150x150.jpg 150w, https:\/\/123helikoptervluchten.nl\/wp-content\/uploads\/2021\/04\/05-600x600@2x-768x768.jpg 768w, https:\/\/123helikoptervluchten.nl\/wp-content\/uploads\/2021\/04\/05-600x600@2x.jpg 1200w\" sizes=\"(max-width: 678px) 100vw, 678px\" \/><\/div>\n<\/div>","protected":false},"excerpt":{"rendered":"<p>\"Kiedy podejmujesz zobowi\u0105zanie, budujesz nadziej\u0119. Kiedy go dotrzymujesz, budujesz zaufanie\". Obejrzyj nasz film firmowy Na 123Helikopterflights znajdziesz wszystkie loty helikopterem ze wszystkich lokalizacji zebrane razem. \u0141atwe wyszukiwanie i por\u00f3wnywanie, 1 strona internetowa. Koniec z szukaniem jak ig\u0142y w stogu siana, to nie musi by\u0107 takie trudne. Czy Twoja lokalizacja i rozwi\u0105zanie [...]<\/p>","protected":false},"author":10,"featured_media":0,"parent":0,"menu_order":0,"comment_status":"closed","ping_status":"closed","template":"","meta":{"_acf_changed":false,"footnotes":""},"class_list":["post-17","page","type-page","status-publish","hentry"],"acf":[],"_links":{"self":[{"href":"https:\/\/123helikoptervluchten.nl\/pl\/wp-json\/wp\/v2\/pages\/17","targetHints":{"allow":["GET"]}}],"collection":[{"href":"https:\/\/123helikoptervluchten.nl\/pl\/wp-json\/wp\/v2\/pages"}],"about":[{"href":"https:\/\/123helikoptervluchten.nl\/pl\/wp-json\/wp\/v2\/types\/page"}],"author":[{"embeddable":true,"href":"https:\/\/123helikoptervluchten.nl\/pl\/wp-json\/wp\/v2\/users\/10"}],"replies":[{"embeddable":true,"href":"https:\/\/123helikoptervluchten.nl\/pl\/wp-json\/wp\/v2\/comments?post=17"}],"version-history":[{"count":0,"href":"https:\/\/123helikoptervluchten.nl\/pl\/wp-json\/wp\/v2\/pages\/17\/revisions"}],"wp:attachment":[{"href":"https:\/\/123helikoptervluchten.nl\/pl\/wp-json\/wp\/v2\/media?parent=17"}],"curies":[{"name":"wp","href":"https:\/\/api.w.org\/{rel}","templated":true}]}}