{"id":12898,"date":"2021-08-26T15:33:07","date_gmt":"2021-08-26T13:33:07","guid":{"rendered":"https:\/\/dev.surv.nl\/123h\/?page_id=12898"},"modified":"2024-10-10T11:16:45","modified_gmt":"2024-10-10T09:16:45","slug":"algemene-voorwaarden","status":"publish","type":"page","link":"https:\/\/123helikoptervluchten.nl\/pl\/algemene-voorwaarden\/","title":{"rendered":"Og\u00f3lne warunki handlowe"},"content":{"rendered":"<p>Wszelkie prawa zastrze\u017cone przez:<br \/>\nUs\u0142ugi HeliQopter<br \/>\nOder 20 - PO Box E7710<br \/>\n2491 DC Haga<br \/>\nIzba Handlowa: 56385404<br \/>\nNr VAT: NL002147396B80<\/p>\n<p><strong>Og\u00f3lne warunki handlowe<\/strong><\/p>\n<p><strong>Artyku\u0142 1 Definicje i zastosowanie<\/strong><\/p>\n<ol>\n<li>W niniejszych Warunkach zastosowanie maj\u0105 nast\u0119puj\u0105ce definicje:\n<ul>\n<li>HeliQopter Services, RondvluchtHelikopter.nl lub 123Helikopterflights: \"my\" i \"nas\";<\/li>\n<li>Klient: ka\u017cdy nasz klient, b\u0119d\u0105cy klientem lub najemc\u0105.<\/li>\n<li>Operator: ka\u017cdy nasz klient wykonuj\u0105cy operacje lotnicze lub prace.<\/li>\n<\/ul>\n<\/li>\n<li>Niniejsze Warunki stanowi\u0105 cz\u0119\u015b\u0107 wszystkich ofert i um\u00f3w mi\u0119dzy nami a klientem dotycz\u0105cych \u015bwiadczenia us\u0142ug i\/lub pracy.<\/li>\n<li>Dodatkowe i\/lub odmienne warunki Klienta lub os\u00f3b trzecich nie s\u0105 dla nas wi\u0105\u017c\u0105ce, chyba \u017ce zosta\u0142y przez nas wyra\u017anie zaakceptowane na pi\u015bmie.<\/li>\n<li>W j\u0119zyku osobowym on oznacza r\u00f3wnie\u017c ona, a jego oznacza r\u00f3wnie\u017c ona.<\/li>\n<\/ol>\n<p><strong>Artyku\u0142 2 Oferty<\/strong><\/p>\n<ol>\n<li>Wszystkie sporz\u0105dzone przez nas wyceny s\u0105 niewi\u0105\u017c\u0105ce i wa\u017cne przez 14 dni od daty wyceny, chyba \u017ce uzgodniono inaczej.<\/li>\n<li>Je\u015bli oferta z\u0142o\u017cona przez nas zawiera niewi\u0105\u017c\u0105c\u0105 ofert\u0119 i zostanie ona zaakceptowana przez Klienta, mamy prawo do odwo\u0142ania tej oferty w ci\u0105gu 10 dni roboczych od uzyskania informacji o jej przyj\u0119ciu przez Klienta.<\/li>\n<li>Ustne umowy i porozumienia nie s\u0105 dla nas wi\u0105\u017c\u0105ce, chyba \u017ce zostan\u0105 przez nas potwierdzone na pi\u015bmie.<\/li>\n<\/ol>\n<p><strong>Artyku\u0142 3 Nagrody<\/strong><\/p>\n<ol>\n<li>O ile wyra\u017anie nie zaznaczono inaczej, ceny podane w ofertach s\u0105 wyra\u017cone w euro i nie zawieraj\u0105 podatku VAT. Ceny te dotycz\u0105 us\u0142ugi wymienionej w potwierdzeniu zam\u00f3wienia. Dodatkowe lub specjalne us\u0142ugi s\u0105 p\u0142atne oddzielnie.<\/li>\n<li>Jeste\u015bmy uprawnieni do obci\u0105\u017cenia klienta czynnikami zwi\u0119kszaj\u0105cymi cen\u0119, w tym wzrostem koszt\u00f3w lot\u00f3w helikopterem, zezwole\u0144, materia\u0142\u00f3w, koszt\u00f3w pracy, op\u0142at socjalnych i koszt\u00f3w transportu.<\/li>\n<li>Bez naszej zgody Klient nie mo\u017ce podnosi\u0107 cen\/stawek dla w\u0142asnego zysku.<\/li>\n<li>Je\u015bli, w porozumieniu z Klientem, pierwotna umowa mi\u0119dzy nami a Klientem zostanie zmieniona, wynikaj\u0105ce z tego koszty dodatkowej pracy zostan\u0105 naliczone Klientowi wed\u0142ug cen i\/lub stawek obowi\u0105zuj\u0105cych w momencie realizacji.<\/li>\n<li>Kalkulacja odbywa si\u0119 p\u00f3\u017aniej zgodnie z rzeczywistym czasem lotu i wszelkimi poniesionymi dodatkowymi kosztami.<\/li>\n<li>Uzgodniona kwota musi wp\u0142yn\u0105\u0107 do nas nie p\u00f3\u017aniej ni\u017c 3 (trzy) dni robocze przed dat\u0105 realizacji.<\/li>\n<li>Je\u015bli Klient nie dokona p\u0142atno\u015bci w terminie, uznaje si\u0119, \u017ce jest w zw\u0142oce z mocy prawa. Od momentu zw\u0142oki Klient b\u0119dzie winien odsetki od nale\u017cnej kwoty w wysoko\u015bci 1,5% miesi\u0119cznie, przy czym cz\u0119\u015b\u0107 miesi\u0105ca b\u0119dzie traktowana jako ca\u0142y miesi\u0105c. Klient b\u0119dzie r\u00f3wnie\u017c winien nam rekompensat\u0119 za pozas\u0105dowe koszty windykacji.<\/li>\n<li>Pozas\u0105dowe koszty windykacji ustalono na 15% nale\u017cnej kwoty, przy czym minimalna kwota wynosi 500,00 EUR.<\/li>\n<li>Je\u015bli termin p\u0142atno\u015bci zostanie przekroczony, mamy prawo zawiesi\u0107 wype\u0142nianie wszystkich zobowi\u0105za\u0144 wynikaj\u0105cych z umowy, a tak\u017ce zadeklarowa\u0107 rozwi\u0105zanie umowy po powiadomieniu o zw\u0142oce, ale bez interwencji s\u0105dowej, za pomoc\u0105 pisemnego o\u015bwiadczenia wys\u0142anego listem poleconym. Prawa te przys\u0142uguj\u0105 nam r\u00f3wnie\u017c w przypadku og\u0142oszenia upad\u0142o\u015bci Klienta, zawieszenia p\u0142atno\u015bci przez Klienta lub rozwi\u0105zania b\u0105d\u017a likwidacji firmy Klienta.<\/li>\n<li>Faktury nale\u017cy op\u0142aca\u0107 w terminie p\u0142atno\u015bci okre\u015blonym na danej fakturze. Je\u015bli faktura nie okre\u015bla wyra\u017anego terminu p\u0142atno\u015bci, zastosowanie ma termin p\u0142atno\u015bci wynosz\u0105cy 30 (trzydzie\u015bci) dni.<\/li>\n<li>Wszelkie p\u0142atno\u015bci dokonywane przez Klienta na nasz\u0105 rzecz w zwi\u0105zku z zaleg\u0142ymi fakturami b\u0119d\u0105 potr\u0105cane z najstarszych zaleg\u0142ych faktur Klienta, niezale\u017cnie od jakichkolwiek innych wskaza\u0144 Klienta.<\/li>\n<li>Jakiekolwiek poleganie przez Klienta na zawieszeniu, potr\u0105ceniu lub odliczeniu jest niedozwolone.<\/li>\n<\/ol>\n<p><strong>Artyku\u0142 4 Wykonanie umowy<\/strong><\/p>\n<ol>\n<li>Uzgodnione daty i godziny wykonania s\u0105 terminami docelowymi, kt\u00f3re nie s\u0105 dla nas wi\u0105\u017c\u0105ce.<\/li>\n<li>Poinformujemy Klient\u00f3w tak szybko, jak to mo\u017cliwe, ale nie p\u00f3\u017aniej ni\u017c dwa tygodnie po otrzymaniu zlecenia od Klienta, o przewidywanej dacie wykonania umowy. Je\u015bli dowiemy si\u0119, \u017ce wykonanie umowy nie b\u0119dzie mog\u0142o nast\u0105pi\u0107 w uzgodnionym dniu i godzinie, poinformujemy Klient\u00f3w o przewidywanej dacie wykonania umowy tak szybko, jak to mo\u017cliwe, ale nie p\u00f3\u017aniej ni\u017c dwa tygodnie po otrzymaniu zlecenia od Klienta.<\/li>\n<li>W terminie trzech dni roboczych od dnia otrzymania zawiadomienia, o kt\u00f3rym mowa w pkt 4.2, o terminie wykonania umowy, Zleceniodawca ma prawo rozwi\u0105za\u0107 umow\u0119 w drodze pisemnego o\u015bwiadczenia przes\u0142anego listem poleconym. W przypadku braku takiego o\u015bwiadczenia uznaje si\u0119, \u017ce Zleceniodawca wyra\u017ca zgod\u0119 na op\u00f3\u017anienie w dostawie i nie mo\u017ce \u017c\u0105da\u0107 odszkodowania ani rozwi\u0105zania umowy w tym zakresie.<\/li>\n<li>Jeste\u015bmy uprawnieni do zawieszenia wykonania umowy, dop\u00f3ki Klient nie wype\u0142ni swoich zobowi\u0105za\u0144 wobec nas. Zawieszenie to obowi\u0105zuje do czasu, gdy Klient w pe\u0142ni wywi\u0105\u017ce si\u0119 ze swoich zobowi\u0105za\u0144.<\/li>\n<\/ol>\n<p><strong>Artyku\u0142 5 Bezpiecze\u0144stwo<\/strong><\/p>\n<ol>\n<li>Operacje lotnicze wi\u0105\u017c\u0105 si\u0119 z regularnymi inspekcjami przeprowadzanymi przez IVW. W zwi\u0105zku z tym mo\u017ce by\u0107 konieczne, aby zleceniodawca zezwoli\u0142 urz\u0119dnikowi IVW na nadzorowanie lotu lub operacji (w jej cz\u0119\u015bci). Oczywi\u015bcie niedogodno\u015bci dla zleceniodawcy zostan\u0105 ograniczone do minimum.<\/li>\n<li>Klient zapewni, \u017ce \u017cadne niebezpieczne lub zabronione substancje lub przedmioty nie zostan\u0105 zabrane, w baga\u017cu lub w inny spos\u00f3b, ani wniesione na pok\u0142ad podczas wynajmu lub operacji. Nie ponosimy odpowiedzialno\u015bci za (utrat\u0119) towar\u00f3w, cennych lub innych.<\/li>\n<li>Ka\u017cdy pasa\u017cer musi posiada\u0107 wa\u017cny i wa\u017cny dow\u00f3d to\u017csamo\u015bci, kt\u00f3ry nale\u017cy okaza\u0107 na nasze \u017c\u0105danie. Bilety s\u0105 imienne.<\/li>\n<li>Linie lotnicze Aer Lingus lub Operator mog\u0105 w ka\u017cdej chwili anulowa\u0107 lub zmieni\u0107 zam\u00f3wienie, zawiesi\u0107 lub wstrzyma\u0107 jego realizacj\u0119 lub odm\u00f3wi\u0107 przyj\u0119cia jednego lub wi\u0119kszej liczby pasa\u017cer\u00f3w, je\u015bli w ich opinii nie mo\u017cna zagwarantowa\u0107 bezpiecznej realizacji lotu. W takim przypadku Klientowi nie przys\u0142uguje \u017cadne odszkodowanie. Klient zostanie obci\u0105\u017cony kosztami ju\u017c przez nas poniesionymi, np. kosztami poniesionymi na rzecz os\u00f3b trzecich i faktycznie wykorzystanymi minutami lotu.<\/li>\n<li>Kapitan \u015bmig\u0142owca jest upowa\u017cniony do wydawania polece\u0144 wszystkim osobom znajduj\u0105cym si\u0119 na pok\u0142adzie, w tym pasa\u017cerom. Pasa\u017cerowie s\u0105 zobowi\u0105zani do wykonywania tych polece\u0144.<\/li>\n<\/ol>\n<p><b>Artyku\u0142 6 Si\u0142a wy\u017csza<\/b><\/p>\n<ol>\n<li>Si\u0142a wy\u017csza oznacza: okoliczno\u015bci, kt\u00f3re uniemo\u017cliwiaj\u0105 wype\u0142nienie zobowi\u0105zania i kt\u00f3rych nie mo\u017cna nam przypisa\u0107. Obejmuj\u0105 one (je\u015bli i w zakresie, w jakim okoliczno\u015bci te uniemo\u017cliwiaj\u0105 lub nadmiernie utrudniaj\u0105 wykonanie): przyczyny techniczne lotu, w tym okre\u015blone warunki pogodowe, sprzeciw rz\u0105du, awari\u0119 operacyjn\u0105, zak\u0142\u00f3cenia w dostawie energii lub materia\u0142\u00f3w, awari\u0119 telefonu, op\u00f3\u017anienia w transporcie, strajki i brak terminowej dostawy przez dostawc\u00f3w oraz chorob\u0119 lub \u015bmier\u0107 osoby wa\u017cnej dla projektu. W przypadku wyst\u0105pienia si\u0142y wy\u017cszej b\u0119dziemy zawsze uprawnieni do rozwi\u0105zania umowy za pomoc\u0105 ustnego powiadomienia, a nast\u0119pnie pisemnego o\u015bwiadczenia (wys\u0142anego listem poleconym), w kt\u00f3rym to przypadku klient nie b\u0119dzie uprawniony do \u017cadnego odszkodowania.<\/li>\n<li>W przypadku tymczasowego dzia\u0142ania si\u0142y wy\u017cszej jeste\u015bmy uprawnieni do przed\u0142u\u017cenia okresu, w kt\u00f3rym prace musz\u0105 zosta\u0107 wykonane, o okres, w kt\u00f3rym \u015bwiadczenie jest tymczasowo uniemo\u017cliwione. W przypadku tymczasowego dzia\u0142ania si\u0142y wy\u017cszej klient mo\u017ce za\u017c\u0105da\u0107 rozwi\u0105zania umowy, je\u015bli nie mo\u017cna od niego rozs\u0105dnie wymaga\u0107, aby nadal akceptowa\u0142 \u015bwiadczenie w wyniku op\u00f3\u017anienia, bez prawa do jakiegokolwiek odszkodowania.<\/li>\n<li>Klient mo\u017ce \u017c\u0105da\u0107 rozwi\u0105zania umowy wy\u0142\u0105cznie w ci\u0105gu trzech dni roboczych od poinformowania go przez nas o op\u00f3\u017anieniu w wykonaniu umowy.<\/li>\n<\/ol>\n<p><strong>Artyku\u0142 7 Anulowanie przez Klienta<\/strong><\/p>\n<ol>\n<li>Je\u015bli Klient chce anulowa\u0107 umow\u0119 zawart\u0105 z nami z jakiegokolwiek powodu, Klient jest zobowi\u0105zany do zap\u0142aty nam odszkodowania, kt\u00f3re zostanie obliczone na podstawie ceny podanej w potwierdzeniu zam\u00f3wienia zgodnie z poni\u017cszym harmonogramem:\n<ul>\n<li>25% w przypadku odst\u0105pienia od umowy w okresie do 6 tygodni przed dat\u0105 wykonania umowy;<\/li>\n<li>35% do odst\u0105pienia od umowy w okresie od 6 do 4 tygodni przed dat\u0105 wykonania umowy;<\/li>\n<li>50% za odst\u0105pienie od umowy w okresie od 4 do 2 tygodni przed dat\u0105 zawarcia umowy;<\/li>\n<li>75% do anulowania w okresie od 2 do 1 tygodnia przed dat\u0105 wykonania umowy;<\/li>\n<li>95% za anulowanie w okresie od 1 tygodnia do 1 dnia przed dat\u0105 wykonania umowy;<\/li>\n<li>100% w przypadku odst\u0105pienia od umowy w dniu jej wykonania.<\/li>\n<\/ul>\n<\/li>\n<li>Za podstaw\u0119 do obliczenia odszkodowania przyjmuje si\u0119 dzie\u0144, w kt\u00f3rym dotar\u0142a do nas pisemna informacja od Klienta, w kt\u00f3rej Klient informuje nas o ch\u0119ci odst\u0105pienia od umowy.<\/li>\n<li>Je\u017celi szkoda poniesiona przez nas w wyniku odst\u0105pienia od umowy przekracza odszkodowanie obliczone w ust. 1, Klient jest zobowi\u0105zany do zap\u0142aty nam faktycznie poniesionej szkody. Przez faktycznie poniesion\u0105 szkod\u0119 nale\u017cy rozumie\u0107 koszty anulowania nale\u017cne od nas zaanga\u017cowanym przez nas stronom trzecim oraz koszty ju\u017c przez nas poniesione.<\/li>\n<li>Bony upominkowe \/ bilety elektroniczne s\u0105 wa\u017cne przez 1 rok od daty wystawienia, o ile nie okre\u015blono inaczej, i nie podlegaj\u0105 wymianie na got\u00f3wk\u0119.<\/li>\n<\/ol>\n<p><strong>Artyku\u0142 8 Odpowiedzialno\u015b\u0107<\/strong><\/p>\n<ol>\n<li>Nie ponosimy odpowiedzialno\u015bci za szkody wyrz\u0105dzone osobom lub mieniu przez lub podczas wykonywania us\u0142ug i\/lub prac, z wyj\u0105tkiem przypadku, gdy takie szkody s\u0105 spowodowane umy\u015blnym dzia\u0142aniem lub ra\u017c\u0105cym zaniedbaniem z naszej strony. Je\u015bli osoby trzecie poci\u0105gn\u0105 nas do odpowiedzialno\u015bci za szkody spowodowane przed, w trakcie i po wykonaniu us\u0142ug i\/lub prac, Klient zwolni nas z odpowiedzialno\u015bci.<\/li>\n<li>Wszystkie nasze operacje lotnicze lub prace s\u0105 wykonywane przez Operatora. W zwi\u0105zku z tym nie ponosimy \u017cadnej odpowiedzialno\u015bci, a Og\u00f3lne Warunki Handlowe Operatora maj\u0105 zastosowanie jako zasady przewodnie dla Zleceniodawc\u00f3w. Zawieraj\u0105c umow\u0119 na zakup od nas us\u0142ug lub produkt\u00f3w, Zleceniodawca wyra\u017ca r\u00f3wnie\u017c zgod\u0119 na obowi\u0105zuj\u0105ce w danym czasie Og\u00f3lne Warunki Handlowe Operatora.<\/li>\n<li>Nie ponosimy odpowiedzialno\u015bci za szkody spowodowane przez lub podczas wykonywania us\u0142ug i\/lub prac w wyniku nieprzestrzegania przez Klienta lub osoby trzecie \u015brodk\u00f3w maj\u0105cych na celu zapewnienie porz\u0105dku publicznego i bezpiecze\u0144stwa.<\/li>\n<li>W przypadku poniesienia przez nas odpowiedzialno\u015bci, nasza odpowiedzialno\u015b\u0107 b\u0119dzie ograniczona do limitu ubezpieczenia odpowiedzialno\u015bci wykupionego przez nas w tym zakresie.<\/li>\n<li>Nasza odpowiedzialno\u015b\u0107 jest ograniczona do zakresu okre\u015blonego w niniejszym artykule. Klient zabezpieczy nas przed wszelkimi roszczeniami os\u00f3b trzecich.<\/li>\n<\/ol>\n<p><strong>Artyku\u0142 9 Spory i prawo w\u0142a\u015bciwe<\/strong><\/p>\n<ol>\n<li>Wszelkie umowy mi\u0119dzy nami a Klientem, jak r\u00f3wnie\u017c wszelkie spory mi\u0119dzy nami a Klientem wynikaj\u0105ce z ich wykonania lub z nimi zwi\u0105zane podlegaj\u0105 prawu holenderskiemu.<\/li>\n<li>Wszelkie zastrze\u017cenia Klienta dotycz\u0105ce wystawionej przez nas faktury lub automatycznie pobranej przez nas kwoty musz\u0105 zosta\u0107 zg\u0142oszone nam na pi\u015bmie w ci\u0105gu 14 (czternastu) dni od daty wystawienia faktury lub daty polecenia zap\u0142aty. Po up\u0142ywie tego terminu faktur\u0119 lub pobran\u0105 kwot\u0119 uznaje si\u0119 za uznan\u0105 przez Klienta.<\/li>\n<li>Je\u015bli Klient uwa\u017ca, \u017ce dostarczony przez nas produkt lub us\u0142uga nie s\u0105 zgodne z tym, co strony uzgodni\u0142y, Klient musi powiadomi\u0107 nas o tym na pi\u015bmie w ci\u0105gu 14 (czternastu) dni od dostawy lub w ci\u0105gu 14 (czternastu) dni od momentu, w kt\u00f3rym Klient m\u00f3g\u0142 w rozs\u0105dny spos\u00f3b dowiedzie\u0107 si\u0119 o rzekomym niedoci\u0105gni\u0119ciu.<\/li>\n<\/ol>\n<p><b>Artyku\u0142 10 Odpowiedzialno\u015b\u0107 solidarna<\/b><\/p>\n<ol>\n<li>Je\u015bli kilka os\u00f3b (prawnych) lub firm jest okre\u015blanych jako klient, b\u0119d\u0105 one solidarnie zobowi\u0105zane do wype\u0142nienia wszystkich zobowi\u0105za\u0144 wynikaj\u0105cych z zawartej z nami umowy, do kt\u00f3rej maj\u0105 zastosowanie niniejsze warunki.<\/li>\n<\/ol>\n<p><b>Artyku\u0142 11 Oferty i potwierdzenie zam\u00f3wienia<\/b><\/p>\n<ol>\n<li>Nie ponosimy odpowiedzialno\u015bci za roszczenia i\/lub \u017c\u0105dania os\u00f3b trzecich z tytu\u0142u naruszenia ich praw autorskich, patent\u00f3w, licencji, znak\u00f3w towarowych, modeli i innych praw, niezale\u017cnie od ich nazwy, w zwi\u0105zku z dostarczonymi przez nas towarami lub wykonanymi przez nas us\u0142ugami i\/lub pracami, je\u017celi mogli\u015bmy naruszy\u0107 te prawa, wykorzystuj\u0105c dane, pisma lub przedmioty dostarczone przez nas lub w imieniu klienta w celu realizacji zam\u00f3wienia.<\/li>\n<\/ol>\n<p><b>Artyku\u0142 12 Rozwi\u0105zanie<\/b><\/p>\n<ol>\n<li>Ka\u017cda ze stron jest uprawniona do odst\u0105pienia od umowy na drodze pozas\u0105dowej, je\u017celi druga strona w spos\u00f3b nieuzasadniony nie wype\u0142ni istotnych zobowi\u0105za\u0144 wynikaj\u0105cych z umowy i po otrzymaniu nale\u017cytego pisemnego powiadomienia nie naprawi takiego uchybienia w rozs\u0105dnym terminie.<\/li>\n<li>Rozwi\u0105zanie umowy nie zwalnia Klienta z jakichkolwiek zobowi\u0105za\u0144 p\u0142atniczych w odniesieniu do produkt\u00f3w i\/lub us\u0142ug ju\u017c dostarczonych przez nas, chyba \u017ce zalegamy z p\u0142atno\u015bciami w odniesieniu do konkretnego produktu lub us\u0142ugi.<\/li>\n<li>Jeste\u015bmy uprawnieni do rozwi\u0105zania umowy ze skutkiem natychmiastowym, bez konieczno\u015bci dalszego powiadamiania o niewywi\u0105zaniu si\u0119 z umowy i bez nak\u0142adania na nas odpowiedzialno\u015bci odszkodowawczej wobec Klienta, je\u017celi Klientowi przyznano tymczasowe lub ostateczne zawieszenie p\u0142atno\u015bci, z\u0142o\u017cono wniosek o upad\u0142o\u015b\u0107 Klienta, zaj\u0119to (cz\u0119\u015b\u0107) towar\u00f3w Klienta lub firma Klienta zosta\u0142a zlikwidowana lub rozwi\u0105zana.<\/li>\n<li>Niezw\u0142ocznie po rozwi\u0105zaniu umowy, bez wzgl\u0119du na przyczyn\u0119, Klient zaprzestaje korzystania z produkt\u00f3w i\/lub wynik\u00f3w udost\u0119pnionych us\u0142ug oraz zwraca ca\u0142\u0105 dokumentacj\u0119 i inne materia\u0142y udost\u0119pnione Klientowi w ramach umowy.<\/li>\n<\/ol>","protected":false},"excerpt":{"rendered":"<p>Wszelkie prawa zastrze\u017cone dla: HeliQopter Services Oder 20 - Postbus E7710 2491 DC Izba Handlowa w Hadze: 56385404 Nr VAT: NL002147396B80 Og\u00f3lne Warunki Artyku\u0142 1 Definicje i zastosowanie W niniejszych Og\u00f3lnych Warunkach zastosowanie maj\u0105 nast\u0119puj\u0105ce definicje: HeliQopter Services, RondvluchtHelikopter.nl lub 123Helikoptervluchten: \"my\" i \"nas\"; Klient: ka\u017cdy nasz klient, b\u0119d\u0105cy klientem lub najemc\u0105. Operator: ka\u017cdy klient [...]<\/p>","protected":false},"author":10,"featured_media":0,"parent":0,"menu_order":0,"comment_status":"closed","ping_status":"closed","template":"","meta":{"_acf_changed":false,"footnotes":""},"class_list":["post-12898","page","type-page","status-publish","hentry"],"acf":[],"_links":{"self":[{"href":"https:\/\/123helikoptervluchten.nl\/pl\/wp-json\/wp\/v2\/pages\/12898","targetHints":{"allow":["GET"]}}],"collection":[{"href":"https:\/\/123helikoptervluchten.nl\/pl\/wp-json\/wp\/v2\/pages"}],"about":[{"href":"https:\/\/123helikoptervluchten.nl\/pl\/wp-json\/wp\/v2\/types\/page"}],"author":[{"embeddable":true,"href":"https:\/\/123helikoptervluchten.nl\/pl\/wp-json\/wp\/v2\/users\/10"}],"replies":[{"embeddable":true,"href":"https:\/\/123helikoptervluchten.nl\/pl\/wp-json\/wp\/v2\/comments?post=12898"}],"version-history":[{"count":0,"href":"https:\/\/123helikoptervluchten.nl\/pl\/wp-json\/wp\/v2\/pages\/12898\/revisions"}],"wp:attachment":[{"href":"https:\/\/123helikoptervluchten.nl\/pl\/wp-json\/wp\/v2\/media?parent=12898"}],"curies":[{"name":"wp","href":"https:\/\/api.w.org\/{rel}","templated":true}]}}