{"id":9893,"date":"2018-12-13T20:06:14","date_gmt":"2018-12-13T19:06:14","guid":{"rendered":"https:\/\/123helikoptervluchten.nl\/product\/cadeaubon-helikopter\/"},"modified":"2025-05-02T00:14:55","modified_gmt":"2025-05-01T22:14:55","slug":"cheque-cadeau-helicoptere","status":"publish","type":"product","link":"https:\/\/123helikoptervluchten.nl\/fr\/bons\/bon-helicoptere\/","title":{"rendered":"Bon \ud83c\udf89"},"excerpt":{"rendered":"<p>Choisissez ci-dessous la valeur du bon. Vous pouvez d\u00e9terminer ce montant vous-m\u00eame. Apr\u00e8s l'achat, vous recevrez un joli bon avec votre valeur, un code de r\u00e9duction et des instructions. Vous pouvez ensuite l'imprimer, \u00e9crire un message personnel si vous le souhaitez et il sera joliment d\u00e9cor\u00e9 d'un certain nombre de photos d'h\u00e9licopt\u00e8res. Un bon est valable 1 an et peut \u00eatre d\u00e9pens\u00e9 dans notre boutique en ligne pour acheter un vol ou une le\u00e7on d'h\u00e9licopt\u00e8re.<\/p>","protected":false},"featured_media":18625,"template":"","meta":{"_acf_changed":false},"product_brand":[],"product_cat":[34],"product_tag":[],"class_list":{"0":"post-9893","1":"product","2":"type-product","3":"status-publish","4":"has-post-thumbnail","6":"product_cat-waardebonnen","7":"tm-no-options","9":"first","10":"instock","11":"virtual","12":"sold-individually","13":"taxable","14":"purchasable","15":"product-type-simple"},"acf":[],"gallery_images":[],"_links":{"self":[{"href":"https:\/\/123helikoptervluchten.nl\/fr\/wp-json\/wp\/v2\/product\/9893","targetHints":{"allow":["GET"]}}],"collection":[{"href":"https:\/\/123helikoptervluchten.nl\/fr\/wp-json\/wp\/v2\/product"}],"about":[{"href":"https:\/\/123helikoptervluchten.nl\/fr\/wp-json\/wp\/v2\/types\/product"}],"wp:featuredmedia":[{"embeddable":true,"href":"https:\/\/123helikoptervluchten.nl\/fr\/wp-json\/wp\/v2\/media\/18625"}],"wp:attachment":[{"href":"https:\/\/123helikoptervluchten.nl\/fr\/wp-json\/wp\/v2\/media?parent=9893"}],"wp:term":[{"taxonomy":"product_brand","embeddable":true,"href":"https:\/\/123helikoptervluchten.nl\/fr\/wp-json\/wp\/v2\/product_brand?post=9893"},{"taxonomy":"product_cat","embeddable":true,"href":"https:\/\/123helikoptervluchten.nl\/fr\/wp-json\/wp\/v2\/product_cat?post=9893"},{"taxonomy":"product_tag","embeddable":true,"href":"https:\/\/123helikoptervluchten.nl\/fr\/wp-json\/wp\/v2\/product_tag?post=9893"}],"curies":[{"name":"wp","href":"https:\/\/api.w.org\/{rel}","templated":true}]}}