{"id":9495,"date":"2018-09-27T17:13:07","date_gmt":"2018-09-27T15:13:07","guid":{"rendered":"https:\/\/123helikoptervluchten.nl\/product\/flight-crew-kleine-sleutelhanger\/"},"modified":"2025-10-15T20:23:47","modified_gmt":"2025-10-15T18:23:47","slug":"petit-porte-cles-pour-le-personnel-navigant","status":"publish","type":"product","link":"https:\/\/123helikoptervluchten.nl\/fr\/porte-cles\/petit-porte-cles-pour-le-personnel-navigant\/","title":{"rendered":"Personnel navigant"},"excerpt":{"rendered":"<p>\u00c9quipage de vol - Porte-cl\u00e9s Cadeau<\/p>\n<p>Un beau compl\u00e9ment au vol en h\u00e9licopt\u00e8re comme cadeau pour lui ou pour elle.<\/p>","protected":false},"featured_media":13202,"template":"","meta":{"_acf_changed":false},"product_brand":[],"product_cat":[31],"product_tag":[],"class_list":{"0":"post-9495","1":"product","2":"type-product","3":"status-publish","4":"has-post-thumbnail","6":"product_cat-sleutelhanger","7":"tm-no-options","9":"first","10":"instock","11":"taxable","12":"shipping-taxable","13":"purchasable","14":"product-type-simple"},"acf":[],"gallery_images":[],"_links":{"self":[{"href":"https:\/\/123helikoptervluchten.nl\/fr\/wp-json\/wp\/v2\/product\/9495","targetHints":{"allow":["GET"]}}],"collection":[{"href":"https:\/\/123helikoptervluchten.nl\/fr\/wp-json\/wp\/v2\/product"}],"about":[{"href":"https:\/\/123helikoptervluchten.nl\/fr\/wp-json\/wp\/v2\/types\/product"}],"wp:featuredmedia":[{"embeddable":true,"href":"https:\/\/123helikoptervluchten.nl\/fr\/wp-json\/wp\/v2\/media\/13202"}],"wp:attachment":[{"href":"https:\/\/123helikoptervluchten.nl\/fr\/wp-json\/wp\/v2\/media?parent=9495"}],"wp:term":[{"taxonomy":"product_brand","embeddable":true,"href":"https:\/\/123helikoptervluchten.nl\/fr\/wp-json\/wp\/v2\/product_brand?post=9495"},{"taxonomy":"product_cat","embeddable":true,"href":"https:\/\/123helikoptervluchten.nl\/fr\/wp-json\/wp\/v2\/product_cat?post=9495"},{"taxonomy":"product_tag","embeddable":true,"href":"https:\/\/123helikoptervluchten.nl\/fr\/wp-json\/wp\/v2\/product_tag?post=9495"}],"curies":[{"name":"wp","href":"https:\/\/api.w.org\/{rel}","templated":true}]}}