{"id":9492,"date":"2018-09-27T17:06:45","date_gmt":"2018-09-27T15:06:45","guid":{"rendered":"https:\/\/123helikoptervluchten.nl\/product\/flight-crew-sleutelhanger\/"},"modified":"2025-03-05T01:08:34","modified_gmt":"2025-03-05T00:08:34","slug":"porte-cles-pour-le-personnel-navigant","status":"publish","type":"product","link":"https:\/\/123helikoptervluchten.nl\/fr\/porte-cles\/porte-cles-pour-le-personnel-navigant\/","title":{"rendered":"Personnel navigant L"},"excerpt":{"rendered":"<p>\u00c9quipage de vol - Porte-cl\u00e9s Cadeau<\/p>\n<p>Un beau compl\u00e9ment au vol en h\u00e9licopt\u00e8re comme cadeau pour lui ou pour elle.<\/p>","protected":false},"featured_media":14769,"template":"","meta":{"_acf_changed":false},"product_brand":[],"product_cat":[31],"product_tag":[],"class_list":{"0":"post-9492","1":"product","2":"type-product","3":"status-publish","4":"has-post-thumbnail","6":"product_cat-sleutelhanger","7":"tm-no-options","9":"first","10":"instock","11":"taxable","12":"shipping-taxable","13":"purchasable","14":"product-type-simple"},"acf":[],"gallery_images":[],"_links":{"self":[{"href":"https:\/\/123helikoptervluchten.nl\/fr\/wp-json\/wp\/v2\/product\/9492","targetHints":{"allow":["GET"]}}],"collection":[{"href":"https:\/\/123helikoptervluchten.nl\/fr\/wp-json\/wp\/v2\/product"}],"about":[{"href":"https:\/\/123helikoptervluchten.nl\/fr\/wp-json\/wp\/v2\/types\/product"}],"wp:featuredmedia":[{"embeddable":true,"href":"https:\/\/123helikoptervluchten.nl\/fr\/wp-json\/wp\/v2\/media\/14769"}],"wp:attachment":[{"href":"https:\/\/123helikoptervluchten.nl\/fr\/wp-json\/wp\/v2\/media?parent=9492"}],"wp:term":[{"taxonomy":"product_brand","embeddable":true,"href":"https:\/\/123helikoptervluchten.nl\/fr\/wp-json\/wp\/v2\/product_brand?post=9492"},{"taxonomy":"product_cat","embeddable":true,"href":"https:\/\/123helikoptervluchten.nl\/fr\/wp-json\/wp\/v2\/product_cat?post=9492"},{"taxonomy":"product_tag","embeddable":true,"href":"https:\/\/123helikoptervluchten.nl\/fr\/wp-json\/wp\/v2\/product_tag?post=9492"}],"curies":[{"name":"wp","href":"https:\/\/api.w.org\/{rel}","templated":true}]}}