{"id":7285,"date":"2017-10-20T19:03:47","date_gmt":"2017-10-20T18:03:47","guid":{"rendered":"https:\/\/123helikoptervluchten.nl\/product\/helikoptervlucht-barneveld\/"},"modified":"2023-11-28T18:41:04","modified_gmt":"2023-11-28T17:41:04","slug":"vol-en-helicoptere-barneveld","status":"publish","type":"product","link":"https:\/\/123helikoptervluchten.nl\/fr\/helikoptervlucht\/barneveld\/","title":{"rendered":"Vol en h\u00e9licopt\u00e8re Barneveld"},"excerpt":{"rendered":"<p>Envie d'un vol en h\u00e9licopt\u00e8re au-dessus de Barneveld et de ses environs ? C'est possible pour 1 \u00e0 8 personnes avec un vol aller-retour de 15 ou 30 minutes. Apr\u00e8s la commande, vous pouvez choisir la date au moment de l'enregistrement.<\/p>","protected":false},"featured_media":14758,"template":"","meta":{"_acf_changed":false},"product_brand":[],"product_cat":[28],"product_tag":[],"class_list":{"0":"post-7285","1":"product","2":"type-product","3":"status-publish","4":"has-post-thumbnail","6":"product_cat-helikoptervlucht","7":"tm-no-options","9":"first","10":"instock","11":"virtual","12":"taxable","13":"purchasable","14":"product-type-simple"},"acf":[],"gallery_images":[],"_links":{"self":[{"href":"https:\/\/123helikoptervluchten.nl\/fr\/wp-json\/wp\/v2\/product\/7285","targetHints":{"allow":["GET"]}}],"collection":[{"href":"https:\/\/123helikoptervluchten.nl\/fr\/wp-json\/wp\/v2\/product"}],"about":[{"href":"https:\/\/123helikoptervluchten.nl\/fr\/wp-json\/wp\/v2\/types\/product"}],"wp:featuredmedia":[{"embeddable":true,"href":"https:\/\/123helikoptervluchten.nl\/fr\/wp-json\/wp\/v2\/media\/14758"}],"wp:attachment":[{"href":"https:\/\/123helikoptervluchten.nl\/fr\/wp-json\/wp\/v2\/media?parent=7285"}],"wp:term":[{"taxonomy":"product_brand","embeddable":true,"href":"https:\/\/123helikoptervluchten.nl\/fr\/wp-json\/wp\/v2\/product_brand?post=7285"},{"taxonomy":"product_cat","embeddable":true,"href":"https:\/\/123helikoptervluchten.nl\/fr\/wp-json\/wp\/v2\/product_cat?post=7285"},{"taxonomy":"product_tag","embeddable":true,"href":"https:\/\/123helikoptervluchten.nl\/fr\/wp-json\/wp\/v2\/product_tag?post=7285"}],"curies":[{"name":"wp","href":"https:\/\/api.w.org\/{rel}","templated":true}]}}