{"id":6643,"date":"2017-04-21T18:58:18","date_gmt":"2017-04-21T16:58:18","guid":{"rendered":"https:\/\/123helikoptervluchten.nl\/product\/helikoptervlucht-ede-wageningen\/"},"modified":"2023-06-26T22:11:25","modified_gmt":"2023-06-26T20:11:25","slug":"vol-en-helicoptere-ede-wageningen","status":"publish","type":"product","link":"https:\/\/123helikoptervluchten.nl\/fr\/helikoptervlucht\/ede-wageningen\/","title":{"rendered":"Vol en h\u00e9licopt\u00e8re Ede-Wageningen"},"excerpt":{"rendered":"<p>Faites un vol en h\u00e9licopt\u00e8re depuis l'h\u00e9liport priv\u00e9 de Harskamp jusqu'\u00e0 Ede-Wageningen. Ce vol est possible pour 3, 4 ou 5 personnes. Apr\u00e8s le vol touristique, vous reviendrez \u00e0 l'h\u00e9liport.<\/p>","protected":false},"featured_media":14758,"template":"","meta":{"_acf_changed":false},"product_brand":[],"product_cat":[28],"product_tag":[30],"class_list":{"0":"post-6643","1":"product","2":"type-product","3":"status-publish","4":"has-post-thumbnail","6":"product_cat-helikoptervlucht","7":"product_tag-new-arrivals","8":"tm-no-options","10":"first","11":"instock","12":"virtual","13":"taxable","14":"product-type-simple"},"acf":[],"gallery_images":[18497,18496,18495,14710,14719],"_links":{"self":[{"href":"https:\/\/123helikoptervluchten.nl\/fr\/wp-json\/wp\/v2\/product\/6643","targetHints":{"allow":["GET"]}}],"collection":[{"href":"https:\/\/123helikoptervluchten.nl\/fr\/wp-json\/wp\/v2\/product"}],"about":[{"href":"https:\/\/123helikoptervluchten.nl\/fr\/wp-json\/wp\/v2\/types\/product"}],"wp:featuredmedia":[{"embeddable":true,"href":"https:\/\/123helikoptervluchten.nl\/fr\/wp-json\/wp\/v2\/media\/14758"}],"wp:attachment":[{"href":"https:\/\/123helikoptervluchten.nl\/fr\/wp-json\/wp\/v2\/media?parent=6643"}],"wp:term":[{"taxonomy":"product_brand","embeddable":true,"href":"https:\/\/123helikoptervluchten.nl\/fr\/wp-json\/wp\/v2\/product_brand?post=6643"},{"taxonomy":"product_cat","embeddable":true,"href":"https:\/\/123helikoptervluchten.nl\/fr\/wp-json\/wp\/v2\/product_cat?post=6643"},{"taxonomy":"product_tag","embeddable":true,"href":"https:\/\/123helikoptervluchten.nl\/fr\/wp-json\/wp\/v2\/product_tag?post=6643"}],"curies":[{"name":"wp","href":"https:\/\/api.w.org\/{rel}","templated":true}]}}