{"id":6438,"date":"2017-03-30T09:43:44","date_gmt":"2017-03-30T07:43:44","guid":{"rendered":"https:\/\/123helikoptervluchten.nl\/product\/helikoptervlucht-tilburg\/"},"modified":"2024-05-03T18:23:00","modified_gmt":"2024-05-03T16:23:00","slug":"vol-en-helicoptere-tilburg","status":"publish","type":"product","link":"https:\/\/123helikoptervluchten.nl\/fr\/helikoptervlucht\/tilburg\/","title":{"rendered":"Vol en h\u00e9licopt\u00e8re Tilburg"},"excerpt":{"rendered":"<p>R\u00e9servez un vol en h\u00e9licopt\u00e8re \u00e0 Tilburg et d\u00e9couvrez les environs de Tilburg ? C'est possible pour 4 personnes \u00e0 partir d'un vol touristique en h\u00e9licopt\u00e8re de 10 minutes. Il s'agit d'un vol priv\u00e9 et aucune autre personne ne montera \u00e0 bord. Les vols ont lieu \u00e0 des dates fixes.<\/p>","protected":false},"featured_media":14758,"template":"","meta":{"_acf_changed":false},"product_brand":[],"product_cat":[28,18],"product_tag":[],"class_list":{"0":"post-6438","1":"product","2":"type-product","3":"status-publish","4":"has-post-thumbnail","6":"product_cat-helikoptervlucht","7":"product_cat-geen-categorie","8":"tm-no-options","10":"first","11":"instock","12":"virtual","13":"taxable","14":"purchasable","15":"product-type-simple"},"acf":[],"gallery_images":[],"_links":{"self":[{"href":"https:\/\/123helikoptervluchten.nl\/fr\/wp-json\/wp\/v2\/product\/6438","targetHints":{"allow":["GET"]}}],"collection":[{"href":"https:\/\/123helikoptervluchten.nl\/fr\/wp-json\/wp\/v2\/product"}],"about":[{"href":"https:\/\/123helikoptervluchten.nl\/fr\/wp-json\/wp\/v2\/types\/product"}],"wp:featuredmedia":[{"embeddable":true,"href":"https:\/\/123helikoptervluchten.nl\/fr\/wp-json\/wp\/v2\/media\/14758"}],"wp:attachment":[{"href":"https:\/\/123helikoptervluchten.nl\/fr\/wp-json\/wp\/v2\/media?parent=6438"}],"wp:term":[{"taxonomy":"product_brand","embeddable":true,"href":"https:\/\/123helikoptervluchten.nl\/fr\/wp-json\/wp\/v2\/product_brand?post=6438"},{"taxonomy":"product_cat","embeddable":true,"href":"https:\/\/123helikoptervluchten.nl\/fr\/wp-json\/wp\/v2\/product_cat?post=6438"},{"taxonomy":"product_tag","embeddable":true,"href":"https:\/\/123helikoptervluchten.nl\/fr\/wp-json\/wp\/v2\/product_tag?post=6438"}],"curies":[{"name":"wp","href":"https:\/\/api.w.org\/{rel}","templated":true}]}}