{"id":6378,"date":"2017-03-10T16:13:19","date_gmt":"2017-03-10T15:13:19","guid":{"rendered":"https:\/\/123helikoptervluchten.nl\/product\/helikoptervlucht-nijmegen\/"},"modified":"2024-05-03T18:23:21","modified_gmt":"2024-05-03T16:23:21","slug":"vol-en-helicoptere-nijmegen","status":"publish","type":"product","link":"https:\/\/123helikoptervluchten.nl\/fr\/helikoptervlucht\/nijmegen\/","title":{"rendered":"Vol en h\u00e9licopt\u00e8re Nijmegen"},"excerpt":{"rendered":"<p>R\u00e9servez un vol en h\u00e9licopt\u00e8re \u00e0 Nim\u00e8gue et d\u00e9couvrez les environs de Nim\u00e8gue ? C'est possible pour 4 personnes \u00e0 partir d'un vol touristique de 10 minutes. Il s'agit d'un vol priv\u00e9 et aucune autre personne ne montera \u00e0 bord. Les vols ont lieu \u00e0 des dates fixes.<\/p>","protected":false},"featured_media":14758,"template":"","meta":{"_acf_changed":false},"product_brand":[],"product_cat":[28],"product_tag":[],"class_list":{"0":"post-6378","1":"product","2":"type-product","3":"status-publish","4":"has-post-thumbnail","6":"product_cat-helikoptervlucht","7":"tm-no-options","9":"first","10":"instock","11":"virtual","12":"taxable","13":"purchasable","14":"product-type-simple"},"acf":[],"gallery_images":[],"_links":{"self":[{"href":"https:\/\/123helikoptervluchten.nl\/fr\/wp-json\/wp\/v2\/product\/6378","targetHints":{"allow":["GET"]}}],"collection":[{"href":"https:\/\/123helikoptervluchten.nl\/fr\/wp-json\/wp\/v2\/product"}],"about":[{"href":"https:\/\/123helikoptervluchten.nl\/fr\/wp-json\/wp\/v2\/types\/product"}],"wp:featuredmedia":[{"embeddable":true,"href":"https:\/\/123helikoptervluchten.nl\/fr\/wp-json\/wp\/v2\/media\/14758"}],"wp:attachment":[{"href":"https:\/\/123helikoptervluchten.nl\/fr\/wp-json\/wp\/v2\/media?parent=6378"}],"wp:term":[{"taxonomy":"product_brand","embeddable":true,"href":"https:\/\/123helikoptervluchten.nl\/fr\/wp-json\/wp\/v2\/product_brand?post=6378"},{"taxonomy":"product_cat","embeddable":true,"href":"https:\/\/123helikoptervluchten.nl\/fr\/wp-json\/wp\/v2\/product_cat?post=6378"},{"taxonomy":"product_tag","embeddable":true,"href":"https:\/\/123helikoptervluchten.nl\/fr\/wp-json\/wp\/v2\/product_tag?post=6378"}],"curies":[{"name":"wp","href":"https:\/\/api.w.org\/{rel}","templated":true}]}}