{"id":6369,"date":"2017-03-09T17:32:11","date_gmt":"2017-03-09T16:32:11","guid":{"rendered":"https:\/\/123helikoptervluchten.nl\/product\/helikopter-proefles-1-persoon\/"},"modified":"2026-01-28T10:07:29","modified_gmt":"2026-01-28T09:07:29","slug":"hilversum","status":"publish","type":"product","link":"https:\/\/123helikoptervluchten.nl\/fr\/helikopterles\/hilversum\/","title":{"rendered":"Vol d'initiation Hilversum"},"excerpt":{"rendered":"<p>Vous avez toujours voulu savoir comment on pilote un h\u00e9licopt\u00e8re ? Vous pouvez le faire lors d'un vol d'initiation au d\u00e9part de l'a\u00e9roport d'Hilversum, qui est le plus central, le plus \u00e9conomique et le plus s\u00fbr. <strong>les plus vendus.<\/strong><\/p>","protected":false},"featured_media":14756,"template":"","meta":{"_acf_changed":false},"product_brand":[],"product_cat":[48],"product_tag":[],"class_list":{"0":"post-6369","1":"product","2":"type-product","3":"status-publish","4":"has-post-thumbnail","6":"product_cat-introductievlucht","7":"tm-no-options","9":"first","10":"instock","11":"virtual","12":"taxable","13":"purchasable","14":"product-type-simple"},"acf":[],"gallery_images":[18234,12927,12946,17583],"_links":{"self":[{"href":"https:\/\/123helikoptervluchten.nl\/fr\/wp-json\/wp\/v2\/product\/6369","targetHints":{"allow":["GET"]}}],"collection":[{"href":"https:\/\/123helikoptervluchten.nl\/fr\/wp-json\/wp\/v2\/product"}],"about":[{"href":"https:\/\/123helikoptervluchten.nl\/fr\/wp-json\/wp\/v2\/types\/product"}],"wp:featuredmedia":[{"embeddable":true,"href":"https:\/\/123helikoptervluchten.nl\/fr\/wp-json\/wp\/v2\/media\/14756"}],"wp:attachment":[{"href":"https:\/\/123helikoptervluchten.nl\/fr\/wp-json\/wp\/v2\/media?parent=6369"}],"wp:term":[{"taxonomy":"product_brand","embeddable":true,"href":"https:\/\/123helikoptervluchten.nl\/fr\/wp-json\/wp\/v2\/product_brand?post=6369"},{"taxonomy":"product_cat","embeddable":true,"href":"https:\/\/123helikoptervluchten.nl\/fr\/wp-json\/wp\/v2\/product_cat?post=6369"},{"taxonomy":"product_tag","embeddable":true,"href":"https:\/\/123helikoptervluchten.nl\/fr\/wp-json\/wp\/v2\/product_tag?post=6369"}],"curies":[{"name":"wp","href":"https:\/\/api.w.org\/{rel}","templated":true}]}}