{"id":6362,"date":"2017-03-09T16:06:51","date_gmt":"2017-03-09T15:06:51","guid":{"rendered":"https:\/\/123helikoptervluchten.nl\/product\/helikoptervlucht-hilversum\/"},"modified":"2026-03-30T13:03:29","modified_gmt":"2026-03-30T11:03:29","slug":"vol-en-helicoptere-hilversum","status":"publish","type":"product","link":"https:\/\/123helikoptervluchten.nl\/fr\/helikoptervlucht\/hilversum\/","title":{"rendered":"Vol en h\u00e9licopt\u00e8re Hilversum"},"excerpt":{"rendered":"<p>Cr\u00e9er une exp\u00e9rience inoubliable <strong>vol en h\u00e9licopt\u00e8re Hilversum<\/strong>D\u00e9part de l'a\u00e9roport situ\u00e9 au centre de la ville.<br \/>\nPrenez l'avion \u00e0 partir de Hilversum et d\u00e9couvrez non seulement, par exemple, les <strong>Lacs de Loosdrecht<\/strong> et <strong>Naarden<\/strong>mais aussi n'importe quel autre endroit aux Pays-Bas. Ces vols priv\u00e9s sont <strong>avantageux, flexible et exclusif pour vous<\/strong>!<\/p>","protected":false},"featured_media":14756,"template":"","meta":{"_acf_changed":false},"product_brand":[],"product_cat":[28],"product_tag":[],"class_list":{"0":"post-6362","1":"product","2":"type-product","3":"status-publish","4":"has-post-thumbnail","6":"product_cat-helikoptervlucht","7":"tm-no-options","9":"first","10":"instock","11":"virtual","12":"taxable","13":"purchasable","14":"product-type-simple"},"acf":[],"gallery_images":[17579,17578,17457,17445,12946,17583,17584,17585,17582,18462],"_links":{"self":[{"href":"https:\/\/123helikoptervluchten.nl\/fr\/wp-json\/wp\/v2\/product\/6362","targetHints":{"allow":["GET"]}}],"collection":[{"href":"https:\/\/123helikoptervluchten.nl\/fr\/wp-json\/wp\/v2\/product"}],"about":[{"href":"https:\/\/123helikoptervluchten.nl\/fr\/wp-json\/wp\/v2\/types\/product"}],"wp:featuredmedia":[{"embeddable":true,"href":"https:\/\/123helikoptervluchten.nl\/fr\/wp-json\/wp\/v2\/media\/14756"}],"wp:attachment":[{"href":"https:\/\/123helikoptervluchten.nl\/fr\/wp-json\/wp\/v2\/media?parent=6362"}],"wp:term":[{"taxonomy":"product_brand","embeddable":true,"href":"https:\/\/123helikoptervluchten.nl\/fr\/wp-json\/wp\/v2\/product_brand?post=6362"},{"taxonomy":"product_cat","embeddable":true,"href":"https:\/\/123helikoptervluchten.nl\/fr\/wp-json\/wp\/v2\/product_cat?post=6362"},{"taxonomy":"product_tag","embeddable":true,"href":"https:\/\/123helikoptervluchten.nl\/fr\/wp-json\/wp\/v2\/product_tag?post=6362"}],"curies":[{"name":"wp","href":"https:\/\/api.w.org\/{rel}","templated":true}]}}