{"id":6283,"date":"2017-02-27T18:20:13","date_gmt":"2017-02-27T17:20:13","guid":{"rendered":"https:\/\/123helikoptervluchten.nl\/product\/helikoptervlucht-amersfoort\/"},"modified":"2025-05-01T18:49:24","modified_gmt":"2025-05-01T16:49:24","slug":"vol-en-helicoptere-amersfoort","status":"publish","type":"product","link":"https:\/\/123helikoptervluchten.nl\/fr\/helikoptervlucht\/amersfoort\/","title":{"rendered":"Vol en h\u00e9licopt\u00e8re Amersfoort"},"excerpt":{"rendered":"<p>Faites un vol en h\u00e9licopt\u00e8re depuis l'h\u00e9liport priv\u00e9 de Harskamp jusqu'\u00e0 Amersfoort. Ce vol est possible pour 3, 4 ou 5 personnes. Apr\u00e8s le vol touristique, vous reviendrez \u00e0 l'h\u00e9liport.<\/p>","protected":false},"featured_media":14758,"template":"","meta":{"_acf_changed":false},"product_brand":[],"product_cat":[28],"product_tag":[],"class_list":{"0":"post-6283","1":"product","2":"type-product","3":"status-publish","4":"has-post-thumbnail","6":"product_cat-helikoptervlucht","7":"tm-no-options","9":"first","10":"instock","11":"virtual","12":"taxable","13":"purchasable","14":"product-type-simple"},"acf":[],"gallery_images":[18497,18496,18495,14719,14710],"_links":{"self":[{"href":"https:\/\/123helikoptervluchten.nl\/fr\/wp-json\/wp\/v2\/product\/6283","targetHints":{"allow":["GET"]}}],"collection":[{"href":"https:\/\/123helikoptervluchten.nl\/fr\/wp-json\/wp\/v2\/product"}],"about":[{"href":"https:\/\/123helikoptervluchten.nl\/fr\/wp-json\/wp\/v2\/types\/product"}],"wp:featuredmedia":[{"embeddable":true,"href":"https:\/\/123helikoptervluchten.nl\/fr\/wp-json\/wp\/v2\/media\/14758"}],"wp:attachment":[{"href":"https:\/\/123helikoptervluchten.nl\/fr\/wp-json\/wp\/v2\/media?parent=6283"}],"wp:term":[{"taxonomy":"product_brand","embeddable":true,"href":"https:\/\/123helikoptervluchten.nl\/fr\/wp-json\/wp\/v2\/product_brand?post=6283"},{"taxonomy":"product_cat","embeddable":true,"href":"https:\/\/123helikoptervluchten.nl\/fr\/wp-json\/wp\/v2\/product_cat?post=6283"},{"taxonomy":"product_tag","embeddable":true,"href":"https:\/\/123helikoptervluchten.nl\/fr\/wp-json\/wp\/v2\/product_tag?post=6283"}],"curies":[{"name":"wp","href":"https:\/\/api.w.org\/{rel}","templated":true}]}}