{"id":6149,"date":"2017-02-23T16:06:59","date_gmt":"2017-02-23T15:06:59","guid":{"rendered":"https:\/\/123helikoptervluchten.nl\/product\/helikoptervlucht-venlo\/"},"modified":"2023-06-26T21:59:48","modified_gmt":"2023-06-26T19:59:48","slug":"vol-en-helicoptere-veenendaal","status":"publish","type":"product","link":"https:\/\/123helikoptervluchten.nl\/fr\/helikoptervlucht\/veenendaal\/","title":{"rendered":"Vol en h\u00e9licopt\u00e8re Veenendaal"},"excerpt":{"rendered":"<p>Faites un vol en h\u00e9licopt\u00e8re depuis l'h\u00e9liport priv\u00e9 de Harskamp jusqu'\u00e0 Veenendaal. Ce vol est possible pour 3, 4 ou 5 personnes. Apr\u00e8s le vol touristique, vous reviendrez \u00e0 l'h\u00e9liport.<\/p>","protected":false},"featured_media":14758,"template":"","meta":{"_acf_changed":false},"product_brand":[],"product_cat":[28],"product_tag":[],"class_list":{"0":"post-6149","1":"product","2":"type-product","3":"status-publish","4":"has-post-thumbnail","6":"product_cat-helikoptervlucht","7":"tm-no-options","9":"first","10":"instock","11":"virtual","12":"taxable","13":"purchasable","14":"product-type-simple"},"acf":[],"gallery_images":[18497,18496,18495,14710,14787,14719],"_links":{"self":[{"href":"https:\/\/123helikoptervluchten.nl\/fr\/wp-json\/wp\/v2\/product\/6149","targetHints":{"allow":["GET"]}}],"collection":[{"href":"https:\/\/123helikoptervluchten.nl\/fr\/wp-json\/wp\/v2\/product"}],"about":[{"href":"https:\/\/123helikoptervluchten.nl\/fr\/wp-json\/wp\/v2\/types\/product"}],"wp:featuredmedia":[{"embeddable":true,"href":"https:\/\/123helikoptervluchten.nl\/fr\/wp-json\/wp\/v2\/media\/14758"}],"wp:attachment":[{"href":"https:\/\/123helikoptervluchten.nl\/fr\/wp-json\/wp\/v2\/media?parent=6149"}],"wp:term":[{"taxonomy":"product_brand","embeddable":true,"href":"https:\/\/123helikoptervluchten.nl\/fr\/wp-json\/wp\/v2\/product_brand?post=6149"},{"taxonomy":"product_cat","embeddable":true,"href":"https:\/\/123helikoptervluchten.nl\/fr\/wp-json\/wp\/v2\/product_cat?post=6149"},{"taxonomy":"product_tag","embeddable":true,"href":"https:\/\/123helikoptervluchten.nl\/fr\/wp-json\/wp\/v2\/product_tag?post=6149"}],"curies":[{"name":"wp","href":"https:\/\/api.w.org\/{rel}","templated":true}]}}