{"id":6043,"date":"2017-02-09T20:50:09","date_gmt":"2017-02-09T19:50:09","guid":{"rendered":"https:\/\/123helikoptervluchten.nl\/product\/helikoptervlucht-rotterdam\/"},"modified":"2025-06-10T15:59:04","modified_gmt":"2025-06-10T13:59:04","slug":"vol-en-helicoptere-rotterdam","status":"publish","type":"product","link":"https:\/\/123helikoptervluchten.nl\/fr\/helikoptervlucht\/rotterdam\/","title":{"rendered":"Vol en h\u00e9licopt\u00e8re \u00e0 Rotterdam"},"excerpt":{"rendered":"<p>D\u00e9couvrir <strong>Rotterdam<\/strong> de l'air \u00e0 l'aide d'un <strong>vol en h\u00e9licopt\u00e8re<\/strong>! Id\u00e9al pour 1 \u00e0 6 personnes. Comme il n'y a pas d'h\u00e9licopt\u00e8res commerciaux disponibles pour les vols touristiques autour de Rotterdam, nous vous invitons \u00e0 l'a\u00e9roport d'Hilversum. De l\u00e0, nous ferons un tour \u00e0 couper le souffle au-dessus de la belle ville de Rotterdam et de ses environs, avant de retourner \u00e0 Hilversum.<\/p>","protected":false},"featured_media":17582,"template":"","meta":{"_acf_changed":false},"product_brand":[],"product_cat":[28,18],"product_tag":[],"class_list":{"0":"post-6043","1":"product","2":"type-product","3":"status-publish","4":"has-post-thumbnail","6":"product_cat-helikoptervlucht","7":"product_cat-geen-categorie","8":"tm-no-options","10":"first","11":"instock","12":"virtual","13":"taxable","14":"purchasable","15":"product-type-simple"},"acf":[],"gallery_images":[],"_links":{"self":[{"href":"https:\/\/123helikoptervluchten.nl\/fr\/wp-json\/wp\/v2\/product\/6043","targetHints":{"allow":["GET"]}}],"collection":[{"href":"https:\/\/123helikoptervluchten.nl\/fr\/wp-json\/wp\/v2\/product"}],"about":[{"href":"https:\/\/123helikoptervluchten.nl\/fr\/wp-json\/wp\/v2\/types\/product"}],"wp:featuredmedia":[{"embeddable":true,"href":"https:\/\/123helikoptervluchten.nl\/fr\/wp-json\/wp\/v2\/media\/17582"}],"wp:attachment":[{"href":"https:\/\/123helikoptervluchten.nl\/fr\/wp-json\/wp\/v2\/media?parent=6043"}],"wp:term":[{"taxonomy":"product_brand","embeddable":true,"href":"https:\/\/123helikoptervluchten.nl\/fr\/wp-json\/wp\/v2\/product_brand?post=6043"},{"taxonomy":"product_cat","embeddable":true,"href":"https:\/\/123helikoptervluchten.nl\/fr\/wp-json\/wp\/v2\/product_cat?post=6043"},{"taxonomy":"product_tag","embeddable":true,"href":"https:\/\/123helikoptervluchten.nl\/fr\/wp-json\/wp\/v2\/product_tag?post=6043"}],"curies":[{"name":"wp","href":"https:\/\/api.w.org\/{rel}","templated":true}]}}