{"id":5904,"date":"2017-01-26T17:52:15","date_gmt":"2017-01-26T17:52:15","guid":{"rendered":"https:\/\/123helikoptervluchten.nl\/product\/helikoptervlucht-amsterdam\/"},"modified":"2025-11-20T11:30:59","modified_gmt":"2025-11-20T10:30:59","slug":"vol-en-helicoptere-amsterdam","status":"publish","type":"product","link":"https:\/\/123helikoptervluchten.nl\/fr\/helikoptervlucht\/amsterdam\/","title":{"rendered":"Vol en h\u00e9licopt\u00e8re \u00e0 Amsterdam"},"excerpt":{"rendered":"<p>Vol en h\u00e9licopt\u00e8re au-dessus ou \u00e0 proximit\u00e9 d'Amsterdam pour 1 \u00e0 6 personnes ? C'est possible 7 jours par semaine. Le lieu de prise en charge est l'a\u00e9roport d'Hilversum. C'est le lieu le plus central, le plus \u00e9conomique et le plus flexible.<\/p>","protected":false},"featured_media":17504,"template":"","meta":{"_acf_changed":false},"product_brand":[],"product_cat":[28],"product_tag":[],"class_list":{"0":"post-5904","1":"product","2":"type-product","3":"status-publish","4":"has-post-thumbnail","6":"product_cat-helikoptervlucht","7":"tm-no-options","9":"first","10":"instock","11":"virtual","12":"taxable","13":"purchasable","14":"product-type-simple"},"acf":[],"gallery_images":[17444,17445,17446,17582],"_links":{"self":[{"href":"https:\/\/123helikoptervluchten.nl\/fr\/wp-json\/wp\/v2\/product\/5904","targetHints":{"allow":["GET"]}}],"collection":[{"href":"https:\/\/123helikoptervluchten.nl\/fr\/wp-json\/wp\/v2\/product"}],"about":[{"href":"https:\/\/123helikoptervluchten.nl\/fr\/wp-json\/wp\/v2\/types\/product"}],"wp:featuredmedia":[{"embeddable":true,"href":"https:\/\/123helikoptervluchten.nl\/fr\/wp-json\/wp\/v2\/media\/17504"}],"wp:attachment":[{"href":"https:\/\/123helikoptervluchten.nl\/fr\/wp-json\/wp\/v2\/media?parent=5904"}],"wp:term":[{"taxonomy":"product_brand","embeddable":true,"href":"https:\/\/123helikoptervluchten.nl\/fr\/wp-json\/wp\/v2\/product_brand?post=5904"},{"taxonomy":"product_cat","embeddable":true,"href":"https:\/\/123helikoptervluchten.nl\/fr\/wp-json\/wp\/v2\/product_cat?post=5904"},{"taxonomy":"product_tag","embeddable":true,"href":"https:\/\/123helikoptervluchten.nl\/fr\/wp-json\/wp\/v2\/product_tag?post=5904"}],"curies":[{"name":"wp","href":"https:\/\/api.w.org\/{rel}","templated":true}]}}