{"id":20750,"date":"2025-08-19T16:37:41","date_gmt":"2025-08-19T14:37:41","guid":{"rendered":"https:\/\/123helikoptervluchten.nl\/?post_type=product&#038;p=20750"},"modified":"2025-08-19T18:05:19","modified_gmt":"2025-08-19T16:05:19","slug":"vol-en-helicoptere-dakar","status":"publish","type":"product","link":"https:\/\/123helikoptervluchten.nl\/fr\/helikoptervlucht\/dakar\/","title":{"rendered":"Vol en h\u00e9licopt\u00e8re \u00e0 Dakar"},"excerpt":{"rendered":"<p>Choisissez un s\u00e9jour inoubliable <strong data-start=\"122\" data-end=\"148\" data-is-only-node=\"\">vol en h\u00e9licopt\u00e8re Dakar<\/strong>un transfert de luxe vers <strong data-start=\"173\" data-end=\"181\">Saly<\/strong> ou une exclusivit\u00e9 <strong data-start=\"200\" data-end=\"218\">Dakar Sky Tour<\/strong>. Avec le <strong data-start=\"227\" data-end=\"247\">H\u00e9licopt\u00e8re AS350<\/strong> (5 passagers) b\u00e9n\u00e9ficient de la vitesse et du confort, parfaits pour les vols touristiques ou les transferts VIP \u00e0 partir de <strong data-start=\"347\" data-end=\"386\">A\u00e9roport international Blaise Diagne<\/strong>. Indiquez vos pr\u00e9f\u00e9rences et nous vous tiendrons inform\u00e9 d\u00e8s que ces vols en h\u00e9licopt\u00e8re seront \u00e0 nouveau disponibles.<\/p>","protected":false},"featured_media":0,"template":"","meta":{"_acf_changed":false},"product_brand":[],"product_cat":[28],"product_tag":[],"class_list":{"0":"post-20750","1":"product","2":"type-product","3":"status-publish","5":"product_cat-helikoptervlucht","6":"tm-no-options","8":"first","9":"instock","10":"virtual","11":"taxable","12":"purchasable","13":"product-type-simple"},"acf":[],"gallery_images":[14710],"_links":{"self":[{"href":"https:\/\/123helikoptervluchten.nl\/fr\/wp-json\/wp\/v2\/product\/20750","targetHints":{"allow":["GET"]}}],"collection":[{"href":"https:\/\/123helikoptervluchten.nl\/fr\/wp-json\/wp\/v2\/product"}],"about":[{"href":"https:\/\/123helikoptervluchten.nl\/fr\/wp-json\/wp\/v2\/types\/product"}],"wp:attachment":[{"href":"https:\/\/123helikoptervluchten.nl\/fr\/wp-json\/wp\/v2\/media?parent=20750"}],"wp:term":[{"taxonomy":"product_brand","embeddable":true,"href":"https:\/\/123helikoptervluchten.nl\/fr\/wp-json\/wp\/v2\/product_brand?post=20750"},{"taxonomy":"product_cat","embeddable":true,"href":"https:\/\/123helikoptervluchten.nl\/fr\/wp-json\/wp\/v2\/product_cat?post=20750"},{"taxonomy":"product_tag","embeddable":true,"href":"https:\/\/123helikoptervluchten.nl\/fr\/wp-json\/wp\/v2\/product_tag?post=20750"}],"curies":[{"name":"wp","href":"https:\/\/api.w.org\/{rel}","templated":true}]}}