{"id":20584,"date":"2025-08-01T15:49:25","date_gmt":"2025-08-01T13:49:25","guid":{"rendered":"https:\/\/123helikoptervluchten.nl\/?post_type=product&#038;p=20584"},"modified":"2025-11-20T16:31:29","modified_gmt":"2025-11-20T15:31:29","slug":"surclassement-de-30-minutes","status":"publish","type":"product","link":"https:\/\/123helikoptervluchten.nl\/fr\/helikoptervlucht\/surclassement-de-30-minutes-pour-le-2e-passager\/","title":{"rendered":"Surclassement de 30 minutes"},"excerpt":{"rendered":"<h3><strong>Prendre l'air ensemble ? <span class=\"blink\" style=\"color: #2644a1;\">Mettre \u00e0 niveau maintenant !<\/span><\/strong><\/h3>\n<p><br data-start=\"103\" data-end=\"106\" \/>Passez de 1 \u00e0 2 passagers et profitez ensemble d'un vol priv\u00e9 de 30 minutes au-dessus d'Hilversum. R\u00e9servez le surclassement d\u00e8s maintenant et partagez cette aventure unique !<\/p>\n<p><strong data-start=\"302\" data-end=\"313\">Remarque :<\/strong> le poids total des deux passagers ne doit pas d\u00e9passer les limites de la <strong data-start=\"371\" data-end=\"381\">180 kg<\/strong> sortir.<\/p>","protected":false},"featured_media":17504,"template":"","meta":{"_acf_changed":false},"product_brand":[],"product_cat":[28],"product_tag":[],"class_list":{"0":"post-20584","1":"product","2":"type-product","3":"status-publish","4":"has-post-thumbnail","6":"product_cat-helikoptervlucht","7":"tm-has-options","9":"first","10":"instock","11":"virtual","12":"sold-individually","13":"taxable","14":"purchasable","15":"product-type-simple"},"acf":[],"gallery_images":[],"_links":{"self":[{"href":"https:\/\/123helikoptervluchten.nl\/fr\/wp-json\/wp\/v2\/product\/20584","targetHints":{"allow":["GET"]}}],"collection":[{"href":"https:\/\/123helikoptervluchten.nl\/fr\/wp-json\/wp\/v2\/product"}],"about":[{"href":"https:\/\/123helikoptervluchten.nl\/fr\/wp-json\/wp\/v2\/types\/product"}],"wp:featuredmedia":[{"embeddable":true,"href":"https:\/\/123helikoptervluchten.nl\/fr\/wp-json\/wp\/v2\/media\/17504"}],"wp:attachment":[{"href":"https:\/\/123helikoptervluchten.nl\/fr\/wp-json\/wp\/v2\/media?parent=20584"}],"wp:term":[{"taxonomy":"product_brand","embeddable":true,"href":"https:\/\/123helikoptervluchten.nl\/fr\/wp-json\/wp\/v2\/product_brand?post=20584"},{"taxonomy":"product_cat","embeddable":true,"href":"https:\/\/123helikoptervluchten.nl\/fr\/wp-json\/wp\/v2\/product_cat?post=20584"},{"taxonomy":"product_tag","embeddable":true,"href":"https:\/\/123helikoptervluchten.nl\/fr\/wp-json\/wp\/v2\/product_tag?post=20584"}],"curies":[{"name":"wp","href":"https:\/\/api.w.org\/{rel}","templated":true}]}}