{"id":19125,"date":"2023-12-13T12:27:54","date_gmt":"2023-12-13T11:27:54","guid":{"rendered":"https:\/\/123helikoptervluchten.nl\/?post_type=product&#038;p=19125"},"modified":"2025-02-24T12:23:08","modified_gmt":"2025-02-24T11:23:08","slug":"annuleringsverzekering","status":"publish","type":"product","link":"https:\/\/123helikoptervluchten.nl\/fr\/annuleringsverzekering\/","title":{"rendered":"Assurance annulation"},"excerpt":{"rendered":"<h3><strong>Aucune assurance annulation n'a encore \u00e9t\u00e9 ajout\u00e9e ? <span class=\"blink\" style=\"color: #2644a1;\">Derni\u00e8re chance !<\/span><\/strong><\/h3>\n<p>&nbsp;<\/p>\n<p><strong>Restez flexible, r\u00e9servez la s\u00e9curit\u00e9 !<\/strong><br \/>\nAjoutez votre assurance annulation maintenant pour seulement <strong>\u20ac25,-<\/strong> (\u00e0 partir de <strong>\u20ac35,-<\/strong>) et assurez-vous que vous pouvez effectuer des changements jusqu'\u00e0 48 heures avant votre vol.<\/p>\n<p><strong>Bon r\u00e9serv\u00e9 ?<\/strong> Avec l'assurance annulation, vous n'offrez pas seulement un cadeau, mais aussi de la s\u00e9curit\u00e9 et de la flexibilit\u00e9 au b\u00e9n\u00e9ficiaire. Sans assurance, le vol ne peut pas \u00eatre reprogramm\u00e9 en cas de non-pr\u00e9sentation du b\u00e9n\u00e9ficiaire, et le cadeau ne peut donc pas \u00eatre utilis\u00e9.<\/p>","protected":false},"featured_media":19127,"template":"","meta":{"_acf_changed":false},"product_brand":[],"product_cat":[50],"product_tag":[],"class_list":{"0":"post-19125","1":"product","2":"type-product","3":"status-publish","4":"has-post-thumbnail","6":"product_cat-verzekering","7":"tm-has-options","9":"first","10":"instock","11":"virtual","12":"sold-individually","13":"taxable","14":"purchasable","15":"product-type-simple"},"acf":[],"gallery_images":[],"_links":{"self":[{"href":"https:\/\/123helikoptervluchten.nl\/fr\/wp-json\/wp\/v2\/product\/19125","targetHints":{"allow":["GET"]}}],"collection":[{"href":"https:\/\/123helikoptervluchten.nl\/fr\/wp-json\/wp\/v2\/product"}],"about":[{"href":"https:\/\/123helikoptervluchten.nl\/fr\/wp-json\/wp\/v2\/types\/product"}],"wp:featuredmedia":[{"embeddable":true,"href":"https:\/\/123helikoptervluchten.nl\/fr\/wp-json\/wp\/v2\/media\/19127"}],"wp:attachment":[{"href":"https:\/\/123helikoptervluchten.nl\/fr\/wp-json\/wp\/v2\/media?parent=19125"}],"wp:term":[{"taxonomy":"product_brand","embeddable":true,"href":"https:\/\/123helikoptervluchten.nl\/fr\/wp-json\/wp\/v2\/product_brand?post=19125"},{"taxonomy":"product_cat","embeddable":true,"href":"https:\/\/123helikoptervluchten.nl\/fr\/wp-json\/wp\/v2\/product_cat?post=19125"},{"taxonomy":"product_tag","embeddable":true,"href":"https:\/\/123helikoptervluchten.nl\/fr\/wp-json\/wp\/v2\/product_tag?post=19125"}],"curies":[{"name":"wp","href":"https:\/\/api.w.org\/{rel}","templated":true}]}}